{"id":2039,"date":"2016-06-11T14:25:44","date_gmt":"2016-06-11T14:25:44","guid":{"rendered":"https:\/\/demo.goodlayers.com\/infinite\/?page_id=2039"},"modified":"2025-05-08T09:24:24","modified_gmt":"2025-05-08T14:24:24","slug":"inicio","status":"publish","type":"page","link":"https:\/\/wptpower.com\/es\/","title":{"rendered":"Inicio"},"content":{"rendered":"<div data-elementor-type=\"wp-page\" data-elementor-id=\"2039\" class=\"elementor elementor-2039\" data-elementor-post-type=\"page\">\n\t\t\t\t<div class=\"elementor-element elementor-element-3abba7e e-flex e-con-boxed e-con e-parent\" data-id=\"3abba7e\" data-element_type=\"container\">\n\t\t\t\t\t<div class=\"e-con-inner\">\n\t\t\t\t<div class=\"elementor-element elementor-element-4727a1b elementor-hidden-mobile elementor--h-position-center elementor--v-position-middle elementor-arrows-position-inside elementor-widget elementor-widget-slides\" data-id=\"4727a1b\" data-element_type=\"widget\" data-settings=\"{&quot;transition&quot;:&quot;fade&quot;,&quot;navigation&quot;:&quot;arrows&quot;,&quot;autoplay&quot;:&quot;yes&quot;,&quot;pause_on_hover&quot;:&quot;yes&quot;,&quot;pause_on_interaction&quot;:&quot;yes&quot;,&quot;autoplay_speed&quot;:5000,&quot;infinite&quot;:&quot;yes&quot;,&quot;transition_speed&quot;:500}\" data-no-translation=\"\" data-widget_type=\"slides.default\">\n\t\t\t\t<div class=\"elementor-widget-container\">\n\t\t\t\t\t<style>.elementor-element-4727a1b{display:none !important}<\/style>\t\t\t\t<\/div>\n\t\t\t\t<\/div>\n\t\t\t\t<div class=\"elementor-element elementor-element-8a43949 elementor-hidden-mobile elementor--h-position-center elementor--v-position-middle elementor-arrows-position-inside elementor-widget elementor-widget-slides\" data-id=\"8a43949\" data-element_type=\"widget\" data-settings=\"{&quot;transition&quot;:&quot;fade&quot;,&quot;navigation&quot;:&quot;arrows&quot;,&quot;autoplay&quot;:&quot;yes&quot;,&quot;pause_on_hover&quot;:&quot;yes&quot;,&quot;pause_on_interaction&quot;:&quot;yes&quot;,&quot;autoplay_speed&quot;:5000,&quot;infinite&quot;:&quot;yes&quot;,&quot;transition_speed&quot;:500}\" data-widget_type=\"slides.default\">\n\t\t\t\t<div class=\"elementor-widget-container\">\n\t\t\t\t\t\t\t\t\t<div class=\"elementor-swiper\">\n\t\t\t\t\t<div class=\"elementor-slides-wrapper elementor-main-swiper swiper\" role=\"region\" aria-roledescription=\"carousel\" aria-label=\"Diapositivas\" dir=\"ltr\" data-animation=\"fadeInUp\">\n\t\t\t\t<div class=\"swiper-wrapper elementor-slides\">\n\t\t\t\t\t\t\t\t\t\t<div class=\"elementor-repeater-item-6d34d6a swiper-slide\" role=\"group\" aria-roledescription=\"slide\"><div class=\"swiper-slide-bg\" role=\"img\" aria-label=\"Tipos de PTO\"><\/div><a class=\"swiper-slide-inner\" href=\"https:\/\/wptpower.com\/es\/productos-accionados-por-motor\/\"><div class=\"swiper-slide-contents\"><\/div><\/a><\/div><div class=\"elementor-repeater-item-ae2a119 swiper-slide\" role=\"group\" aria-roledescription=\"slide\"><div class=\"swiper-slide-bg\" role=\"img\" aria-label=\"Embrague Neum\u00e1tico\"><\/div><a class=\"swiper-slide-inner\" href=\"https:\/\/wptpower.com\/es\/producto\/embragues-power-grip\/\"><div class=\"swiper-slide-contents\"><\/div><\/a><\/div><div class=\"elementor-repeater-item-1105c1c swiper-slide\" role=\"group\" aria-roledescription=\"slide\"><div class=\"swiper-slide-bg\" role=\"img\" aria-label=\"Embragues y Frenos Industriales de OEM\"><\/div><a class=\"swiper-slide-inner\" href=\"https:\/\/wptpower.com\/es\/products\/\"><div class=\"swiper-slide-contents\"><\/div><\/a><\/div><div class=\"elementor-repeater-item-d288699 swiper-slide\" role=\"group\" aria-roledescription=\"slide\"><div class=\"swiper-slide-bg\" role=\"img\" aria-label=\"Freno Refrigerado por Agua\"><\/div><a class=\"swiper-slide-inner\" href=\"https:\/\/wptpower.com\/es\/producto\/freno-refrigerado-por-agua\/\"><div class=\"swiper-slide-contents\"><\/div><\/a><\/div>\t\t\t\t<\/div>\n\t\t\t\t\t\t\t\t\t\t\t\t\t\t\t<div class=\"elementor-swiper-button elementor-swiper-button-prev\" role=\"button\" tabindex=\"0\" aria-label=\"Diapositiva anterior\">\n\t\t\t\t\t\t\t<svg aria-hidden=\"true\" class=\"e-font-icon-svg e-eicon-chevron-left\" viewbox=\"0 0 1000 1000\" xmlns=\"http:\/\/www.w3.org\/2000\/svg\"><path d=\"M646 125C629 125 613 133 604 142L308 442C296 454 292 471 292 487 292 504 296 521 308 533L604 854C617 867 629 875 646 875 663 875 679 871 692 858 704 846 713 829 713 812 713 796 708 779 692 767L438 487 692 225C700 217 708 204 708 187 708 171 704 154 692 142 675 129 663 125 646 125Z\"><\/path><\/svg>\t\t\t\t\t\t<\/div>\n\t\t\t\t\t\t<div class=\"elementor-swiper-button elementor-swiper-button-next\" role=\"button\" tabindex=\"0\" aria-label=\"Diapositiva siguiente\">\n\t\t\t\t\t\t\t<svg aria-hidden=\"true\" class=\"e-font-icon-svg e-eicon-chevron-right\" viewbox=\"0 0 1000 1000\" xmlns=\"http:\/\/www.w3.org\/2000\/svg\"><path d=\"M696 533C708 521 713 504 713 487 713 471 708 454 696 446L400 146C388 133 375 125 354 125 338 125 325 129 313 142 300 154 292 171 292 187 292 204 296 221 308 233L563 492 304 771C292 783 288 800 288 817 288 833 296 850 308 863 321 871 338 875 354 875 371 875 388 867 400 854L696 533Z\"><\/path><\/svg>\t\t\t\t\t\t<\/div>\n\t\t\t\t\t\t\t\t\t\t\t\t\t\t\t\t\t<\/div>\n\t\t\t\t<\/div>\n\t\t\t\t\t\t\t\t<\/div>\n\t\t\t\t<\/div>\n\t\t\t\t\t<\/div>\n\t\t\t\t<\/div>\n\t\t<div class=\"elementor-element elementor-element-6dd9763 e-flex e-con-boxed e-con e-parent\" data-id=\"6dd9763\" data-element_type=\"container\">\n\t\t\t\t\t<div class=\"e-con-inner\">\n\t\t<a class=\"elementor-element elementor-element-2125ad7 e-con-full e-flex e-con e-child\" data-id=\"2125ad7\" data-element_type=\"container\" data-settings=\"{&quot;background_background&quot;:&quot;classic&quot;}\" href=\"https:\/\/wptpower.com\/es\/embragues-industriales-neumaticos-hidraulicos\/\">\n\t\t\t\t<div class=\"elementor-element elementor-element-39041f9 elementor-widget elementor-widget-heading\" data-id=\"39041f9\" data-element_type=\"widget\" data-widget_type=\"heading.default\">\n\t\t\t\t<div class=\"elementor-widget-container\">\n\t\t\t\t\t<h2 class=\"elementor-heading-title elementor-size-default\">Embragues Industriales<\/h2>\t\t\t\t<\/div>\n\t\t\t\t<\/div>\n\t\t\t\t<div class=\"elementor-element elementor-element-e6563f9 elementor-widget elementor-widget-text-editor\" data-id=\"e6563f9\" data-element_type=\"widget\" data-widget_type=\"text-editor.default\">\n\t\t\t\t<div class=\"elementor-widget-container\">\n\t\t\t\t\t\t\t\t\t<p>Hidr\u00e1ulicos y Neum\u00e1ticos<\/p>\t\t\t\t\t\t\t\t<\/div>\n\t\t\t\t<\/div>\n\t\t\t\t<\/a>\n\t\t<a class=\"elementor-element elementor-element-afd96dc e-con-full e-flex e-con e-child\" data-id=\"afd96dc\" data-element_type=\"container\" data-settings=\"{&quot;background_background&quot;:&quot;classic&quot;}\" href=\"https:\/\/wptpower.com\/es\/frenos-industriales\/\">\n\t\t\t\t<div class=\"elementor-element elementor-element-c3449a1 elementor-widget elementor-widget-heading\" data-id=\"c3449a1\" data-element_type=\"widget\" data-widget_type=\"heading.default\">\n\t\t\t\t<div class=\"elementor-widget-container\">\n\t\t\t\t\t<h2 class=\"elementor-heading-title elementor-size-default\">Frenos Industriales<\/h2>\t\t\t\t<\/div>\n\t\t\t\t<\/div>\n\t\t\t\t<div class=\"elementor-element elementor-element-4fa2c7e elementor-widget elementor-widget-text-editor\" data-id=\"4fa2c7e\" data-element_type=\"widget\" data-widget_type=\"text-editor.default\">\n\t\t\t\t<div class=\"elementor-widget-container\">\n\t\t\t\t\t\t\t\t\t<p>Aplicaci\u00f3n de resortes, hidr\u00e1ulicos y neum\u00e1ticos<\/p>\t\t\t\t\t\t\t\t<\/div>\n\t\t\t\t<\/div>\n\t\t\t\t<\/a>\n\t\t<a class=\"elementor-element elementor-element-7c7d9be e-con-full e-flex e-con e-child\" data-id=\"7c7d9be\" data-element_type=\"container\" data-settings=\"{&quot;background_background&quot;:&quot;classic&quot;}\" href=\"https:\/\/wptpower.com\/es\/productos-accionados-por-motor\/\">\n\t\t\t\t<div class=\"elementor-element elementor-element-30669f8 elementor-widget elementor-widget-heading\" data-id=\"30669f8\" data-element_type=\"widget\" data-widget_type=\"heading.default\">\n\t\t\t\t<div class=\"elementor-widget-container\">\n\t\t\t\t\t<h2 class=\"elementor-heading-title elementor-size-default\">Productos Para Motores<\/h2>\t\t\t\t<\/div>\n\t\t\t\t<\/div>\n\t\t\t\t<div class=\"elementor-element elementor-element-2ede545 elementor-widget elementor-widget-text-editor\" data-id=\"2ede545\" data-element_type=\"widget\" data-widget_type=\"text-editor.default\">\n\t\t\t\t<div class=\"elementor-widget-container\">\n\t\t\t\t\t\t\t\t\t<p>Tomas de fuerza mec\u00e1nicos (PTO) y sistemas hidr\u00e1ulicos<\/p>\t\t\t\t\t\t\t\t<\/div>\n\t\t\t\t<\/div>\n\t\t\t\t<\/a>\n\t\t<a class=\"elementor-element elementor-element-224a9be e-con-full e-flex e-con e-child\" data-id=\"224a9be\" data-element_type=\"container\" data-settings=\"{&quot;background_background&quot;:&quot;classic&quot;}\" href=\"https:\/\/wptpower.com\/es\/winches-y-polipastos\/\">\n\t\t\t\t<div class=\"elementor-element elementor-element-17d64bf elementor-widget elementor-widget-heading\" data-id=\"17d64bf\" data-element_type=\"widget\" data-widget_type=\"heading.default\">\n\t\t\t\t<div class=\"elementor-widget-container\">\n\t\t\t\t\t<h2 class=\"elementor-heading-title elementor-size-default\">Winches y Polipastos<\/h2>\t\t\t\t<\/div>\n\t\t\t\t<\/div>\n\t\t\t\t<div class=\"elementor-element elementor-element-ede2a3a elementor-widget elementor-widget-text-editor\" data-id=\"ede2a3a\" data-element_type=\"widget\" data-widget_type=\"text-editor.default\">\n\t\t\t\t<div class=\"elementor-widget-container\">\n\t\t\t\t\t\t\t\t\t<p>Engranaje planetario y helicoidal<\/p>\t\t\t\t\t\t\t\t<\/div>\n\t\t\t\t<\/div>\n\t\t\t\t<\/a>\n\t\t\t\t\t<\/div>\n\t\t\t\t<\/div>\n\t\t<div class=\"elementor-element elementor-element-d9648ee e-flex e-con-boxed e-con e-parent\" data-id=\"d9648ee\" data-element_type=\"container\">\n\t\t\t\t\t<div class=\"e-con-inner\">\n\t\t<div class=\"elementor-element elementor-element-0ce59c1 e-con-full e-flex e-con e-child\" data-id=\"0ce59c1\" data-element_type=\"container\">\n\t\t\t\t<div class=\"elementor-element elementor-element-b75fe2c elementor-widget elementor-widget-heading\" data-id=\"b75fe2c\" data-element_type=\"widget\" data-widget_type=\"heading.default\">\n\t\t\t\t<div class=\"elementor-widget-container\">\n\t\t\t\t\t<h2 class=\"elementor-heading-title elementor-size-default\">Power.<\/h2>\t\t\t\t<\/div>\n\t\t\t\t<\/div>\n\t\t\t\t<div class=\"elementor-element elementor-element-78ed038 elementor-widget elementor-widget-text-editor\" data-id=\"78ed038\" data-element_type=\"widget\" data-widget_type=\"text-editor.default\">\n\t\t\t\t<div class=\"elementor-widget-container\">\n\t\t\t\t\t\t\t\t\t<p><em>Est\u00e1 en nuestro nombre y en nuestros productos.<\/em><\/p>\t\t\t\t\t\t\t\t<\/div>\n\t\t\t\t<\/div>\n\t\t\t\t<div class=\"elementor-element elementor-element-10c97db elementor-widget-divider--view-line elementor-widget elementor-widget-divider\" data-id=\"10c97db\" data-element_type=\"widget\" data-widget_type=\"divider.default\">\n\t\t\t\t<div class=\"elementor-widget-container\">\n\t\t\t\t\t\t\t<div class=\"elementor-divider\">\n\t\t\t<span class=\"elementor-divider-separator\">\n\t\t\t\t\t\t<\/span>\n\t\t<\/div>\n\t\t\t\t\t\t<\/div>\n\t\t\t\t<\/div>\n\t\t\t\t<\/div>\n\t\t<div class=\"elementor-element elementor-element-a74a759 e-con-full e-flex e-con e-child\" data-id=\"a74a759\" data-element_type=\"container\">\n\t\t\t\t<div class=\"elementor-element elementor-element-455febe elementor-widget elementor-widget-heading\" data-id=\"455febe\" data-element_type=\"widget\" data-widget_type=\"heading.default\">\n\t\t\t\t<div class=\"elementor-widget-container\">\n\t\t\t\t\t<h1 class=\"elementor-heading-title elementor-size-default\">Fabricante de embragues, frenos y tomas de fuerza industriales<\/h1>\t\t\t\t<\/div>\n\t\t\t\t<\/div>\n\t\t\t\t<div class=\"elementor-element elementor-element-3a39cdb elementor-widget elementor-widget-text-editor\" data-id=\"3a39cdb\" data-element_type=\"widget\" data-widget_type=\"text-editor.default\">\n\t\t\t\t<div class=\"elementor-widget-container\">\n\t\t\t\t\t\t\t\t\t<p class=\"translation-block\"><span data-preserver-spaces=\"true\">Fundada en Wichita Falls, Texas, en 1992, WPT\u00ae Power Corporation se ha construido una reputaci\u00f3n internacional de excelencia en la industria de transmisi\u00f3n de potencia. Como fabricante l\u00edder de equipos de transmisi\u00f3n de potencia, nuestros productos son fiables y est\u00e1n fabricados con materiales de primera calidad. <\/span><a class=\"editor-rtfLink\" href=\"https:\/\/wptpower.com\/es\/embragues-industriales-neumatico-hidraulicos\/\" target=\"_blank\" rel=\"noopener\"><span data-preserver-spaces=\"true\">Embragues industriales<\/span><\/a><span data-preserver-spaces=\"true\">,\u00a0<\/span><a class=\"editor-rtfLink\" href=\"https:\/\/wptpower.com\/es\/frenos-industriales\/\" target=\"_blank\" rel=\"noopener\"><span data-preserver-spaces=\"true\">frenos<\/span><\/a><span data-preserver-spaces=\"true\">,\u00a0<\/span><a class=\"editor-rtfLink\" href=\"https:\/\/wptpower.com\/es\/productos-para-motores\/\" target=\"_blank\" rel=\"noopener\"><span data-preserver-spaces=\"true\">tomas de fuerza<\/span><\/a><span data-preserver-spaces=\"true\">,\u00a0<\/span><a class=\"editor-rtfLink\" href=\"https:\/\/wptpower.com\/es\/producto\/pto-para-bombas-hidraulicas-accionadas-por-engranajes\/\" target=\"_blank\" rel=\"noopener\"><span data-preserver-spaces=\"true\">accionamientos de bombas hidr\u00e1ulicas<\/span><\/a><span data-preserver-spaces=\"true\">, y\u00a0<\/span><a class=\"editor-rtfLink\" href=\"https:\/\/wptpower.com\/es\/winches-y-polipastos\/\" target=\"_blank\" rel=\"noopener\"><span data-preserver-spaces=\"true\">winches<\/span><\/a><span data-preserver-spaces=\"true\">\u00a0componen el n\u00facleo de nuestras l\u00edneas de productos.<\/span><\/p><p class=\"translation-block\"><span data-preserver-spaces=\"true\">WPT se ha convertido en un l\u00edder mundial del sector, proveyendo productos de embrague y freno industriales neum\u00e1ticos, hidr\u00e1ulicos, mec\u00e1nicos y accionados por resortes para trabajo pesado. Nuestro grupo de ingenier\u00eda ofrece soluciones \u00e9xitosas, ya se trate de una aplicaci\u00f3n est\u00e1ndar o de una fabricaci\u00f3n personalizada. Nuestras l\u00edneas establecidas son f\u00e1ciles de mantener y son probados para <\/span><a href=\"https:\/\/wptpower.com\/es\/mercados\/energia\/\" target=\"_self\"><span data-preserver-spaces=\"true\">Energ\u00eda<\/span><\/a><span data-preserver-spaces=\"true\">, <\/span><a class=\"editor-rtfLink\" href=\"https:\/\/wptpower.com\/es\/mercados\/agricultura\/\" target=\"_blank\" rel=\"noopener\"><span data-preserver-spaces=\"true\">Agricultura<\/span><\/a><span data-preserver-spaces=\"true\">, <\/span><a class=\"editor-rtfLink\" href=\"https:\/\/wptpower.com\/es\/mercados\/dinamometro\/\" target=\"_blank\" rel=\"noopener\"><span data-preserver-spaces=\"true\">Dinam\u00f3metro<\/span><\/a><span data-preserver-spaces=\"true\">, <\/span><a class=\"editor-rtfLink\" href=\"https:\/\/wptpower.com\/es\/mercados\/forestal\/\" target=\"_blank\" rel=\"noopener\"><span data-preserver-spaces=\"true\">Forestal<\/span><\/a><span data-preserver-spaces=\"true\">, <\/span><a class=\"editor-rtfLink\" href=\"https:\/\/wptpower.com\/es\/mercados\/marina\/\" target=\"_blank\" rel=\"noopener\"><span data-preserver-spaces=\"true\">Marina<\/span><\/a><span data-preserver-spaces=\"true\">, <\/span><a class=\"editor-rtfLink\" href=\"https:\/\/wptpower.com\/es\/mercados\/conformado-de-acero-y-metal\/\" target=\"_blank\" rel=\"noopener\"><span data-preserver-spaces=\"true\">Conformado de metales<\/span><\/a><span data-preserver-spaces=\"true\">, <\/span><a class=\"editor-rtfLink\" href=\"https:\/\/wptpower.com\/es\/mercados\/mineria\/\" target=\"_blank\" rel=\"noopener\"><span data-preserver-spaces=\"true\">Miner\u00eda<\/span><\/a><span data-preserver-spaces=\"true\">, Fuera de carretera, <\/span><a class=\"editor-rtfLink\" href=\"https:\/\/wptpower.com\/es\/mercados\/embragues-y-frenos-papeleras\/\" target=\"_blank\" rel=\"noopener\"><span data-preserver-spaces=\"true\">Industria Papelera<\/span><\/a><span data-preserver-spaces=\"true\">, y aplicaciones para la <\/span><a class=\"editor-rtfLink\" href=\"https:\/\/wptpower.com\/es\/mercados\/conformado-de-acero-y-metal\/\" target=\"_blank\" rel=\"noopener\"><span data-preserver-spaces=\"true\">Industria sider\u00fargica <\/span><\/a><span data-preserver-spaces=\"true\">.<\/span><\/p><p><span data-preserver-spaces=\"true\">\u00a1Estoy listo para empezar! P\u00f3ngase en contacto con\u00a0<\/span><a class=\"editor-rtfLink\" href=\"https:\/\/wptpower.com\/es\/pongase-en-contacto\/\" target=\"_blank\" rel=\"noopener\"><span data-preserver-spaces=\"true\">WPT Power<\/span><\/a><span data-preserver-spaces=\"true\">\u00a0o llame al 940-761-1971 para obtener los productos y la informaci\u00f3n que necesita para realizar su trabajo.<\/span><\/p>\t\t\t\t\t\t\t\t<\/div>\n\t\t\t\t<\/div>\n\t\t\t\t<div class=\"elementor-element elementor-element-229e40b elementor-widget elementor-widget-heading\" data-id=\"229e40b\" data-element_type=\"widget\" data-widget_type=\"heading.default\">\n\t\t\t\t<div class=\"elementor-widget-container\">\n\t\t\t\t\t<h4 class=\"elementor-heading-title elementor-size-default\">D\u00e9jenos mostrarle c\u00f3mo nuestro poder puede trabajar para usted.<\/h4>\t\t\t\t<\/div>\n\t\t\t\t<\/div>\n\t\t\t\t<div class=\"elementor-element elementor-element-6301a6f elementor-mobile-align-center elementor-align-left elementor-widget elementor-widget-button\" data-id=\"6301a6f\" data-element_type=\"widget\" data-widget_type=\"button.default\">\n\t\t\t\t<div class=\"elementor-widget-container\">\n\t\t\t\t\t\t\t\t\t<div class=\"elementor-button-wrapper\">\n\t\t\t\t\t<a class=\"elementor-button elementor-button-link elementor-size-md\" href=\"https:\/\/wptpower.com\/es\/frenos-y-embragues-sobre-nosotros\/\">\n\t\t\t\t\t\t<span class=\"elementor-button-content-wrapper\">\n\t\t\t\t\t\t\t\t\t<span class=\"elementor-button-text\">M\u00e1s informaci\u00f3n<\/span>\n\t\t\t\t\t<\/span>\n\t\t\t\t\t<\/a>\n\t\t\t\t<\/div>\n\t\t\t\t\t\t\t\t<\/div>\n\t\t\t\t<\/div>\n\t\t\t\t<\/div>\n\t\t\t\t\t<\/div>\n\t\t\t\t<\/div>\n\t\t<div class=\"elementor-element elementor-element-563dd4c e-flex e-con-boxed e-con e-parent\" data-id=\"563dd4c\" data-element_type=\"container\" data-settings=\"{&quot;background_background&quot;:&quot;classic&quot;,&quot;background_motion_fx_motion_fx_scrolling&quot;:&quot;yes&quot;,&quot;background_motion_fx_devices&quot;:[&quot;desktop&quot;,&quot;tablet&quot;,&quot;mobile&quot;]}\">\n\t\t\t\t\t<div class=\"e-con-inner\">\n\t\t\t\t<div class=\"elementor-element elementor-element-146c2d9 elementor-widget elementor-widget-heading\" data-id=\"146c2d9\" data-element_type=\"widget\" data-widget_type=\"heading.default\">\n\t\t\t\t<div class=\"elementor-widget-container\">\n\t\t\t\t\t<h2 class=\"elementor-heading-title elementor-size-default\"><a href=\"https:\/\/wptpower.com\/es\/2022\/01\/31\/100-mejores-empresas-para-trabajar-en-texas\/\">Siete a\u00f1os consecutivos como una de las mejores empresas para trabajar en Texas.<\/a><\/h2>\t\t\t\t<\/div>\n\t\t\t\t<\/div>\n\t\t\t\t\t<\/div>\n\t\t\t\t<\/div>\n\t\t\t\t<\/div>","protected":false},"excerpt":{"rendered":"<p>Embragues industriales Frenos industriales neum\u00e1ticos e hidr\u00e1ulicos Frenos aplicados por resorte, neum\u00e1ticos e hidr\u00e1ulicos Productos accionados por motor Tomas de fuerza y accionamientos de bombas Cabrestantes y polipastos Reductores planetarios y de tornillo sin fin. Est\u00e1 en nuestro nombre y en nuestros productos. Fabricante industrial de embragues, frenos y tomas de fuerza Fundada en Wichita Falls, Texas, en 1992, WPT\u00ae Power Corporation ha [...]<\/p>","protected":false},"author":281,"featured_media":0,"parent":0,"menu_order":0,"comment_status":"closed","ping_status":"closed","template":"elementor_header_footer","meta":{"footnotes":""},"class_list":["post-2039","page","type-page","status-publish","hentry"],"jetpack_sharing_enabled":true,"_links":{"self":[{"href":"https:\/\/wptpower.com\/es\/wp-json\/wp\/v2\/pages\/2039","targetHints":{"allow":["GET"]}}],"collection":[{"href":"https:\/\/wptpower.com\/es\/wp-json\/wp\/v2\/pages"}],"about":[{"href":"https:\/\/wptpower.com\/es\/wp-json\/wp\/v2\/types\/page"}],"author":[{"embeddable":true,"href":"https:\/\/wptpower.com\/es\/wp-json\/wp\/v2\/users\/281"}],"replies":[{"embeddable":true,"href":"https:\/\/wptpower.com\/es\/wp-json\/wp\/v2\/comments?post=2039"}],"version-history":[{"count":0,"href":"https:\/\/wptpower.com\/es\/wp-json\/wp\/v2\/pages\/2039\/revisions"}],"wp:attachment":[{"href":"https:\/\/wptpower.com\/es\/wp-json\/wp\/v2\/media?parent=2039"}],"curies":[{"name":"wp","href":"https:\/\/api.w.org\/{rel}","templated":true}]}}