{"id":399931,"date":"2020-05-06T09:57:16","date_gmt":"2020-05-06T14:57:16","guid":{"rendered":"https:\/\/wptpower.com\/?page_id=399931"},"modified":"2023-08-30T11:13:24","modified_gmt":"2023-08-30T16:13:24","slug":"conformado-de-metales","status":"publish","type":"page","link":"https:\/\/wptpower.com\/es\/sectores-del-mercado\/conformado-de-metales\/","title":{"rendered":"Conformado de metales"},"content":{"rendered":"<div data-elementor-type=\"wp-page\" data-elementor-id=\"399931\" class=\"elementor elementor-399931\" data-elementor-post-type=\"page\">\n\t\t\t\t\t\t<section class=\"elementor-section elementor-top-section elementor-element elementor-element-1ed7649 elementor-section-boxed elementor-section-height-default elementor-section-height-default\" data-id=\"1ed7649\" data-element_type=\"section\">\n\t\t\t\t\t\t<div class=\"elementor-container elementor-column-gap-default\">\n\t\t\t\t\t<div class=\"elementor-column elementor-col-100 elementor-top-column elementor-element elementor-element-96c4c94\" data-id=\"96c4c94\" data-element_type=\"column\">\n\t\t\t<div class=\"elementor-widget-wrap elementor-element-populated\">\n\t\t\t\t\t\t<div class=\"elementor-element elementor-element-0d6b5ca elementor-widget elementor-widget-spacer\" data-id=\"0d6b5ca\" data-element_type=\"widget\" data-widget_type=\"spacer.default\">\n\t\t\t\t<div class=\"elementor-widget-container\">\n\t\t\t\t\t\t\t<div class=\"elementor-spacer\">\n\t\t\t<div class=\"elementor-spacer-inner\"><\/div>\n\t\t<\/div>\n\t\t\t\t\t\t<\/div>\n\t\t\t\t<\/div>\n\t\t\t\t\t<\/div>\n\t\t<\/div>\n\t\t\t\t\t<\/div>\n\t\t<\/section>\n\t\t\t\t<section class=\"elementor-section elementor-top-section elementor-element elementor-element-c2e171c elementor-section-boxed elementor-section-height-default elementor-section-height-default\" data-id=\"c2e171c\" data-element_type=\"section\">\n\t\t\t\t\t\t<div class=\"elementor-container elementor-column-gap-default\">\n\t\t\t\t\t<div class=\"elementor-column elementor-col-33 elementor-top-column elementor-element elementor-element-8e07445\" data-id=\"8e07445\" data-element_type=\"column\">\n\t\t\t<div class=\"elementor-widget-wrap elementor-element-populated\">\n\t\t\t\t\t\t<div class=\"elementor-element elementor-element-b1a733f elementor-widget elementor-widget-spacer\" data-id=\"b1a733f\" data-element_type=\"widget\" data-widget_type=\"spacer.default\">\n\t\t\t\t<div class=\"elementor-widget-container\">\n\t\t\t\t\t\t\t<div class=\"elementor-spacer\">\n\t\t\t<div class=\"elementor-spacer-inner\"><\/div>\n\t\t<\/div>\n\t\t\t\t\t\t<\/div>\n\t\t\t\t<\/div>\n\t\t\t\t<div class=\"elementor-element elementor-element-ce35d99 elementor-widget elementor-widget-heading\" data-id=\"ce35d99\" data-element_type=\"widget\" data-widget_type=\"heading.default\">\n\t\t\t\t<div class=\"elementor-widget-container\">\n\t\t\t\t\t<h1 class=\"elementor-heading-title elementor-size-default\">Mercados de Conformado de Acero\/Metal<\/h1>\t\t\t\t<\/div>\n\t\t\t\t<\/div>\n\t\t\t\t\t<\/div>\n\t\t<\/div>\n\t\t\t\t<div class=\"elementor-column elementor-col-66 elementor-top-column elementor-element elementor-element-c3fa6cd\" data-id=\"c3fa6cd\" data-element_type=\"column\">\n\t\t\t<div class=\"elementor-widget-wrap elementor-element-populated\">\n\t\t\t\t\t\t<div class=\"elementor-element elementor-element-95f70ab elementor-widget elementor-widget-image\" data-id=\"95f70ab\" data-element_type=\"widget\" data-widget_type=\"image.default\">\n\t\t\t\t<div class=\"elementor-widget-container\">\n\t\t\t\t\t\t\t\t\t\t\t\t\t\t\t<img fetchpriority=\"high\" decoding=\"async\" data-attachment-id=\"400626\" data-permalink=\"https:\/\/wptpower.com\/es\/sectores-del-mercado\/conformado-de-metales\/iowa-steel-mill\/\" data-orig-file=\"https:\/\/wptpower.com\/wp-content\/uploads\/2020\/05\/Iowa-Steel-Mill.jpg\" data-orig-size=\"625,390\" data-comments-opened=\"0\" data-image-meta=\"{&quot;aperture&quot;:&quot;0&quot;,&quot;credit&quot;:&quot;&quot;,&quot;camera&quot;:&quot;&quot;,&quot;caption&quot;:&quot;&quot;,&quot;created_timestamp&quot;:&quot;0&quot;,&quot;copyright&quot;:&quot;&quot;,&quot;focal_length&quot;:&quot;0&quot;,&quot;iso&quot;:&quot;0&quot;,&quot;shutter_speed&quot;:&quot;0&quot;,&quot;title&quot;:&quot;&quot;,&quot;orientation&quot;:&quot;0&quot;}\" data-image-title=\"Iowa Steel Processing Mill\" data-image-description=\"&lt;p&gt;Low Inertia clutch on steel mill presses and shears&lt;\/p&gt;\" data-image-caption=\"\" data-large-file=\"https:\/\/wptpower.com\/wp-content\/uploads\/2020\/05\/Iowa-Steel-Mill.jpg\" width=\"625\" height=\"390\" src=\"https:\/\/wptpower.com\/wp-content\/uploads\/2020\/05\/Iowa-Steel-Mill.jpg\" class=\"attachment-medium_large size-medium_large wp-image-400626\" alt=\"Conformado de Metales\" srcset=\"https:\/\/wptpower.com\/wp-content\/uploads\/2020\/05\/Iowa-Steel-Mill.jpg 625w, https:\/\/wptpower.com\/wp-content\/uploads\/2020\/05\/Iowa-Steel-Mill-600x374.jpg 600w, https:\/\/wptpower.com\/wp-content\/uploads\/2020\/05\/Iowa-Steel-Mill-300x187.jpg 300w\" sizes=\"(max-width: 625px) 100vw, 625px\" \/>\t\t\t\t\t\t\t\t\t\t\t\t\t\t\t<\/div>\n\t\t\t\t<\/div>\n\t\t\t\t<div class=\"elementor-element elementor-element-dc27e74 elementor-widget elementor-widget-text-editor\" data-id=\"dc27e74\" data-element_type=\"widget\" data-widget_type=\"text-editor.default\">\n\t\t\t\t<div class=\"elementor-widget-container\">\n\t\t\t\t\t\t\t\t\t<p>Acer\u00eda de Iowa con Embrague de Baja Inercia de WPT.<\/p>\t\t\t\t\t\t\t\t<\/div>\n\t\t\t\t<\/div>\n\t\t\t\t<section class=\"elementor-section elementor-inner-section elementor-element elementor-element-d8a5f79 elementor-section-boxed elementor-section-height-default elementor-section-height-default\" data-id=\"d8a5f79\" data-element_type=\"section\">\n\t\t\t\t\t\t<div class=\"elementor-container elementor-column-gap-default\">\n\t\t\t\t\t<div class=\"elementor-column elementor-col-100 elementor-inner-column elementor-element elementor-element-6fc4e6c\" data-id=\"6fc4e6c\" data-element_type=\"column\">\n\t\t\t<div class=\"elementor-widget-wrap elementor-element-populated\">\n\t\t\t\t\t\t<div class=\"elementor-element elementor-element-3c5c25e elementor-widget elementor-widget-text-editor\" data-id=\"3c5c25e\" data-element_type=\"widget\" data-widget_type=\"text-editor.default\">\n\t\t\t\t<div class=\"elementor-widget-container\">\n\t\t\t\t\t\t\t\t\t<p><\/p>\n<p class=\"translation-block\"><span data-preserver-spaces=\"true\">Los Embragues y Frenos de Baja Inercia (LI) de WPT Power se adaptan perfectamente a la industria del Conformado de Acero y Metal. Tenemos una extensa l\u00ednea de productos para cubrir todas las necesidades de su equipo. Nuestros productos son los Embragues de Baja Inercia y <\/span><a class=\"editor-rtfLink\" href=\"https:\/\/wptpower.mystagingwebsite.com\/product\/low-inertia-high-torque-clutch\/\" target=\"_blank\" rel=\"noopener\"><span data-preserver-spaces=\"true\">Embragues de Baja Inercia y Alto Torque<\/span><\/a><span data-preserver-spaces=\"true\">, Frenos de Baja Inercia, <\/span><a class=\"editor-rtfLink\" href=\"https:\/\/wptpower.mystagingwebsite.com\/product\/low-inertia-springset-brake\/\" target=\"_blank\" rel=\"noopener\"><span data-preserver-spaces=\"true\">Frenos de Baja Inercia de Aplicaci\u00f3n por Resorte<\/span><\/a><span data-preserver-spaces=\"true\"> y\u00a0<\/span><a class=\"editor-rtfLink\" href=\"https:\/\/wptpower.mystagingwebsite.com\/product\/steel-water-cooled-brake\/\" target=\"_blank\" rel=\"noopener\"><span data-preserver-spaces=\"true\">Frenos con Discos de Acero Refrigerado por Agua<\/span><\/a><span data-preserver-spaces=\"true\">. Adem\u00e1s, contamos con Embragues y Frenos Power Performance Low Inertia (PPLI) y su upgrade kit. Esta familia de productos aporta rendimiento, confiabilidad y precisi\u00f3n a cualquier equipo<\/span>.<\/p>\n<p>La l\u00ednea de productos de Baja Inercia de WPT est\u00e1 especialmente dise\u00f1ada para prensas, cizallas, m\u00e1quinas de altos ciclos, control de tensi\u00f3n mec\u00e1nica, uso de emergencia (fail-safe), aplicaciones de altas temperaturas y procesadores de bobinas. El dise\u00f1o \u00fanico de ventilaci\u00f3n permite la entrada de aire fr\u00edo en la unidad para ayudar a disipar la temperatura durante los arranques y paradas. Se han realizado otras mejoras para reducir la masa y la cantidad de piezas giratorias, as\u00ed aumentando la eficiencia de las m\u00e1quinas. La l\u00ednea LI tambi\u00e9n cuenta con opciones de montaje en sistema de medidas imperial y m\u00e9trico para adaptarse a una amplia variedad de aplicaciones.<\/p>\n<p><\/p>\n<p class=\"translation-block\"><span data-preserver-spaces=\"true\">Una vez instalado en una m\u00e1quina, nuestros\u00a0<\/span><a class=\"editor-rtfLink\" href=\"https:\/\/wptpower.com\/es\/producto\/embrague-de-baja-inercia\/\" target=\"_blank\" rel=\"noopener\"><span data-preserver-spaces=\"true\">Embragues<\/span><\/a><span data-preserver-spaces=\"true\">\u00a0o\u00a0<\/span><a class=\"editor-rtfLink\" href=\"https:\/\/wptpower.com\/es\/producto\/freno-de-baja-inercia\/\" target=\"_blank\" rel=\"noopener\"><span data-preserver-spaces=\"true\">frenos de Baja Inercia<\/span><\/a><span data-preserver-spaces=\"true\"> funcionar\u00e1n de forma constante, componente esencial en aplicaciones c\u00edclicas. Los materiales de fricci\u00f3n r\u00edgidos moldeados utilizados en la l\u00ednea de baja inercia proporcionan producci\u00f3n de torque e \u00edndices de desgaste uniformes. Esta consistencia permite establecer programas regulares de mantenimiento preventivo (PM) y reduce la frecuencia de paradas forzadas debidas a la reparaci\u00f3n de embragues o frenos. Los PM y las reconstrucciones son r\u00e1pidos y sencillos gracias a los shims de desgaste convenientemente situados y al exclusivo dise\u00f1o multidisco de la l\u00ednea de Baja Inercia.<\/span><\/p>\n<p><\/p>\n<p>Los embragues y frenos LI de WPT utilizan un actuador de tubo de aire patentado para acoplar o desacoplar tanto embragues como frenos. Esto permite un amplio rango de funcionamiento con el nivel de precisi\u00f3n necesaria para la sincronizaci\u00f3n correcta de la operaci\u00f3n. Los r\u00e1pidos tiempos de respuesta son posibles gracias la cantidad y tama\u00f1o de las conexiones de aire del tubo (conexi\u00f3n de aire en el tubo de aire) y las V\u00e1lvulas de Descarga R\u00e1pida WPT (QRV). La QRV de WPT no requiere mantenimiento y permite que el aire salga del tubo lo m\u00e1s r\u00e1pido posible. Tambi\u00e9n hay disponibles como opci\u00f3n silenciadores para reducir el ruido ambiental en la planta.<\/p>\n<p><\/p>\n<p>El kit de upgrade (actualizaci\u00f3n) Power Performance Low Inertia (PPLI) es una nueva adici\u00f3n a la l\u00ednea de Baja Inercia. Este kit sustituye los discos de fricci\u00f3n moldeados y las placas centrales est\u00e1ndar por placas de transmisi\u00f3n semimet\u00e1licas de alta calidad y placas centrales de inercia reducida y alto flujo de aire. El kit de actualizaci\u00f3n PPLI es un complemento excelente para cualquier m\u00e1quina y permite aumentar los ciclos por minuto (CPM). La actualizaci\u00f3n PPLI tambi\u00e9n est\u00e1 disponible en unidades completas que pueden utilizarse para nuevas aplicaciones o sustituir un embrague o freno de baja inercia existente.<\/p>\n<p><\/p>\n<p><span data-preserver-spaces=\"true\">Para aplicaciones de temperaturas extremas, como procesadores de bobinas y l\u00edneas de prensado\/cizallado de alto ciclo, la mejor opci\u00f3n puede ser un <a href=\"https:\/\/wptpower.com\/es\/producto\/freno-con-discos-de-acero-refrigerado-por-agua\/\">Freno con Discos de Acero Refrigerado por Agua<\/a> (WCB de Acero). El WCB de Acero utiliza un dise\u00f1o \u00fanico de la placa central que cuenta con un paso de agua interno. Cuando se conecta a un sistema externo de bombeo\/refrigeraci\u00f3n, el WCB de Acero puede transferir r\u00e1pidamente el calor fuera del freno. Esta capacidad de transferencia de calor permite que el freno se utilice en aplicaciones de deslizamiento continuo y m\u00e1quinas de alto ciclo por minuto.<\/span><\/p>\n<p class=\"translation-block\"><span data-preserver-spaces=\"true\">Cuando se trata de embragues y frenos para la Industria del Conformado de Acero y Metal, la l\u00ednea de embragues y frenos de Baja Inercia de <\/span><a class=\"editor-rtfLink\" href=\"https:\/\/wptpower.mystagingwebsite.com\/contact\/\" target=\"_blank\" rel=\"noopener\"><span data-preserver-spaces=\"true\">WPT Power<\/span><\/a><span data-preserver-spaces=\"true\"> a\u00f1ade rendimiento, confiabilidad y precisi\u00f3n al equipo.<\/span><\/p>\t\t\t\t\t\t\t\t<\/div>\n\t\t\t\t<\/div>\n\t\t\t\t<div class=\"elementor-element elementor-element-a29406b elementor-widget elementor-widget-spacer\" data-id=\"a29406b\" data-element_type=\"widget\" data-widget_type=\"spacer.default\">\n\t\t\t\t<div class=\"elementor-widget-container\">\n\t\t\t\t\t\t\t<div class=\"elementor-spacer\">\n\t\t\t<div class=\"elementor-spacer-inner\"><\/div>\n\t\t<\/div>\n\t\t\t\t\t\t<\/div>\n\t\t\t\t<\/div>\n\t\t\t\t\t<\/div>\n\t\t<\/div>\n\t\t\t\t\t<\/div>\n\t\t<\/section>\n\t\t\t\t\t<\/div>\n\t\t<\/div>\n\t\t\t\t\t<\/div>\n\t\t<\/section>\n\t\t\t\t<\/div>","protected":false},"excerpt":{"rendered":"<p>Acero\/Metal que forma los mercados Acer\u00eda de Iowa usando el embrague bajo de la inercia de WPT. Los embragues y frenos de baja inercia (LI) de WPT Power se adaptan perfectamente a la industria del conformado de acero y metal. Tenemos una extensa l\u00ednea de productos para cubrir todas las necesidades de su equipo. Nuestros productos incluyen el Embrague de Baja Inercia y el Embrague de Alto Par de Baja Inercia, junto con el Freno de Baja Inercia, [...]<\/p>","protected":false},"author":281,"featured_media":0,"parent":2841,"menu_order":0,"comment_status":"closed","ping_status":"closed","template":"elementor_header_footer","meta":{"footnotes":""},"class_list":["post-399931","page","type-page","status-publish","hentry"],"jetpack_sharing_enabled":true,"_links":{"self":[{"href":"https:\/\/wptpower.com\/es\/wp-json\/wp\/v2\/pages\/399931","targetHints":{"allow":["GET"]}}],"collection":[{"href":"https:\/\/wptpower.com\/es\/wp-json\/wp\/v2\/pages"}],"about":[{"href":"https:\/\/wptpower.com\/es\/wp-json\/wp\/v2\/types\/page"}],"author":[{"embeddable":true,"href":"https:\/\/wptpower.com\/es\/wp-json\/wp\/v2\/users\/281"}],"replies":[{"embeddable":true,"href":"https:\/\/wptpower.com\/es\/wp-json\/wp\/v2\/comments?post=399931"}],"version-history":[{"count":0,"href":"https:\/\/wptpower.com\/es\/wp-json\/wp\/v2\/pages\/399931\/revisions"}],"up":[{"embeddable":true,"href":"https:\/\/wptpower.com\/es\/wp-json\/wp\/v2\/pages\/2841"}],"wp:attachment":[{"href":"https:\/\/wptpower.com\/es\/wp-json\/wp\/v2\/media?parent=399931"}],"curies":[{"name":"wp","href":"https:\/\/api.w.org\/{rel}","templated":true}]}}