{"id":400808,"date":"2020-06-05T10:45:44","date_gmt":"2020-06-05T15:45:44","guid":{"rendered":"https:\/\/wptpower.com\/?page_id=400808"},"modified":"2023-08-30T16:10:06","modified_gmt":"2023-08-30T21:10:06","slug":"marina","status":"publish","type":"page","link":"https:\/\/wptpower.com\/es\/sectores-del-mercado\/marina\/","title":{"rendered":"Marina"},"content":{"rendered":"<div data-elementor-type=\"wp-page\" data-elementor-id=\"400808\" class=\"elementor elementor-400808\" data-elementor-post-type=\"page\">\n\t\t\t\t\t\t<section class=\"elementor-section elementor-top-section elementor-element elementor-element-1ed7649 elementor-section-boxed elementor-section-height-default elementor-section-height-default\" data-id=\"1ed7649\" data-element_type=\"section\">\n\t\t\t\t\t\t<div class=\"elementor-container elementor-column-gap-default\">\n\t\t\t\t\t<div class=\"elementor-column elementor-col-100 elementor-top-column elementor-element elementor-element-96c4c94\" data-id=\"96c4c94\" data-element_type=\"column\">\n\t\t\t<div class=\"elementor-widget-wrap elementor-element-populated\">\n\t\t\t\t\t\t<div class=\"elementor-element elementor-element-0d6b5ca elementor-widget elementor-widget-spacer\" data-id=\"0d6b5ca\" data-element_type=\"widget\" data-widget_type=\"spacer.default\">\n\t\t\t\t<div class=\"elementor-widget-container\">\n\t\t\t\t\t\t\t<div class=\"elementor-spacer\">\n\t\t\t<div class=\"elementor-spacer-inner\"><\/div>\n\t\t<\/div>\n\t\t\t\t\t\t<\/div>\n\t\t\t\t<\/div>\n\t\t\t\t\t<\/div>\n\t\t<\/div>\n\t\t\t\t\t<\/div>\n\t\t<\/section>\n\t\t\t\t<section class=\"elementor-section elementor-top-section elementor-element elementor-element-c2e171c elementor-section-boxed elementor-section-height-default elementor-section-height-default\" data-id=\"c2e171c\" data-element_type=\"section\">\n\t\t\t\t\t\t<div class=\"elementor-container elementor-column-gap-default\">\n\t\t\t\t\t<div class=\"elementor-column elementor-col-33 elementor-top-column elementor-element elementor-element-8e07445\" data-id=\"8e07445\" data-element_type=\"column\">\n\t\t\t<div class=\"elementor-widget-wrap elementor-element-populated\">\n\t\t\t\t\t\t<div class=\"elementor-element elementor-element-b1a733f elementor-widget elementor-widget-spacer\" data-id=\"b1a733f\" data-element_type=\"widget\" data-widget_type=\"spacer.default\">\n\t\t\t\t<div class=\"elementor-widget-container\">\n\t\t\t\t\t\t\t<div class=\"elementor-spacer\">\n\t\t\t<div class=\"elementor-spacer-inner\"><\/div>\n\t\t<\/div>\n\t\t\t\t\t\t<\/div>\n\t\t\t\t<\/div>\n\t\t\t\t<div class=\"elementor-element elementor-element-ce35d99 elementor-widget elementor-widget-heading\" data-id=\"ce35d99\" data-element_type=\"widget\" data-widget_type=\"heading.default\">\n\t\t\t\t<div class=\"elementor-widget-container\">\n\t\t\t\t\t<h1 class=\"elementor-heading-title elementor-size-default\">Mercados Marinos<\/h1>\t\t\t\t<\/div>\n\t\t\t\t<\/div>\n\t\t\t\t\t<\/div>\n\t\t<\/div>\n\t\t\t\t<div class=\"elementor-column elementor-col-66 elementor-top-column elementor-element elementor-element-c3fa6cd\" data-id=\"c3fa6cd\" data-element_type=\"column\">\n\t\t\t<div class=\"elementor-widget-wrap elementor-element-populated\">\n\t\t\t\t\t\t<section class=\"elementor-section elementor-inner-section elementor-element elementor-element-d8a5f79 elementor-section-boxed elementor-section-height-default elementor-section-height-default\" data-id=\"d8a5f79\" data-element_type=\"section\">\n\t\t\t\t\t\t<div class=\"elementor-container elementor-column-gap-default\">\n\t\t\t\t\t<div class=\"elementor-column elementor-col-100 elementor-inner-column elementor-element elementor-element-6fc4e6c\" data-id=\"6fc4e6c\" data-element_type=\"column\">\n\t\t\t<div class=\"elementor-widget-wrap elementor-element-populated\">\n\t\t\t\t\t\t<div class=\"elementor-element elementor-element-a29406b elementor-widget elementor-widget-spacer\" data-id=\"a29406b\" data-element_type=\"widget\" data-widget_type=\"spacer.default\">\n\t\t\t\t<div class=\"elementor-widget-container\">\n\t\t\t\t\t\t\t<div class=\"elementor-spacer\">\n\t\t\t<div class=\"elementor-spacer-inner\"><\/div>\n\t\t<\/div>\n\t\t\t\t\t\t<\/div>\n\t\t\t\t<\/div>\n\t\t\t\t\t<\/div>\n\t\t<\/div>\n\t\t\t\t\t<\/div>\n\t\t<\/section>\n\t\t\t\t<div class=\"elementor-element elementor-element-7f03651 elementor-widget elementor-widget-image\" data-id=\"7f03651\" data-element_type=\"widget\" data-widget_type=\"image.default\">\n\t\t\t\t<div class=\"elementor-widget-container\">\n\t\t\t\t\t\t\t\t\t\t\t\t<figure class=\"wp-caption\">\n\t\t\t\t\t\t\t\t\t\t<img fetchpriority=\"high\" decoding=\"async\" data-attachment-id=\"400834\" data-permalink=\"https:\/\/wptpower.com\/es\/escort-towing-winch-3\/\" data-orig-file=\"https:\/\/wptpower.com\/wp-content\/uploads\/2020\/06\/Escort-Towing-Winch-2.jpg\" data-orig-size=\"750,416\" data-comments-opened=\"0\" data-image-meta=\"{&quot;aperture&quot;:&quot;0&quot;,&quot;credit&quot;:&quot;&quot;,&quot;camera&quot;:&quot;&quot;,&quot;caption&quot;:&quot;&quot;,&quot;created_timestamp&quot;:&quot;0&quot;,&quot;copyright&quot;:&quot;&quot;,&quot;focal_length&quot;:&quot;0&quot;,&quot;iso&quot;:&quot;0&quot;,&quot;shutter_speed&quot;:&quot;0&quot;,&quot;title&quot;:&quot;&quot;,&quot;orientation&quot;:&quot;1&quot;}\" data-image-title=\"Water Cooled Brake on Winch\" data-image-description=\"&lt;p&gt;Water Cooled Brake on escort towing winch&lt;\/p&gt;\" data-image-caption=\"\" data-medium-file=\"https:\/\/wptpower.com\/wp-content\/uploads\/2020\/06\/Escort-Towing-Winch-2-300x166.jpg\" data-large-file=\"https:\/\/wptpower.com\/wp-content\/uploads\/2020\/06\/Escort-Towing-Winch-2.jpg\" width=\"750\" height=\"416\" src=\"https:\/\/wptpower.com\/wp-content\/uploads\/2020\/06\/Escort-Towing-Winch-2.jpg\" class=\"attachment-medium_large size-medium_large wp-image-400834\" alt=\"Freno del Mercado Marino en un Winch Remolcador\" srcset=\"https:\/\/wptpower.com\/wp-content\/uploads\/2020\/06\/Escort-Towing-Winch-2.jpg 750w, https:\/\/wptpower.com\/wp-content\/uploads\/2020\/06\/Escort-Towing-Winch-2-300x166.jpg 300w, https:\/\/wptpower.com\/wp-content\/uploads\/2020\/06\/Escort-Towing-Winch-2-600x333.jpg 600w\" sizes=\"(max-width: 750px) 100vw, 750px\" \/>\t\t\t\t\t\t\t\t\t\t\t<figcaption class=\"widget-image-caption wp-caption-text\"><\/figcaption>\n\t\t\t\t\t\t\t\t\t\t<\/figure>\n\t\t\t\t\t\t\t\t\t<\/div>\n\t\t\t\t<\/div>\n\t\t\t\t<div class=\"elementor-element elementor-element-68aa1dc elementor-widget elementor-widget-text-editor\" data-id=\"68aa1dc\" data-element_type=\"widget\" data-widget_type=\"text-editor.default\">\n\t\t\t\t<div class=\"elementor-widget-container\">\n\t\t\t\t\t\t\t\t\t<p><i>Freno Refrigerado por Agua de WPT en un winch remolcador.<\/i><\/p>\t\t\t\t\t\t\t\t<\/div>\n\t\t\t\t<\/div>\n\t\t\t\t<div class=\"elementor-element elementor-element-1fb0011 elementor-widget elementor-widget-text-editor\" data-id=\"1fb0011\" data-element_type=\"widget\" data-widget_type=\"text-editor.default\">\n\t\t\t\t<div class=\"elementor-widget-container\">\n\t\t\t\t\t\t\t\t\t<p><span data-contrast=\"auto\">WPT Power ha construido una reputaci\u00f3n en la Industria Marina para la entrega consistente de productos que s\u00ed pueden hacer bien el trabajo. Ofrecemos una l\u00ednea robusta de embragues y frenos industriales marinos que funcionan en una amplia gama de aplicaciones. El Freno Refrigerado por Agua, el Embrague Refrigerado por Agua, el Freno de Baja Inercia, el Freno de Baja Inercia de Aplicaci\u00f3n por Resorte, el Embrague de Baja Inercia y el Embrague de Baja Inercia y Alto Torque tambi\u00e9n est\u00e1n disponibles con el paquete Protecci\u00f3n Contra Corrosi\u00f3n Marina (FMCP) exclusivo de WPT.<\/span><span data-ccp-props=\"{}\">\u00a0<\/span><\/p>\n<p class=\"translation-block\"><span data-contrast=\"auto\">El\u00a0<a class=\"editor-rtfLink\" href=\"https:\/\/wptpower.mystagingwebsite.com\/product\/water-cooled-brake\/\" target=\"_blank\" rel=\"noopener\">Freno Refrigerado por Agua de WPT<\/a>\u00a0y el Embrague Refrigerado por Agua son productos fundamentales en aplicaciones de winches marinos de gran potencia. Si se trata de winches de anclaje, winches de amarre o winches de remolque, nuestros frenos y embragues marinos pueden proporcionar la producci\u00f3n de torque y la disipaci\u00f3n de calor necesarias para estos winches especializados. La l\u00ednea de productos Refrigerados por Agua presenta un dise\u00f1o de bajo mantenimiento con accionamiento neum\u00e1tico o hidr\u00e1ulico. Las camisas de agua presentan\u00a0<a class=\"editor-rtfLink\" href=\"https:\/\/wptpower.mystagingwebsite.com\/product\/copper-water-cooled-brake\/\" target=\"_blank\" rel=\"noopener\">discos de desgaste de cobre<\/a>\u00a0de alta calidad para una transferencia de calor \u00f3ptima y est\u00e1n dise\u00f1adas para un caudal y una ca\u00edda de presi\u00f3n \u00f3ptimos. Los discos de accionamiento est\u00e1n disponibles con tres opciones de material de fricci\u00f3n diferentes, todas ellas con transiciones suaves entre los coeficientes de fricci\u00f3n din\u00e1mica y est\u00e1tica configurados para satisfacer diversos requisitos de tensi\u00f3n mec\u00e1nica. <\/span><span data-ccp-props=\"{}\">\u00a0<\/span><\/p>\t\t\t\t\t\t\t\t<\/div>\n\t\t\t\t<\/div>\n\t\t\t\t<div class=\"elementor-element elementor-element-91ced51 elementor-widget elementor-widget-image\" data-id=\"91ced51\" data-element_type=\"widget\" data-widget_type=\"image.default\">\n\t\t\t\t<div class=\"elementor-widget-container\">\n\t\t\t\t\t\t\t\t\t\t\t\t<figure class=\"wp-caption\">\n\t\t\t\t\t\t\t\t\t\t<img decoding=\"async\" data-attachment-id=\"400779\" data-permalink=\"https:\/\/wptpower.com\/es\/sectores-de-mercado-industria-naval\/hyd-ss-brake-nov-winch-rev-1\/\" data-orig-file=\"https:\/\/wptpower.com\/wp-content\/uploads\/2020\/06\/Hyd-SS-Brake-NOV-Winch-REV-1-scaled.jpg\" data-orig-size=\"2560,1440\" data-comments-opened=\"0\" data-image-meta=\"{&quot;aperture&quot;:&quot;0&quot;,&quot;credit&quot;:&quot;&quot;,&quot;camera&quot;:&quot;&quot;,&quot;caption&quot;:&quot;&quot;,&quot;created_timestamp&quot;:&quot;0&quot;,&quot;copyright&quot;:&quot;&quot;,&quot;focal_length&quot;:&quot;0&quot;,&quot;iso&quot;:&quot;0&quot;,&quot;shutter_speed&quot;:&quot;0&quot;,&quot;title&quot;:&quot;&quot;,&quot;orientation&quot;:&quot;0&quot;}\" data-image-title=\"Hydraulic Low Inertia Spring Set Brake on winch\" data-image-description=\"&lt;p&gt;Hydraulic low inertia spring set brake on positioning winch&lt;\/p&gt;\" data-image-caption=\"\" data-medium-file=\"https:\/\/wptpower.com\/wp-content\/uploads\/2020\/06\/Hyd-SS-Brake-NOV-Winch-REV-1-300x169.jpg\" data-large-file=\"https:\/\/wptpower.com\/wp-content\/uploads\/2020\/06\/Hyd-SS-Brake-NOV-Winch-REV-1-1024x576.jpg\" width=\"768\" height=\"432\" src=\"https:\/\/wptpower.com\/wp-content\/uploads\/2020\/06\/Hyd-SS-Brake-NOV-Winch-REV-1-768x432.jpg\" class=\"attachment-medium_large size-medium_large wp-image-400779\" alt=\"Freno de Baja Inercia en el winch de amarre\" srcset=\"https:\/\/wptpower.com\/wp-content\/uploads\/2020\/06\/Hyd-SS-Brake-NOV-Winch-REV-1-768x432.jpg 768w, https:\/\/wptpower.com\/wp-content\/uploads\/2020\/06\/Hyd-SS-Brake-NOV-Winch-REV-1-scaled-600x338.jpg 600w, https:\/\/wptpower.com\/wp-content\/uploads\/2020\/06\/Hyd-SS-Brake-NOV-Winch-REV-1-300x169.jpg 300w, https:\/\/wptpower.com\/wp-content\/uploads\/2020\/06\/Hyd-SS-Brake-NOV-Winch-REV-1-1024x576.jpg 1024w, https:\/\/wptpower.com\/wp-content\/uploads\/2020\/06\/Hyd-SS-Brake-NOV-Winch-REV-1-1536x864.jpg 1536w, https:\/\/wptpower.com\/wp-content\/uploads\/2020\/06\/Hyd-SS-Brake-NOV-Winch-REV-1-2048x1152.jpg 2048w\" sizes=\"(max-width: 768px) 100vw, 768px\" \/>\t\t\t\t\t\t\t\t\t\t\t<figcaption class=\"widget-image-caption wp-caption-text\"><\/figcaption>\n\t\t\t\t\t\t\t\t\t\t<\/figure>\n\t\t\t\t\t\t\t\t\t<\/div>\n\t\t\t\t<\/div>\n\t\t\t\t<div class=\"elementor-element elementor-element-7b3d36e elementor-widget elementor-widget-text-editor\" data-id=\"7b3d36e\" data-element_type=\"widget\" data-widget_type=\"text-editor.default\">\n\t\t\t\t<div class=\"elementor-widget-container\">\n\t\t\t\t\t\t\t\t\t<p><em>Freno Hidr\u00e1ulico de Baja Inercia de Aplicaci\u00f3n por Resorte en el winch de posicionamiento.<\/em><\/p>\t\t\t\t\t\t\t\t<\/div>\n\t\t\t\t<\/div>\n\t\t\t\t<div class=\"elementor-element elementor-element-dfb8f3d elementor-widget elementor-widget-text-editor\" data-id=\"dfb8f3d\" data-element_type=\"widget\" data-widget_type=\"text-editor.default\">\n\t\t\t\t<div class=\"elementor-widget-container\">\n\t\t\t\t\t\t\t\t\t<p><span data-preserver-spaces=\"true\">La l\u00ednea de productos de Baja Inercia es el complemento perfecto para cualquier winch marino. Los\u00a0<\/span><a class=\"editor-rtfLink\" href=\"https:\/\/wptpower.com\/es\/producto\/embrague-de-baja-inercia\/\" target=\"_blank\" rel=\"noopener\"><span data-preserver-spaces=\"true\">Embragues de Baja Inercia<\/span><\/a><span data-preserver-spaces=\"true\">\u00a0y\u00a0<\/span><a class=\"editor-rtfLink\" href=\"https:\/\/wptpower.com\/es\/producto\/embrague-de-alto-par-y-baja-inercia\/\" target=\"_blank\" rel=\"noopener\"><span data-preserver-spaces=\"true\">Embragues de Baja Inercia y Alto Torque<\/span><\/a><span data-preserver-spaces=\"true\">\u00a0est\u00e1n disponibles en tama\u00f1os que van de 6 a 60 pulgadas para adaptarse a las exigencias del sistema de accionamiento de los winches modernos de la Industria Marina. Es dif\u00edcil superar el Freno de Baja Inercia y el Freno de Baja Inercia de Aplicaci\u00f3n por Resorte cuando necesitas un frenado de servicio est\u00e1ndar. Este \u00faltimo es perfecto para funciones industriales de freno de emergencia o de estacionamiento. Como su nombre indica, esta l\u00ednea de frenos para la industria marina incluye un dise\u00f1o de baja inercia que reduce la masa rotacional y la cantidad de energ\u00eda necesaria o perdida durante los arranques y las paradas. Las opciones de accionamiento incluyen neum\u00e1tico e hidr\u00e1ulico<\/span>.\u00a0<\/p>\n<p><span data-preserver-spaces=\"true\">Todos los productos mencionados est\u00e1n disponibles con la tecnolog\u00eda patentada de WPT, el\u00a0<\/span><a class=\"editor-rtfLink\" href=\"https:\/\/wptpower.com\/es\/2020\/09\/14\/paquete-completo-de-proteccion-contra-la-corrosion-marina\/\" target=\"_blank\" rel=\"noopener\"><span data-preserver-spaces=\"true\">Paquete FMCP<\/span><\/a><span data-preserver-spaces=\"true\">. El paquete de Full Marine Corrosion Protection (Protecci\u00f3n Contra Corrosi\u00f3n Marina) proporciona la defensa necesaria para los equipos que funcionan sobre o bajo cubierta en los entornos m\u00e1s duros de agua salada. Esta opci\u00f3n incluye un proceso de pintura epoxi de tres componentes, torniller\u00eda de acero inoxidable, sujetadores, drive rings chapados, cubos y placas de transmisi\u00f3n. Adem\u00e1s de la gama de embragues y frenos industriales, tambi\u00e9n disponemos de tomas de fuerza (PTOs) y PTOs para Bombas Hidr\u00e1ulicas para la industria marina que se atornillan directamente a la parte trasera de los motores diesel industriales<\/span>.<\/p>\n<p><span data-preserver-spaces=\"true\">La Toma de Fuerza Mec\u00e1nica Pilotless\u00ae, la Toma de Fuerza Sobre el Eje Pilotless\u00ae, la Toma de Fuerza de Tipo 1 y la Toma de Fuerza de Tipo 2 de WPT tampoco son ajenas a la industria marina. Las aplicaciones t\u00edpicas incluyen bombas de control de diques e inundaciones, bombas de extinci\u00f3n de incendios, bombas de barcazas y bombas de dragado. Las <\/span><a class=\"editor-rtfLink\" href=\"https:\/\/wptpower.com\/es\/productos-accionados-por-motor\/\" target=\"_blank\" rel=\"noopener\"><span data-preserver-spaces=\"true\">tomas de fuerza<\/span><\/a><span data-preserver-spaces=\"true\">\u00a0se utilizan normalmente como desconexi\u00f3n mec\u00e1nica. Esto permite que el motor alcance la temperatura de funcionamiento adecuada o para arranques peri\u00f3dicos sin hacer funcionar la bomba. En algunos casos, la carga de la bomba puede superar la potencia disponible del motor al ralent\u00ed. La toma de fuerza se utiliza para un arranque asistido del sistema<\/span>.\u00a0\u00a0<\/p>\n<p><span data-preserver-spaces=\"true\">La\u00a0<\/span><a class=\"editor-rtfLink\" href=\"https:\/\/wptpower.com\/es\/producto\/power-pump-drives\/\" target=\"_blank\" rel=\"noopener\"><span data-preserver-spaces=\"true\">PTO para Bombas Hidr\u00e1ulicas de WPT<\/span><\/a><span data-preserver-spaces=\"true\">\u00a0es beneficioso cuando se necesitan almohadillas de bomba SAE adicionales para accionar equipos auxiliares como bombas hidr\u00e1ulicas. Las PTOs para bombas hidr\u00e1ulicas accionadas por correa or engranajes se montan en la parte trasera de un motor di\u00e9sel con una interfaz SAE est\u00e1ndar y proporcionan de una a ocho almohadillas de bomba, seg\u00fan el modelo. Tambi\u00e9n disponen de una transmisi\u00f3n principal con opciones de montaje SAE industrial. Esta \u00faltima caracter\u00edstica permite atornillar directamente un generador, una transmisi\u00f3n, una bomba o una toma de fuerza de WPT al propulsor.\u00a0<\/span><\/p>\n<p><span data-preserver-spaces=\"true\">Por lo tanto, cuando se trata de la Industria Marina, WPT Power tiene diversas ofertas de l\u00edneas de productos para todas sus necesidades de equipos. Ya se trate de un freno industrial Refrigerado por Agua para un winch, un embrague Industrial de Baja Inercia para su sistema de accionamiento, una Toma de Fuerza para su bomba, o un PTO para Bombas Hidr\u00e1ulicas para proporcionar montaje auxiliar, WPT tiene el producto para el trabajo y la experiencia para guiarle a trav\u00e9s del proceso de selecci\u00f3n<\/span>.\u00a0<\/p>\n<p><\/p>\n<p>Para m\u00e1s informaci\u00f3n sobre cualquiera de los productos mencionados, <a href=\"https:\/\/wptpower.com\/es\/pongase-en-contacto\/\">p\u00f3ngase en contacto con <\/a>Ingenier\u00eda de Aplicaciones de WPT o Atenci\u00f3n al cliente de WPT Power.\u00a0\u00a0<\/p>\t\t\t\t\t\t\t\t<\/div>\n\t\t\t\t<\/div>\n\t\t\t\t\t<\/div>\n\t\t<\/div>\n\t\t\t\t\t<\/div>\n\t\t<\/section>\n\t\t\t\t<\/div>","protected":false},"excerpt":{"rendered":"<p>Marine Markets WPT freno refrigerado por agua en el cabrestante de remolque escolta. WPT Power ha construido una reputaci\u00f3n en la industria marina para la entrega consistente de productos que pueden hacer el trabajo. Ofrecemos una l\u00ednea robusta de embragues y frenos industriales y marinos que funcionan en una amplia gama de aplicaciones. El freno refrigerado por agua, refrigerado por agua [...]<\/p>","protected":false},"author":281,"featured_media":0,"parent":2841,"menu_order":0,"comment_status":"closed","ping_status":"closed","template":"elementor_header_footer","meta":{"jetpack_post_was_ever_published":false,"footnotes":""},"class_list":["post-400808","page","type-page","status-publish","hentry"],"jetpack_sharing_enabled":true,"_links":{"self":[{"href":"https:\/\/wptpower.com\/es\/wp-json\/wp\/v2\/pages\/400808","targetHints":{"allow":["GET"]}}],"collection":[{"href":"https:\/\/wptpower.com\/es\/wp-json\/wp\/v2\/pages"}],"about":[{"href":"https:\/\/wptpower.com\/es\/wp-json\/wp\/v2\/types\/page"}],"author":[{"embeddable":true,"href":"https:\/\/wptpower.com\/es\/wp-json\/wp\/v2\/users\/281"}],"replies":[{"embeddable":true,"href":"https:\/\/wptpower.com\/es\/wp-json\/wp\/v2\/comments?post=400808"}],"version-history":[{"count":0,"href":"https:\/\/wptpower.com\/es\/wp-json\/wp\/v2\/pages\/400808\/revisions"}],"up":[{"embeddable":true,"href":"https:\/\/wptpower.com\/es\/wp-json\/wp\/v2\/pages\/2841"}],"wp:attachment":[{"href":"https:\/\/wptpower.com\/es\/wp-json\/wp\/v2\/media?parent=400808"}],"curies":[{"name":"wp","href":"https:\/\/api.w.org\/{rel}","templated":true}]}}