{"id":401476,"date":"2020-08-31T11:00:27","date_gmt":"2020-08-31T16:00:27","guid":{"rendered":"https:\/\/wptpower.com\/?page_id=401476"},"modified":"2023-08-31T09:42:21","modified_gmt":"2023-08-31T14:42:21","slug":"agricultura","status":"publish","type":"page","link":"https:\/\/wptpower.com\/es\/sectores-del-mercado\/agricultura\/","title":{"rendered":"Agricultura"},"content":{"rendered":"<div data-elementor-type=\"wp-page\" data-elementor-id=\"401476\" class=\"elementor elementor-401476\" data-elementor-post-type=\"page\">\n\t\t\t\t\t\t<section class=\"elementor-section elementor-top-section elementor-element elementor-element-1ed7649 elementor-section-boxed elementor-section-height-default elementor-section-height-default\" data-id=\"1ed7649\" data-element_type=\"section\">\n\t\t\t\t\t\t<div class=\"elementor-container elementor-column-gap-default\">\n\t\t\t\t\t<div class=\"elementor-column elementor-col-100 elementor-top-column elementor-element elementor-element-96c4c94\" data-id=\"96c4c94\" data-element_type=\"column\">\n\t\t\t<div class=\"elementor-widget-wrap elementor-element-populated\">\n\t\t\t\t\t\t<div class=\"elementor-element elementor-element-0d6b5ca elementor-widget elementor-widget-spacer\" data-id=\"0d6b5ca\" data-element_type=\"widget\" data-widget_type=\"spacer.default\">\n\t\t\t\t<div class=\"elementor-widget-container\">\n\t\t\t\t\t\t\t<div class=\"elementor-spacer\">\n\t\t\t<div class=\"elementor-spacer-inner\"><\/div>\n\t\t<\/div>\n\t\t\t\t\t\t<\/div>\n\t\t\t\t<\/div>\n\t\t\t\t\t<\/div>\n\t\t<\/div>\n\t\t\t\t\t<\/div>\n\t\t<\/section>\n\t\t\t\t<section class=\"elementor-section elementor-top-section elementor-element elementor-element-c2e171c elementor-section-boxed elementor-section-height-default elementor-section-height-default\" data-id=\"c2e171c\" data-element_type=\"section\">\n\t\t\t\t\t\t<div class=\"elementor-container elementor-column-gap-default\">\n\t\t\t\t\t<div class=\"elementor-column elementor-col-33 elementor-top-column elementor-element elementor-element-8e07445\" data-id=\"8e07445\" data-element_type=\"column\">\n\t\t\t<div class=\"elementor-widget-wrap elementor-element-populated\">\n\t\t\t\t\t\t<div class=\"elementor-element elementor-element-b1a733f elementor-widget elementor-widget-spacer\" data-id=\"b1a733f\" data-element_type=\"widget\" data-widget_type=\"spacer.default\">\n\t\t\t\t<div class=\"elementor-widget-container\">\n\t\t\t\t\t\t\t<div class=\"elementor-spacer\">\n\t\t\t<div class=\"elementor-spacer-inner\"><\/div>\n\t\t<\/div>\n\t\t\t\t\t\t<\/div>\n\t\t\t\t<\/div>\n\t\t\t\t<div class=\"elementor-element elementor-element-ce35d99 elementor-widget elementor-widget-heading\" data-id=\"ce35d99\" data-element_type=\"widget\" data-widget_type=\"heading.default\">\n\t\t\t\t<div class=\"elementor-widget-container\">\n\t\t\t\t\t<h1 class=\"elementor-heading-title elementor-size-default\">Agricultura<\/h1>\t\t\t\t<\/div>\n\t\t\t\t<\/div>\n\t\t\t\t\t<\/div>\n\t\t<\/div>\n\t\t\t\t<div class=\"elementor-column elementor-col-66 elementor-top-column elementor-element elementor-element-c3fa6cd\" data-id=\"c3fa6cd\" data-element_type=\"column\">\n\t\t\t<div class=\"elementor-widget-wrap elementor-element-populated\">\n\t\t\t\t\t\t<section class=\"elementor-section elementor-inner-section elementor-element elementor-element-d8a5f79 elementor-section-boxed elementor-section-height-default elementor-section-height-default\" data-id=\"d8a5f79\" data-element_type=\"section\">\n\t\t\t\t\t\t<div class=\"elementor-container elementor-column-gap-default\">\n\t\t\t\t\t<div class=\"elementor-column elementor-col-100 elementor-inner-column elementor-element elementor-element-6fc4e6c\" data-id=\"6fc4e6c\" data-element_type=\"column\">\n\t\t\t<div class=\"elementor-widget-wrap elementor-element-populated\">\n\t\t\t\t\t\t<div class=\"elementor-element elementor-element-a29406b elementor-widget elementor-widget-spacer\" data-id=\"a29406b\" data-element_type=\"widget\" data-widget_type=\"spacer.default\">\n\t\t\t\t<div class=\"elementor-widget-container\">\n\t\t\t\t\t\t\t<div class=\"elementor-spacer\">\n\t\t\t<div class=\"elementor-spacer-inner\"><\/div>\n\t\t<\/div>\n\t\t\t\t\t\t<\/div>\n\t\t\t\t<\/div>\n\t\t\t\t\t<\/div>\n\t\t<\/div>\n\t\t\t\t\t<\/div>\n\t\t<\/section>\n\t\t\t\t<div class=\"elementor-element elementor-element-1fb0011 elementor-widget elementor-widget-text-editor\" data-id=\"1fb0011\" data-element_type=\"widget\" data-widget_type=\"text-editor.default\">\n\t\t\t\t<div class=\"elementor-widget-container\">\n\t\t\t\t\t\t\t\t\t<p><span data-preserver-spaces=\"true\">Los productos de WPT Power desempe\u00f1an un papel importante en el mercado de agricultura. Con productos como la innovadora Toma de Fuerza (PTO) Pilotless\u00ae, las robustas Tomas de Fuerza de Tipo 1 y Tipo 2, <\/span><a class=\"editor-rtfLink\" href=\"https:\/\/wptpower.com\/es\/2020\/05\/11\/ptos-estilo-gm-en-motores-glp\/\" target=\"_blank\" rel=\"noopener\"><span data-preserver-spaces=\"true\">estilo GM\u00ae<\/span><\/a><span data-preserver-spaces=\"true\">\u00a0y Tomas de Fuerza estilo Automotriz y los PTOs para Bombas Hidr\u00e1ulicas, WPT tiene la soluci\u00f3n no importa lo que usted necesita. Junto con nuestro inigualable servicio al cliente y capacidades de ingenier\u00eda, tener a WPT en su equipo agr\u00edcola significa que m\u00e1s trabajo se llega a cumplir.<\/span><\/p><p class=\"translation-block\"><span data-preserver-spaces=\"true\">La\u00a0<\/span><a class=\"editor-rtfLink\" href=\"https:\/\/wptpower.mystagingwebsite.com\/product\/pilotless-mechanical-pto\/\" target=\"_blank\" rel=\"noopener\"><span data-preserver-spaces=\"true\">l\u00ednea de Tomas de Fuerza Pilotless\u00ae<\/span><\/a><span data-preserver-spaces=\"true\">\u00a0cuenta con componentes de embrague de m\u00e1xima calidad y rodamientos principales dobles de rodillos esf\u00e9ricos para una carga m\u00e1xima de la correa. Est\u00e1n disponibles en funcionamiento mec\u00e1nico, hidr\u00e1ulico o neum\u00e1tico.  Estas tomas de fuerza son perfectas para procesadoras de pacas, trituradoras de tolva,\u00a0<\/span><a class=\"editor-rtfLink\" href=\"https:\/\/wptpower.mystagingwebsite.com\/2020\/07\/15\/pack-your-bags\/\" target=\"_blank\" rel=\"noopener\"><span data-preserver-spaces=\"true\">ensacadoras<\/span><\/a><span data-preserver-spaces=\"true\">, volteadores de hileras y muchos m\u00e1s. La Toma de Fuerza Pilotless\u00ae puede montarse en una configuraci\u00f3n accionada por correa o con un eje card\u00e1n para accionar un sinf\u00edn, tambor, soplador o cualquier otro equipo que necesite potencia  heavy-duty de un motor di\u00e9sel.<\/span><\/p>\t\t\t\t\t\t\t\t<\/div>\n\t\t\t\t<\/div>\n\t\t\t\t<div class=\"elementor-element elementor-element-7f03651 elementor-widget elementor-widget-image\" data-id=\"7f03651\" data-element_type=\"widget\" data-widget_type=\"image.default\">\n\t\t\t\t<div class=\"elementor-widget-container\">\n\t\t\t\t\t\t\t\t\t\t\t\t<figure class=\"wp-caption\">\n\t\t\t\t\t\t\t\t\t\t<img fetchpriority=\"high\" decoding=\"async\" data-attachment-id=\"401449\" data-permalink=\"https:\/\/wptpower.com\/es\/sectores-de-mercado-agricultura\/banana-irrigation-with-pto-with-cardan-shaft\/\" data-orig-file=\"https:\/\/wptpower.com\/wp-content\/uploads\/2020\/08\/Banana-Irrigation-with-PTO-with-cardan-shaft.jpg\" data-orig-size=\"840,556\" data-comments-opened=\"0\" data-image-meta=\"{&quot;aperture&quot;:&quot;5.6&quot;,&quot;credit&quot;:&quot;&quot;,&quot;camera&quot;:&quot;NIKON D5100&quot;,&quot;caption&quot;:&quot;????????????????????????????????????&quot;,&quot;created_timestamp&quot;:&quot;1439499415&quot;,&quot;copyright&quot;:&quot;&quot;,&quot;focal_length&quot;:&quot;28&quot;,&quot;iso&quot;:&quot;200&quot;,&quot;shutter_speed&quot;:&quot;0.008&quot;,&quot;title&quot;:&quot;&quot;,&quot;orientation&quot;:&quot;1&quot;}\" data-image-title=\"Banana Irrigation with PTO\" data-image-description=\"&lt;p&gt;Engine package for banana Irrigation with PTO cardan shaft&lt;\/p&gt;\" data-image-caption=\"\" data-large-file=\"https:\/\/wptpower.com\/wp-content\/uploads\/2020\/08\/Banana-Irrigation-with-PTO-with-cardan-shaft.jpg\" width=\"768\" height=\"508\" src=\"https:\/\/wptpower.com\/wp-content\/uploads\/2020\/08\/Banana-Irrigation-with-PTO-with-cardan-shaft-768x508.jpg\" class=\"attachment-medium_large size-medium_large wp-image-401449\" alt=\"Toma de Fuerza Mec\u00e1nica Pilotless\u00ae para la Agricultura\" srcset=\"https:\/\/wptpower.com\/wp-content\/uploads\/2020\/08\/Banana-Irrigation-with-PTO-with-cardan-shaft-768x508.jpg 768w, https:\/\/wptpower.com\/wp-content\/uploads\/2020\/08\/Banana-Irrigation-with-PTO-with-cardan-shaft-300x199.jpg 300w, https:\/\/wptpower.com\/wp-content\/uploads\/2020\/08\/Banana-Irrigation-with-PTO-with-cardan-shaft-600x397.jpg 600w, https:\/\/wptpower.com\/wp-content\/uploads\/2020\/08\/Banana-Irrigation-with-PTO-with-cardan-shaft.jpg 840w\" sizes=\"(max-width: 768px) 100vw, 768px\" \/>\t\t\t\t\t\t\t\t\t\t\t<figcaption class=\"widget-image-caption wp-caption-text\"><\/figcaption>\n\t\t\t\t\t\t\t\t\t\t<\/figure>\n\t\t\t\t\t\t\t\t\t<\/div>\n\t\t\t\t<\/div>\n\t\t\t\t<div class=\"elementor-element elementor-element-68aa1dc elementor-widget elementor-widget-text-editor\" data-id=\"68aa1dc\" data-element_type=\"widget\" data-widget_type=\"text-editor.default\">\n\t\t\t\t<div class=\"elementor-widget-container\">\n\t\t\t\t\t\t\t\t\t<p><em>El riego de banano utiliza la Toma de Fuerza Pilotless\u00ae con eje card\u00e1n.<\/em><\/p>\t\t\t\t\t\t\t\t<\/div>\n\t\t\t\t<\/div>\n\t\t\t\t<div class=\"elementor-element elementor-element-9fa1d98 elementor-widget elementor-widget-text-editor\" data-id=\"9fa1d98\" data-element_type=\"widget\" data-widget_type=\"text-editor.default\">\n\t\t\t\t<div class=\"elementor-widget-container\">\n\t\t\t\t\t\t\t\t\t<p><span data-preserver-spaces=\"true\">Las Tomas de Fuerza WPT de Tipo 1 y Tipo 2 pueden utilizarse en muchas de las mismas aplicaciones que las Tomas de Fuerza Pilotless\u00ae, pero est\u00e1n dise\u00f1adas exclusivamente para transmisiones por correa. <\/span><a class=\"editor-rtfLink\" href=\"https:\/\/wptpower.com\/es\/producto\/toma-de-fuerza-tipo-1\/\" target=\"_blank\" rel=\"noopener\"><span data-preserver-spaces=\"true\">Tipo 1<\/span><\/a><span data-preserver-spaces=\"true\">\u00a0y\u00a0<\/span><a class=\"editor-rtfLink\" href=\"https:\/\/wptpower.com\/es\/producto\/toma-de-fuerza-tipo-2\/\" target=\"_blank\" rel=\"noopener\"><span data-preserver-spaces=\"true\">Tipo 2<\/span><\/a><span data-preserver-spaces=\"true\"> est\u00e1n disponibles con accionamiento hidr\u00e1ulico o neum\u00e1tico. El Tipo 1 est\u00e1 dise\u00f1ado para soportar la m\u00e1xima tensi\u00f3n de correa (o carga lateral) de cualquier PTO. La PTO de Tipo 2 cuenta con una carcasa r\u00edgida de dos piezas y un soporte de cojinetes para ofrecer una potencia considerable en un paquete compacto. Las Tomas de Fuerza Tipo 1 y Tipo 2 pueden combinarse con el\u00a0<\/span><a class=\"editor-rtfLink\" href=\"https:\/\/wptpower.com\/es\/producto\/control-de-embrague-hidraulico\/\" target=\"_blank\" rel=\"noopener\"><span data-preserver-spaces=\"true\">Control de Embrague Hidr\u00e1ulico Python\u00ae<\/span><\/a><span data-preserver-spaces=\"true\">\u00a0de WPT (HCC) o la\u00a0<\/span><a class=\"editor-rtfLink\" href=\"https:\/\/wptpower.com\/es\/producto\/unidad-de-potencia-hidraulica\/\" target=\"_blank\" rel=\"noopener\"><span data-preserver-spaces=\"true\">Unidad de Potencia Hidr\u00e1ulica<\/span><\/a><span data-preserver-spaces=\"true\">\u00a0de WPT (HPU) para la conexi\u00f3n remota de equipos.<\/span><\/p>\t\t\t\t\t\t\t\t<\/div>\n\t\t\t\t<\/div>\n\t\t\t\t<div class=\"elementor-element elementor-element-91ced51 elementor-widget elementor-widget-image\" data-id=\"91ced51\" data-element_type=\"widget\" data-widget_type=\"image.default\">\n\t\t\t\t<div class=\"elementor-widget-container\">\n\t\t\t\t\t\t\t\t\t\t\t\t<figure class=\"wp-caption\">\n\t\t\t\t\t\t\t\t\t\t<img decoding=\"async\" data-attachment-id=\"401496\" data-permalink=\"https:\/\/wptpower.com\/es\/sectores-de-mercado-agricultura\/inline-3\/\" data-orig-file=\"https:\/\/wptpower.com\/wp-content\/uploads\/2020\/08\/INLINE-3.jpg\" data-orig-size=\"400,300\" data-comments-opened=\"0\" data-image-meta=\"{&quot;aperture&quot;:&quot;0&quot;,&quot;credit&quot;:&quot;&quot;,&quot;camera&quot;:&quot;&quot;,&quot;caption&quot;:&quot;&quot;,&quot;created_timestamp&quot;:&quot;0&quot;,&quot;copyright&quot;:&quot;&quot;,&quot;focal_length&quot;:&quot;0&quot;,&quot;iso&quot;:&quot;0&quot;,&quot;shutter_speed&quot;:&quot;0&quot;,&quot;title&quot;:&quot;&quot;,&quot;orientation&quot;:&quot;0&quot;}\" data-image-title=\"Inline Power Take-Off\" data-image-description=\"&lt;p&gt;Inline PTO on a tub grinder application&lt;\/p&gt;\" data-image-caption=\"\" data-large-file=\"https:\/\/wptpower.com\/wp-content\/uploads\/2020\/08\/INLINE-3.jpg\" width=\"400\" height=\"300\" src=\"https:\/\/wptpower.com\/wp-content\/uploads\/2020\/08\/INLINE-3.jpg\" class=\"attachment-large size-large wp-image-401496\" alt=\"Toma de fuerza en trituradora de cuba\" srcset=\"https:\/\/wptpower.com\/wp-content\/uploads\/2020\/08\/INLINE-3.jpg 400w, https:\/\/wptpower.com\/wp-content\/uploads\/2020\/08\/INLINE-3-300x225.jpg 300w\" sizes=\"(max-width: 400px) 100vw, 400px\" \/>\t\t\t\t\t\t\t\t\t\t\t<figcaption class=\"widget-image-caption wp-caption-text\"><\/figcaption>\n\t\t\t\t\t\t\t\t\t\t<\/figure>\n\t\t\t\t\t\t\t\t\t<\/div>\n\t\t\t\t<\/div>\n\t\t\t\t<div class=\"elementor-element elementor-element-7b3d36e elementor-widget elementor-widget-text-editor\" data-id=\"7b3d36e\" data-element_type=\"widget\" data-widget_type=\"text-editor.default\">\n\t\t\t\t<div class=\"elementor-widget-container\">\n\t\t\t\t\t\t\t\t\t<p><em>Toma de fuerza en l\u00ednea en aplicaci\u00f3n de trituradora de cuba.<br \/><\/em><\/p>\t\t\t\t\t\t\t\t<\/div>\n\t\t\t\t<\/div>\n\t\t\t\t<div class=\"elementor-element elementor-element-dfb8f3d elementor-widget elementor-widget-text-editor\" data-id=\"dfb8f3d\" data-element_type=\"widget\" data-widget_type=\"text-editor.default\">\n\t\t\t\t<div class=\"elementor-widget-container\">\n\t\t\t\t\t\t\t\t\t<p>El riego es un proceso fundamental en la producci\u00f3n de cultivos agr\u00edcolas, especialmente en periodos de precipitaciones inferiores a la media. Tambi\u00e9n se utiliza para la supresi\u00f3n del polvo, la prevenci\u00f3n de heladas, refrescando al ganado y la supresi\u00f3n del crecimiento de hierbas malas. Uno de los componentes centrales de un sistema de riego es el embrague de Toma de Fuerza. Las tomas de fuerza m\u00e1s comunes en los mercados de riego son de <a href=\"https:\/\/wptpower.com\/es\/producto\/toma-de-fuerza-estilo-gm\/\">estilo GM\u00ae<\/a> y <a href=\"https:\/\/wptpower.com\/es\/producto\/toma-de-fuerza-de-automocion\/\">Tomas de Fuerza Automotriz<\/a>. Estas tomas de fuerza incorporan paquetes de embrague aplicados por resorte con caras planas para una mayor durabilidad y facilidad de uso. Ambas estilos de tomas de fuerza est\u00e1n dise\u00f1adas para montarse en la parte trasera de un motor di\u00e9sel, de gas o de propano, lo que facilita la reutilizaci\u00f3n del equipo para otras necesidades. Estas tomas de fuerza tambi\u00e9n disponen de mecanismos de acoplamiento que se colocan internamente para proteger los componentes de residuos, roedores, condiciones de clima adversos y da\u00f1os.<\/p>\t\t\t\t\t\t\t\t<\/div>\n\t\t\t\t<\/div>\n\t\t\t\t<div class=\"elementor-element elementor-element-bb400cf elementor-widget elementor-widget-image\" data-id=\"bb400cf\" data-element_type=\"widget\" data-widget_type=\"image.default\">\n\t\t\t\t<div class=\"elementor-widget-container\">\n\t\t\t\t\t\t\t\t\t\t\t\t\t\t\t<img decoding=\"async\" data-attachment-id=\"401451\" data-permalink=\"https:\/\/wptpower.com\/es\/sectores-de-mercado-agricultura\/irrigation-rfm-pto\/\" data-orig-file=\"https:\/\/wptpower.com\/wp-content\/uploads\/2020\/08\/Irrigation-RFM-PTO.jpg\" data-orig-size=\"900,676\" data-comments-opened=\"0\" data-image-meta=\"{&quot;aperture&quot;:&quot;1.8&quot;,&quot;credit&quot;:&quot;&quot;,&quot;camera&quot;:&quot;iPhone 8&quot;,&quot;caption&quot;:&quot;&quot;,&quot;created_timestamp&quot;:&quot;1583929935&quot;,&quot;copyright&quot;:&quot;&quot;,&quot;focal_length&quot;:&quot;3.99&quot;,&quot;iso&quot;:&quot;20&quot;,&quot;shutter_speed&quot;:&quot;0.0015625&quot;,&quot;title&quot;:&quot;&quot;,&quot;orientation&quot;:&quot;1&quot;}\" data-image-title=\"PTO on Irrigation engine package\" data-image-description=\"&lt;p&gt;Pilotless Power Take-Off in irrigation engine package&lt;\/p&gt;\" data-image-caption=\"\" data-large-file=\"https:\/\/wptpower.com\/wp-content\/uploads\/2020\/08\/Irrigation-RFM-PTO.jpg\" width=\"768\" height=\"577\" src=\"https:\/\/wptpower.com\/wp-content\/uploads\/2020\/08\/Irrigation-RFM-PTO-768x577.jpg\" class=\"attachment-medium_large size-medium_large wp-image-401451\" alt=\"Toma de Fuerza Pilotless\u00ae en el riego de agricultura\" srcset=\"https:\/\/wptpower.com\/wp-content\/uploads\/2020\/08\/Irrigation-RFM-PTO-768x577.jpg 768w, https:\/\/wptpower.com\/wp-content\/uploads\/2020\/08\/Irrigation-RFM-PTO-300x225.jpg 300w, https:\/\/wptpower.com\/wp-content\/uploads\/2020\/08\/Irrigation-RFM-PTO-600x451.jpg 600w, https:\/\/wptpower.com\/wp-content\/uploads\/2020\/08\/Irrigation-RFM-PTO.jpg 900w\" sizes=\"(max-width: 768px) 100vw, 768px\" \/>\t\t\t\t\t\t\t\t\t\t\t\t\t\t\t<\/div>\n\t\t\t\t<\/div>\n\t\t\t\t<div class=\"elementor-element elementor-element-7255fa7 elementor-widget elementor-widget-text-editor\" data-id=\"7255fa7\" data-element_type=\"widget\" data-widget_type=\"text-editor.default\">\n\t\t\t\t<div class=\"elementor-widget-container\">\n\t\t\t\t\t\t\t\t\t<p><em>Toma de fuerza mec\u00e1nica Pilotless\u00ae en el paquete del motor de riego.<\/em><\/p>\t\t\t\t\t\t\t\t<\/div>\n\t\t\t\t<\/div>\n\t\t\t\t<div class=\"elementor-element elementor-element-64e6f98 elementor-widget elementor-widget-text-editor\" data-id=\"64e6f98\" data-element_type=\"widget\" data-widget_type=\"text-editor.default\">\n\t\t\t\t<div class=\"elementor-widget-container\">\n\t\t\t\t\t\t\t\t\t<p>Con la llegada de las normas de emisiones di\u00e9sel Tier 4, es cada vez m\u00e1s probable que los fabricantes de motores no proporcionen montaje para bombas hidr\u00e1ulicas auxiliares o rechacen la opci\u00f3n de accionarlas desde la parte delantera del cig\u00fce\u00f1al. Esto crea un problema para los fabricantes de equipos y los usuarios finales, y es aqu\u00ed donde el <a href=\"https:\/\/wptpower.com\/es\/producto\/power-pump-drives\/\">PTO para Bombas Hidr\u00e1ulicas<\/a> de WPT viene a sacarlos de un apuro. Las PTO para bombas hidr\u00e1ulicas est\u00e1n dise\u00f1adas estrat\u00e9gicamente para atornillarse a la salida SAE principal de un motor diesel industrial y proporcionar de uno a ocho soportes de brida de motor y bomba hidr\u00e1ulica SAE. Estos soportes pueden accionar transmisiones hidrost\u00e1ticas para equipos m\u00f3viles, compresores de aire, generadores y bombas hidr\u00e1ulicas para plumas, winches, excavadoras, garras, cargadoras, y m\u00e1s. La PTO para bombas hidr\u00e1ulicas m\u00e1s peque\u00f1a es el modelo WPD-03, una unidad de accionamiento por correa s\u00edncrona para trabajos ligeros disponible en varios tama\u00f1os de entrada SAE y un tama\u00f1o de salida SAE. El siguiente modelo es el WPD-00 para trabajos medios. Esta unidad es accionada por engranajes y tiene dos cabezales de bomba con un total de cuatro soportes SAE disponibles para las bombas. Las opciones de entrada incluyen soportes SAE #3, #2 y #1. Los dos modelos siguientes son el WPD-01 y el WPD-02, que son unidades grandes y extragrandes para servicio pesado. Ambas unidades presentan un dise\u00f1o de cabezal modular que puede personalizarse para proporcionar de uno a ocho soportes de almohadilla. Tambi\u00e9n disponen de un intercambiador de calor interno para la refrigeraci\u00f3n auxiliar del aceite de los engranajes.<\/p><p>As\u00ed que, cuando llegue el momento de encontrar el equipo adecuado para su maquinaria agr\u00edcola, WPT estar\u00e1 ah\u00ed con nuestro Servicio de Atenci\u00f3n al Cliente y nuestras capacidades de Ingenier\u00eda l\u00edderes en el sector. Y tanto si se trata de la l\u00ednea de Tomas de Fuerza Pilotless\u00ae, las Tomas de Fuerza de Tipo 1 y Tipo 2, las Tomas de Fuerza GM\u00ae y estilo Automotriz, o las PTOs para Bombas Hidr\u00e1ulicas, trabajaremos con usted hasta el final.<\/p><p class=\"translation-block\">Para obtener m\u00e1s informaci\u00f3n sobre cualquiera de los productos mencionados anteriormente, p\u00f3ngase en contacto con Ingenier\u00eda de Aplicaciones de WPT Power o el <a href=\"https:\/\/wptpower.mystagingwebsite.com\/contact\/\" target=\"_self\">Servicio al Cliente de WPT Power<\/a>.<\/p>\t\t\t\t\t\t\t\t<\/div>\n\t\t\t\t<\/div>\n\t\t\t\t\t<\/div>\n\t\t<\/div>\n\t\t\t\t\t<\/div>\n\t\t<\/section>\n\t\t\t\t<\/div>","protected":false},"excerpt":{"rendered":"<p>Mercados agr\u00edcolas Los productos de WPT Power desempe\u00f1an un papel importante en el mercado agr\u00edcola. Con productos como la innovadora toma de fuerza Pilotless\u00ae, las robustas tomas de fuerza de tipo 1 y tipo 2, las tomas de fuerza de estilo GM\u00ae y de automoci\u00f3n, y las transmisiones Power Pump, WPT le cubre cualquier necesidad. Junto con nuestro inigualable servicio al cliente y [...]<\/p>","protected":false},"author":2,"featured_media":0,"parent":2841,"menu_order":0,"comment_status":"closed","ping_status":"closed","template":"elementor_header_footer","meta":{"footnotes":""},"class_list":["post-401476","page","type-page","status-publish","hentry"],"jetpack_sharing_enabled":true,"_links":{"self":[{"href":"https:\/\/wptpower.com\/es\/wp-json\/wp\/v2\/pages\/401476","targetHints":{"allow":["GET"]}}],"collection":[{"href":"https:\/\/wptpower.com\/es\/wp-json\/wp\/v2\/pages"}],"about":[{"href":"https:\/\/wptpower.com\/es\/wp-json\/wp\/v2\/types\/page"}],"author":[{"embeddable":true,"href":"https:\/\/wptpower.com\/es\/wp-json\/wp\/v2\/users\/2"}],"replies":[{"embeddable":true,"href":"https:\/\/wptpower.com\/es\/wp-json\/wp\/v2\/comments?post=401476"}],"version-history":[{"count":0,"href":"https:\/\/wptpower.com\/es\/wp-json\/wp\/v2\/pages\/401476\/revisions"}],"up":[{"embeddable":true,"href":"https:\/\/wptpower.com\/es\/wp-json\/wp\/v2\/pages\/2841"}],"wp:attachment":[{"href":"https:\/\/wptpower.com\/es\/wp-json\/wp\/v2\/media?parent=401476"}],"curies":[{"name":"wp","href":"https:\/\/api.w.org\/{rel}","templated":true}]}}