{"id":402093,"date":"2020-09-30T13:24:46","date_gmt":"2020-09-30T18:24:46","guid":{"rendered":"https:\/\/wptpower.com\/?page_id=402093"},"modified":"2025-02-03T13:14:51","modified_gmt":"2025-02-03T19:14:51","slug":"silvicultura","status":"publish","type":"page","link":"https:\/\/wptpower.com\/es\/sectores-del-mercado\/silvicultura\/","title":{"rendered":"Forestal"},"content":{"rendered":"<div data-elementor-type=\"wp-page\" data-elementor-id=\"402093\" class=\"elementor elementor-402093\" data-elementor-post-type=\"page\">\n\t\t\t\t\t\t<section class=\"elementor-section elementor-top-section elementor-element elementor-element-1ed7649 elementor-section-boxed elementor-section-height-default elementor-section-height-default\" data-id=\"1ed7649\" data-element_type=\"section\">\n\t\t\t\t\t\t<div class=\"elementor-container elementor-column-gap-default\">\n\t\t\t\t\t<div class=\"elementor-column elementor-col-100 elementor-top-column elementor-element elementor-element-96c4c94\" data-id=\"96c4c94\" data-element_type=\"column\">\n\t\t\t<div class=\"elementor-widget-wrap elementor-element-populated\">\n\t\t\t\t\t\t<div class=\"elementor-element elementor-element-0d6b5ca elementor-widget elementor-widget-spacer\" data-id=\"0d6b5ca\" data-element_type=\"widget\" data-widget_type=\"spacer.default\">\n\t\t\t\t<div class=\"elementor-widget-container\">\n\t\t\t\t\t\t\t<div class=\"elementor-spacer\">\n\t\t\t<div class=\"elementor-spacer-inner\"><\/div>\n\t\t<\/div>\n\t\t\t\t\t\t<\/div>\n\t\t\t\t<\/div>\n\t\t\t\t\t<\/div>\n\t\t<\/div>\n\t\t\t\t\t<\/div>\n\t\t<\/section>\n\t\t\t\t<section class=\"elementor-section elementor-top-section elementor-element elementor-element-c2e171c elementor-section-boxed elementor-section-height-default elementor-section-height-default\" data-id=\"c2e171c\" data-element_type=\"section\">\n\t\t\t\t\t\t<div class=\"elementor-container elementor-column-gap-default\">\n\t\t\t\t\t<div class=\"elementor-column elementor-col-33 elementor-top-column elementor-element elementor-element-8e07445\" data-id=\"8e07445\" data-element_type=\"column\">\n\t\t\t<div class=\"elementor-widget-wrap elementor-element-populated\">\n\t\t\t\t\t\t<div class=\"elementor-element elementor-element-b1a733f elementor-widget elementor-widget-spacer\" data-id=\"b1a733f\" data-element_type=\"widget\" data-widget_type=\"spacer.default\">\n\t\t\t\t<div class=\"elementor-widget-container\">\n\t\t\t\t\t\t\t<div class=\"elementor-spacer\">\n\t\t\t<div class=\"elementor-spacer-inner\"><\/div>\n\t\t<\/div>\n\t\t\t\t\t\t<\/div>\n\t\t\t\t<\/div>\n\t\t\t\t<div class=\"elementor-element elementor-element-ce35d99 elementor-widget elementor-widget-heading\" data-id=\"ce35d99\" data-element_type=\"widget\" data-widget_type=\"heading.default\">\n\t\t\t\t<div class=\"elementor-widget-container\">\n\t\t\t\t\t<h1 class=\"elementor-heading-title elementor-size-default\">Mercados Forestales<\/h1>\t\t\t\t<\/div>\n\t\t\t\t<\/div>\n\t\t\t\t\t<\/div>\n\t\t<\/div>\n\t\t\t\t<div class=\"elementor-column elementor-col-66 elementor-top-column elementor-element elementor-element-c3fa6cd\" data-id=\"c3fa6cd\" data-element_type=\"column\">\n\t\t\t<div class=\"elementor-widget-wrap elementor-element-populated\">\n\t\t\t\t\t\t<div class=\"elementor-element elementor-element-95f70ab elementor-widget elementor-widget-image\" data-id=\"95f70ab\" data-element_type=\"widget\" data-widget_type=\"image.default\">\n\t\t\t\t<div class=\"elementor-widget-container\">\n\t\t\t\t\t\t\t\t\t\t\t\t\t\t\t<img fetchpriority=\"high\" decoding=\"async\" data-attachment-id=\"402152\" data-permalink=\"https:\/\/wptpower.com\/es\/side-loading-wood-chipper-type-2\/\" data-orig-file=\"https:\/\/wptpower.com\/wp-content\/uploads\/2020\/09\/Side-Loading-Wood-Chipper-Type-2-e1601502749476.jpg\" data-orig-size=\"1770,1106\" data-comments-opened=\"0\" data-image-meta=\"{&quot;aperture&quot;:&quot;1.8&quot;,&quot;credit&quot;:&quot;&quot;,&quot;camera&quot;:&quot;iPhone 8&quot;,&quot;caption&quot;:&quot;&quot;,&quot;created_timestamp&quot;:&quot;1573212390&quot;,&quot;copyright&quot;:&quot;&quot;,&quot;focal_length&quot;:&quot;3.99&quot;,&quot;iso&quot;:&quot;40&quot;,&quot;shutter_speed&quot;:&quot;0.066666666666667&quot;,&quot;title&quot;:&quot;&quot;,&quot;orientation&quot;:&quot;1&quot;}\" data-image-title=\"Side Loading Wood Chipper Type 2\" data-image-description=\"&lt;p&gt;Type 2 Power Take-off on side loading wood chipper&lt;\/p&gt;\" data-image-caption=\"\" data-large-file=\"https:\/\/wptpower.com\/wp-content\/uploads\/2020\/09\/Side-Loading-Wood-Chipper-Type-2-e1601502749476-1024x640.jpg\" width=\"768\" height=\"480\" src=\"https:\/\/wptpower.com\/wp-content\/uploads\/2020\/09\/Side-Loading-Wood-Chipper-Type-2-e1601502749476-768x480.jpg\" class=\"attachment-medium_large size-medium_large wp-image-402152\" alt=\"Astilladora de Madera\" srcset=\"https:\/\/wptpower.com\/wp-content\/uploads\/2020\/09\/Side-Loading-Wood-Chipper-Type-2-e1601502749476-768x480.jpg 768w, https:\/\/wptpower.com\/wp-content\/uploads\/2020\/09\/Side-Loading-Wood-Chipper-Type-2-e1601502749476-300x187.jpg 300w, https:\/\/wptpower.com\/wp-content\/uploads\/2020\/09\/Side-Loading-Wood-Chipper-Type-2-e1601502749476-1024x640.jpg 1024w, https:\/\/wptpower.com\/wp-content\/uploads\/2020\/09\/Side-Loading-Wood-Chipper-Type-2-e1601502749476-1536x960.jpg 1536w, https:\/\/wptpower.com\/wp-content\/uploads\/2020\/09\/Side-Loading-Wood-Chipper-Type-2-e1601502749476-600x375.jpg 600w, https:\/\/wptpower.com\/wp-content\/uploads\/2020\/09\/Side-Loading-Wood-Chipper-Type-2-e1601502749476.jpg 1770w\" sizes=\"(max-width: 768px) 100vw, 768px\" \/>\t\t\t\t\t\t\t\t\t\t\t\t\t\t\t<\/div>\n\t\t\t\t<\/div>\n\t\t\t\t<div class=\"elementor-element elementor-element-dc27e74 elementor-widget elementor-widget-text-editor\" data-id=\"dc27e74\" data-element_type=\"widget\" data-widget_type=\"text-editor.default\">\n\t\t\t\t<div class=\"elementor-widget-container\">\n\t\t\t\t\t\t\t\t\t<p>Toma de Fuerza Tipo 2 en astilladora de carga lateral.<\/p>\t\t\t\t\t\t\t\t<\/div>\n\t\t\t\t<\/div>\n\t\t\t\t<section class=\"elementor-section elementor-inner-section elementor-element elementor-element-d8a5f79 elementor-section-boxed elementor-section-height-default elementor-section-height-default\" data-id=\"d8a5f79\" data-element_type=\"section\">\n\t\t\t\t\t\t<div class=\"elementor-container elementor-column-gap-default\">\n\t\t\t\t\t<div class=\"elementor-column elementor-col-100 elementor-inner-column elementor-element elementor-element-6fc4e6c\" data-id=\"6fc4e6c\" data-element_type=\"column\">\n\t\t\t<div class=\"elementor-widget-wrap elementor-element-populated\">\n\t\t\t\t\t\t<div class=\"elementor-element elementor-element-3c5c25e elementor-widget elementor-widget-text-editor\" data-id=\"3c5c25e\" data-element_type=\"widget\" data-widget_type=\"text-editor.default\">\n\t\t\t\t<div class=\"elementor-widget-container\">\n\t\t\t\t\t\t\t\t\t<p>La silvicultura es la gesti\u00f3n de terrenos forestales para la cosecha, la conservaci\u00f3n y la recreaci\u00f3n. Tanto si se trata de una astilladora, una trituradora o una gr\u00faa (yarder), WPT tiene una toma de fuerza, un PTO para bombas hidra\u00falicas, un embrague o un freno que se adaptan a la aplicaci\u00f3n. Puesto que los productos de WPT se dise\u00f1an para funcionar por horas extendidas en ambientes desafiadores, no es ninguna maravilla que somos un surtidor preferido para muchos OEMs de equipos para el uso forestal.<\/p>\n<p class=\"translation-block\"><span data-preserver-spaces=\"true\">Las astilladoras y trituradoras de madera port\u00e1tiles, sobre orugas, fijas y montadas en camiones se utilizan en la industria forestal para ayudar a gestionar la tierra eliminando el exceso de maleza y madera. Tambi\u00e9n pueden utilizarse para procesar los \u00e1rboles y convertirlos en biomasa para la\u00a0<\/span><a class=\"editor-rtfLink\" href=\"https:\/\/wptpower.mystagingwebsite.com\/market-sectors\/energy\/\" target=\"_blank\" rel=\"noopener\"><span data-preserver-spaces=\"true\">producci\u00f3n de energ\u00eda<\/span><\/a><span data-preserver-spaces=\"true\"> o en el control de incendios forestales. Algunos de los productos sobresalientes de WPT en el mercado de las astilladoras de madera m\u00f3viles son la Toma de Fuerza (PTO), la PTO para bombas hidr\u00e1ulicas y los frenos y embragues industriales<\/span>.<\/p>\n<p class=\"translation-block\"><span data-preserver-spaces=\"true\">La toma de fuerza se acopla a la parte trasera del motor di\u00e9sel y act\u00faa como conexi\u00f3n y desconexi\u00f3n mec\u00e1nica entre el motor y el tambor de astillado. La serie de Tomas de Fuerza <\/span><a class=\"editor-rtfLink\" href=\"https:\/\/wptpower.mystagingwebsite.com\/product\/pilotless-mechanical-pto\/\" target=\"_blank\" rel=\"noopener\"><span data-preserver-spaces=\"true\">Pilotless\u00ae<\/span><\/a><span data-preserver-spaces=\"true\">\u00a0es la \u00faltima oferta de WPT y proporciona un aumento de hasta el 70% en la capacidad de carga de la correa y otras mejoras centradas en el rendimiento y el mantenimiento. Las tomas de fuerza est\u00e1n disponibles con el enganche mec\u00e1nico de over-center est\u00e1ndar o con el innovador enganche mec\u00e1nico de\u00a0la Toma de Fuerza <\/span><a class=\"editor-rtfLink\" href=\"https:\/\/wptpower.mystagingwebsite.com\/product\/pilotless-over-the-shaft-pto\/\" target=\"_blank\" rel=\"noopener\"><span data-preserver-spaces=\"true\">Sobre el Eje<\/span><\/a><span data-preserver-spaces=\"true\"> (OTS) de accionamiento hidr\u00e1ulico o neum\u00e1tico. La Toma de Fuerza Mec\u00e1nica Pilotless\u00ae est\u00e1 orientado a aplicaciones de bajo coste, al tiempo que proporciona la fiabilidad que se espera de los productos de WPT. El OTS Pilotless\u00ae, cuando se combina con la Unidad de Potencia Hidr\u00e1ulica de WPT, ofrece opciones de accionamiento remoto y es autoajustable para el desgaste<\/span>.<\/p>\n<p class=\"translation-block\"><span data-preserver-spaces=\"true\">Las Tomas de Fuerza Tipo Autom\u00f3vil y Estilo GM de WPT se dise\u00f1aron especialmente para las astilladoras y trituradoras m\u00e1s peque\u00f1as accionadas por motores de gasolina. Para mantener el varillaje del actuador libre de residuos y bichos, las Tomas de Fuerza <\/span><a class=\"editor-rtfLink\" href=\"https:\/\/wptpower.mystagingwebsite.com\/product\/automotive-style-pto\/\" target=\"_blank\" rel=\"noopener\"><span data-preserver-spaces=\"true\">Automotriz<\/span><\/a><span data-preserver-spaces=\"true\"> y\u00a0<\/span><a class=\"editor-rtfLink\" href=\"https:\/\/wptpower.mystagingwebsite.com\/product\/gm-style-pto\/\" target=\"_blank\" rel=\"noopener\"><span data-preserver-spaces=\"true\">estilo GM<\/span><\/a><span data-preserver-spaces=\"true\"> utilizan un sistema de acoplamiento interno. De este modo se garantiza que estos elementos no interfieran en el rendimiento. Al respecto al mantenimiento, la facilidad de ajuste de las Tomas de Fuerza Automotriz y las <\/span><a class=\"editor-rtfLink\" href=\"https:\/\/wptpower.mystagingwebsite.com\/2020\/05\/11\/gm-style-ptos-on-lpg-engines\/\" target=\"_blank\" rel=\"noopener\"><span data-preserver-spaces=\"true\">Tomas de Fuerza Estilo GM<\/span><\/a><span data-preserver-spaces=\"true\">\u00a0hace que el mantenimiento sea muy r\u00e1pido<\/span>.<\/p>\t\t\t\t\t\t\t\t<\/div>\n\t\t\t\t<\/div>\n\t\t\t\t<div class=\"elementor-element elementor-element-eaae93a elementor-widget elementor-widget-image\" data-id=\"eaae93a\" data-element_type=\"widget\" data-widget_type=\"image.default\">\n\t\t\t\t<div class=\"elementor-widget-container\">\n\t\t\t\t\t\t\t\t\t\t\t\t\t\t\t<img decoding=\"async\" data-attachment-id=\"402163\" data-permalink=\"https:\/\/wptpower.com\/es\/bandit_211mpto_wpd\/\" data-orig-file=\"https:\/\/wptpower.com\/wp-content\/uploads\/2020\/10\/Bandit_211MPTO_WPD.jpg\" data-orig-size=\"879,619\" data-comments-opened=\"0\" data-image-meta=\"{&quot;aperture&quot;:&quot;2.2&quot;,&quot;credit&quot;:&quot;&quot;,&quot;camera&quot;:&quot;iPhone 6s&quot;,&quot;caption&quot;:&quot;&quot;,&quot;created_timestamp&quot;:&quot;1527056345&quot;,&quot;copyright&quot;:&quot;&quot;,&quot;focal_length&quot;:&quot;4.15&quot;,&quot;iso&quot;:&quot;25&quot;,&quot;shutter_speed&quot;:&quot;0.0083333333333333&quot;,&quot;title&quot;:&quot;&quot;,&quot;orientation&quot;:&quot;1&quot;}\" data-image-title=\"Chipper 211 MPTO\" data-image-description=\"&lt;p&gt;Wood chipper with Mechanical PTO&lt;\/p&gt;\" data-image-caption=\"\" data-large-file=\"https:\/\/wptpower.com\/wp-content\/uploads\/2020\/10\/Bandit_211MPTO_WPD.jpg\" width=\"768\" height=\"541\" src=\"https:\/\/wptpower.com\/wp-content\/uploads\/2020\/10\/Bandit_211MPTO_WPD-768x541.jpg\" class=\"attachment-medium_large size-medium_large wp-image-402163\" alt=\"Toma de Fuerza Mec\u00e1nica en Astilladora\" srcset=\"https:\/\/wptpower.com\/wp-content\/uploads\/2020\/10\/Bandit_211MPTO_WPD-768x541.jpg 768w, https:\/\/wptpower.com\/wp-content\/uploads\/2020\/10\/Bandit_211MPTO_WPD-300x211.jpg 300w, https:\/\/wptpower.com\/wp-content\/uploads\/2020\/10\/Bandit_211MPTO_WPD-600x423.jpg 600w, https:\/\/wptpower.com\/wp-content\/uploads\/2020\/10\/Bandit_211MPTO_WPD.jpg 879w\" sizes=\"(max-width: 768px) 100vw, 768px\" \/>\t\t\t\t\t\t\t\t\t\t\t\t\t\t\t<\/div>\n\t\t\t\t<\/div>\n\t\t\t\t<div class=\"elementor-element elementor-element-2e68698 elementor-widget elementor-widget-text-editor\" data-id=\"2e68698\" data-element_type=\"widget\" data-widget_type=\"text-editor.default\">\n\t\t\t\t<div class=\"elementor-widget-container\">\n\t\t\t\t\t\t\t\t\t<p>Esta astilladora de madera sobre orugas dispone de una Toma de Fuerza Mec\u00e1nica.<\/p>\t\t\t\t\t\t\t\t<\/div>\n\t\t\t\t<\/div>\n\t\t\t\t<div class=\"elementor-element elementor-element-40de753 elementor-widget elementor-widget-text-editor\" data-id=\"40de753\" data-element_type=\"widget\" data-widget_type=\"text-editor.default\">\n\t\t\t\t<div class=\"elementor-widget-container\">\n\t\t\t\t\t\t\t\t\t<p><\/p>\n<p class=\"translation-block\"><span data-preserver-spaces=\"true\">Las Tomas de Fuerza Tipo 2 y Tipo 1 de WPT son el siguiente paso en rendimiento robusto para astilladoras de madera, trituradoras de tolva y trituradoras horizontales. Estas <\/span><a class=\"editor-rtfLink\" href=\"https:\/\/wptpower.mystagingwebsite.com\/product\/type-2-pto\/\" target=\"_blank\" rel=\"noopener\"><span data-preserver-spaces=\"true\">Tomas de Fuerza Tipo 2<\/span><\/a><span data-preserver-spaces=\"true\">\u00a0est\u00e1n dise\u00f1adas para proporcionar un accionamiento hidr\u00e1ulico o neum\u00e1tico fiable y unas capacidades de carga de correa y transferencia de potencia l\u00edderes en el sector, todo ello en un paquete compacto. S\u00f3lo hay una opci\u00f3n para la mayor\u00eda de los equipos pesados accionados por correa: la\u00a0<\/span><a class=\"editor-rtfLink\" href=\"https:\/\/wptpower.mystagingwebsite.com\/product\/type_1_pto\/\" target=\"_blank\" rel=\"noopener\"><span data-preserver-spaces=\"true\">Toma de Fuerza Tipo 1<\/span><\/a><span data-preserver-spaces=\"true\"> de WPT. La configuraci\u00f3n de rodamientos de apoyo coloca la l\u00ednea central de las correas entre un par de rodamientos sobredimensionados para obtener la m\u00e1xima capacidad, vida \u00fatil y transferencia de potencia. Las Tomas de Fuerza de Tipo 2 y Tipo 1 tambi\u00e9n vienen de serie con discos de fricci\u00f3n WPT Heavy Duty<\/span>.<\/p>\n<p><span data-preserver-spaces=\"true\">El complemento de las Tomas de Fuerza de Tipo 2 y 1 es el\u00a0<\/span><a class=\"editor-rtfLink\" href=\"https:\/\/wptpower.com\/es\/producto\/control-de-embrague-hidraulico\/\" target=\"_blank\" rel=\"noopener\"><span data-preserver-spaces=\"true\">Control de Embrague Hidr\u00e1ulico Python\u00ae<\/span><\/a><span data-preserver-spaces=\"true\">de WPT. Dise\u00f1ado desde cero pensando en los proveedores del sector forestal, el Python\u00ae es una soluci\u00f3n integral para el accionamiento remoto de m\u00e1quinas de gran inercia, como astilladoras y trituradoras de madera. Entre sus caracter\u00edsticas se incluyen: Compatibilidad con CANbus J1939, dise\u00f1o aut\u00f3nomo y compacto, conexi\u00f3n electr\u00f3nica patentada, protecci\u00f3n contra el exceso de velocidad y mayor vida \u00fatil de los equipos conectados<\/span>.<\/p>\n<p><span data-preserver-spaces=\"true\">Otro producto con muy grande demanda en el sector de las astilladoras y trituradoras m\u00f3viles es el\u00a0<\/span><a class=\"editor-rtfLink\" href=\"https:\/\/wptpower.com\/es\/producto\/power-pump-drives\/\" target=\"_blank\" rel=\"noopener\"><span data-preserver-spaces=\"true\">PTO para Bombas Hidr\u00e1ulicas<\/span><\/a><span data-preserver-spaces=\"true\">. Estas unidades se colocan entre el motor y la toma de fuerza para proporcionar soportes de bomba hidr\u00e1ulica para equipos auxiliares como garras, cargadoras, transmisiones sobre orugas, winches y otros equipos. WPT tambi\u00e9n proporciona el acoplamiento de entrada para garantizar que el tren de transmisi\u00f3n sea suave y duradero. Los PTOs para Bombas Hidr\u00e1ulicas est\u00e1n disponibles en cuatro modelos diferentes en funci\u00f3n de los requisitos del equipo y proporcionan hasta ocho soportes de bomba adicionales para una mayor versatilidad.<\/span>.<\/p>\n<p><span data-preserver-spaces=\"true\">Otro par de productos que se utilizan, aunque no de forma tan destacada, tanto en astilladoras de madera m\u00f3viles como estacionarias son los Embragues y Frenos de Baja Inercia de WPT. El embrague de la toma de fuerza est\u00e1 unido al volante del motor en una aplicaci\u00f3n t\u00edpica de astilladora de madera m\u00f3vil. Sin embargo, es posible mover el embrague al tambor de la astilladora. Uso de un\u00a0<\/span><a class=\"editor-rtfLink\" href=\"https:\/\/wptpower.com\/es\/producto\/embrague-de-alto-par-y-baja-inercia\/\" target=\"_blank\" rel=\"noopener\"><span data-preserver-spaces=\"true\">Embrague de Baja Inercia y Alto Torque<\/span><\/a><span data-preserver-spaces=\"true\">\u00a0en esta disposici\u00f3n ofrece ventajas como velocidades de acoplamiento m\u00e1s lentas para el embrague, una mayor superficie de fricci\u00f3n y menos mantenimiento. Las astilladoras de madera estacionarias pueden emplear las mismas opciones de embrague descritas anteriormente, pero a menudo tendr\u00e1n un\u00a0<\/span><a class=\"editor-rtfLink\" href=\"https:\/\/wptpower.com\/es\/producto\/freno-de-baja-inercia-de-aplicacion-por-resorte\/\" target=\"_blank\" rel=\"noopener\"><span data-preserver-spaces=\"true\">Freno de Baja Inercia de Aplicaci\u00f3n por Resorte<\/span><\/a><span data-preserver-spaces=\"true\">\u00a0para detener el tambor en caso de emergencia o para reducir el tiempo de giro en operaciones de mantenimiento. Cuando se combinan, estos dos productos proporcionan un paquete de rendimiento excepcional.<\/span><\/p>\n<p>Las gr\u00faas (yarders) tienen una larga historia en el negocio de la tala por cable. Las primeras m\u00e1quinas funcionaban con vapor y se transportaban a trav\u00e9s del terreno por v\u00edas f\u00e9rreas especializadas denominadas l\u00edneas ficticias. Hoy en d\u00eda, las m\u00e1quinas modernas suelen funcionar con diesel y pueden atravesar terrenos accidentados con la ayuda de una transmisi\u00f3n hidr\u00e1ulica sobre orugas. La gr\u00faa es esencialmente una serie de winches de alta capacidad utilizados para trasladar material del bosque a una zona de aterrizaje designada para su procesamiento o transporte posterior. Los productos t\u00edpicos utilizados en las m\u00e1quinas yarder son el Embrague de Baja Inercia, el Freno de Baja Inercia y el Freno Refrigerado por Agua.<\/p>\n<p><span data-preserver-spaces=\"true\">El WPT\u00a0<\/span><a class=\"editor-rtfLink\" href=\"https:\/\/wptpower.com\/es\/producto\/embrague-de-baja-inercia\/\" target=\"_blank\" rel=\"noopener\"><span data-preserver-spaces=\"true\">Embrague de Baja Inercia<\/span><\/a><span data-preserver-spaces=\"true\">\u00a0se utiliza en la gr\u00faa para transferir la potencia del motor a los winches. Las gr\u00faas m\u00e1s grandes pueden tener hasta 12 winches. Los\u00a0<\/span><a class=\"editor-rtfLink\" href=\"https:\/\/wptpower.com\/es\/producto\/freno-de-baja-inercia\/\" target=\"_blank\" rel=\"noopener\"><span data-preserver-spaces=\"true\">Frenos de Baja Inercia<\/span><\/a><span data-preserver-spaces=\"true\">\u00a0se utilizan para mantener el cabo en su sitio o ralentizar el descenso del carro durante el transporte. Esta tensi\u00f3n constante aplicada a la l\u00ednea crea una enorme energ\u00eda en el freno; por lo tanto, un\u00a0<\/span><a class=\"editor-rtfLink\" href=\"https:\/\/wptpower.com\/es\/producto\/freno-refrigerado-por-agua\/\" target=\"_blank\" rel=\"noopener\"><span data-preserver-spaces=\"true\">Freno Refrigerado por Agua<\/span><\/a><span data-preserver-spaces=\"true\">\u00a0de WPT se equipar\u00e1 al la gr\u00faa. El Freno Refrigerado por Agua es un producto de servicio pesado que proporciona el torque necesario para ralentizar o detener la carga y cuenta con camisas de agua de alto caudal de dise\u00f1o exclusivo para transferir la carga t\u00e9rmica a un refrigerador o dep\u00f3sito externo<\/span>.<\/p>\n<p>Al final, con productos como la innovadora serie Pilotless\u00ae, las Tomas de Fuerza Estilo GM\u00ae y Automotriz de f\u00e1cil mantenimiento, los robustos Tipo 2 y Tipo 1, el vers\u00e1til PTO para Bombas Hidr\u00e1ulicas, el Embrague y el Freno de Baja Inercia de alto rendimiento y el Freno Refrigerado por Agua de heavy-duty, WPT Power tendr\u00e1 el producto y la soluci\u00f3n.<\/p>\n<p>Para obtener m\u00e1s informaci\u00f3n sobre cualquiera de los productos mencionados anteriormente, no dude en ponerse en contacto con Ingenier\u00eda de Aplicaciones de WPT Power o el <a href=\"https:\/\/wptpower.com\/es\/pongase-en-contacto\/\">Servicio al Cliente de WPT Power<\/a>.<\/p>\t\t\t\t\t\t\t\t<\/div>\n\t\t\t\t<\/div>\n\t\t\t\t<div class=\"elementor-element elementor-element-64b83a3 elementor-widget elementor-widget-image\" data-id=\"64b83a3\" data-element_type=\"widget\" data-widget_type=\"image.default\">\n\t\t\t\t<div class=\"elementor-widget-container\">\n\t\t\t\t\t\t\t\t\t\t\t\t<figure class=\"wp-caption\">\n\t\t\t\t\t\t\t\t\t\t<img decoding=\"async\" data-attachment-id=\"401151\" data-permalink=\"https:\/\/wptpower.com\/es\/embrague-yarder-para-pesos-pesados-forestales\/yarder-hauler\/\" data-orig-file=\"https:\/\/wptpower.com\/wp-content\/uploads\/2020\/07\/Yarder-Hauler.jpg\" data-orig-size=\"900,598\" data-comments-opened=\"0\" data-image-meta=\"{&quot;aperture&quot;:&quot;1.7&quot;,&quot;credit&quot;:&quot;&quot;,&quot;camera&quot;:&quot;SM-G955F&quot;,&quot;caption&quot;:&quot;&quot;,&quot;created_timestamp&quot;:&quot;1556796457&quot;,&quot;copyright&quot;:&quot;&quot;,&quot;focal_length&quot;:&quot;4.2&quot;,&quot;iso&quot;:&quot;40&quot;,&quot;shutter_speed&quot;:&quot;0.00040849673202614&quot;,&quot;title&quot;:&quot;&quot;,&quot;orientation&quot;:&quot;1&quot;}\" data-image-title=\"Yarder clutch\" data-image-description=\"&lt;p&gt;Clutches and Brakes for Yarders also know as Haulers&lt;\/p&gt;\" data-image-caption=\"\" data-large-file=\"https:\/\/wptpower.com\/wp-content\/uploads\/2020\/07\/Yarder-Hauler.jpg\" width=\"768\" height=\"510\" src=\"https:\/\/wptpower.com\/wp-content\/uploads\/2020\/07\/Yarder-Hauler-768x510.jpg\" class=\"attachment-medium_large size-medium_large wp-image-401151\" alt=\"Embragues y Frenos para Gr\u00faas (Yarders)\" srcset=\"https:\/\/wptpower.com\/wp-content\/uploads\/2020\/07\/Yarder-Hauler-768x510.jpg 768w, https:\/\/wptpower.com\/wp-content\/uploads\/2020\/07\/Yarder-Hauler-300x199.jpg 300w, https:\/\/wptpower.com\/wp-content\/uploads\/2020\/07\/Yarder-Hauler-600x399.jpg 600w, https:\/\/wptpower.com\/wp-content\/uploads\/2020\/07\/Yarder-Hauler.jpg 900w\" sizes=\"(max-width: 768px) 100vw, 768px\" \/>\t\t\t\t\t\t\t\t\t\t\t<figcaption class=\"widget-image-caption wp-caption-text\"><\/figcaption>\n\t\t\t\t\t\t\t\t\t\t<\/figure>\n\t\t\t\t\t\t\t\t\t<\/div>\n\t\t\t\t<\/div>\n\t\t\t\t<div class=\"elementor-element elementor-element-725bc45 elementor-widget elementor-widget-text-editor\" data-id=\"725bc45\" data-element_type=\"widget\" data-widget_type=\"text-editor.default\">\n\t\t\t\t<div class=\"elementor-widget-container\">\n\t\t\t\t\t\t\t\t\t<p>WPT Power es el \u00fanico fabricante que produce los cuatro dise\u00f1os de embrague y freno m\u00e1s comunes utilizados en las gr\u00faas (yarders).<\/p>\t\t\t\t\t\t\t\t<\/div>\n\t\t\t\t<\/div>\n\t\t\t\t<div class=\"elementor-element elementor-element-39f2154 elementor-widget elementor-widget-spacer\" data-id=\"39f2154\" data-element_type=\"widget\" data-widget_type=\"spacer.default\">\n\t\t\t\t<div class=\"elementor-widget-container\">\n\t\t\t\t\t\t\t<div class=\"elementor-spacer\">\n\t\t\t<div class=\"elementor-spacer-inner\"><\/div>\n\t\t<\/div>\n\t\t\t\t\t\t<\/div>\n\t\t\t\t<\/div>\n\t\t\t\t\t<\/div>\n\t\t<\/div>\n\t\t\t\t\t<\/div>\n\t\t<\/section>\n\t\t\t\t\t<\/div>\n\t\t<\/div>\n\t\t\t\t\t<\/div>\n\t\t<\/section>\n\t\t\t\t<\/div>","protected":false},"excerpt":{"rendered":"<p>Mercados forestales Toma de fuerza de tipo 2 en astilladora de carga lateral. La silvicultura es la gesti\u00f3n de terrenos forestales para la cosecha, la conservaci\u00f3n y el ocio. Tanto si se trata de una astilladora, una trituradora o un cortac\u00e9sped, WPT tiene una toma de fuerza, una bomba de accionamiento, un embrague o un freno que se adaptan a la aplicaci\u00f3n. Puesto que los productos de WPT se dise\u00f1an para funcionar por horas prolongadas en [...]<\/p>","protected":false},"author":281,"featured_media":0,"parent":2841,"menu_order":0,"comment_status":"closed","ping_status":"closed","template":"elementor_header_footer","meta":{"footnotes":""},"class_list":["post-402093","page","type-page","status-publish","hentry"],"jetpack_sharing_enabled":true,"_links":{"self":[{"href":"https:\/\/wptpower.com\/es\/wp-json\/wp\/v2\/pages\/402093","targetHints":{"allow":["GET"]}}],"collection":[{"href":"https:\/\/wptpower.com\/es\/wp-json\/wp\/v2\/pages"}],"about":[{"href":"https:\/\/wptpower.com\/es\/wp-json\/wp\/v2\/types\/page"}],"author":[{"embeddable":true,"href":"https:\/\/wptpower.com\/es\/wp-json\/wp\/v2\/users\/281"}],"replies":[{"embeddable":true,"href":"https:\/\/wptpower.com\/es\/wp-json\/wp\/v2\/comments?post=402093"}],"version-history":[{"count":0,"href":"https:\/\/wptpower.com\/es\/wp-json\/wp\/v2\/pages\/402093\/revisions"}],"up":[{"embeddable":true,"href":"https:\/\/wptpower.com\/es\/wp-json\/wp\/v2\/pages\/2841"}],"wp:attachment":[{"href":"https:\/\/wptpower.com\/es\/wp-json\/wp\/v2\/media?parent=402093"}],"curies":[{"name":"wp","href":"https:\/\/api.w.org\/{rel}","templated":true}]}}