{"id":402545,"date":"2020-10-21T14:15:40","date_gmt":"2020-10-21T19:15:40","guid":{"rendered":"https:\/\/wptpower.com\/?page_id=402545"},"modified":"2023-09-02T09:53:55","modified_gmt":"2023-09-02T14:53:55","slug":"mineria","status":"publish","type":"page","link":"https:\/\/wptpower.com\/es\/sectores-del-mercado\/mineria\/","title":{"rendered":"Miner\u00eda"},"content":{"rendered":"<div data-elementor-type=\"wp-page\" data-elementor-id=\"402545\" class=\"elementor elementor-402545\" data-elementor-post-type=\"page\">\n\t\t\t\t\t\t<section class=\"elementor-section elementor-top-section elementor-element elementor-element-1ed7649 elementor-section-boxed elementor-section-height-default elementor-section-height-default\" data-id=\"1ed7649\" data-element_type=\"section\">\n\t\t\t\t\t\t<div class=\"elementor-container elementor-column-gap-default\">\n\t\t\t\t\t<div class=\"elementor-column elementor-col-100 elementor-top-column elementor-element elementor-element-96c4c94\" data-id=\"96c4c94\" data-element_type=\"column\">\n\t\t\t<div class=\"elementor-widget-wrap elementor-element-populated\">\n\t\t\t\t\t\t<div class=\"elementor-element elementor-element-0d6b5ca elementor-widget elementor-widget-spacer\" data-id=\"0d6b5ca\" data-element_type=\"widget\" data-widget_type=\"spacer.default\">\n\t\t\t\t<div class=\"elementor-widget-container\">\n\t\t\t\t\t\t\t<div class=\"elementor-spacer\">\n\t\t\t<div class=\"elementor-spacer-inner\"><\/div>\n\t\t<\/div>\n\t\t\t\t\t\t<\/div>\n\t\t\t\t<\/div>\n\t\t\t\t\t<\/div>\n\t\t<\/div>\n\t\t\t\t\t<\/div>\n\t\t<\/section>\n\t\t\t\t<section class=\"elementor-section elementor-top-section elementor-element elementor-element-c2e171c elementor-section-boxed elementor-section-height-default elementor-section-height-default\" data-id=\"c2e171c\" data-element_type=\"section\">\n\t\t\t\t\t\t<div class=\"elementor-container elementor-column-gap-default\">\n\t\t\t\t\t<div class=\"elementor-column elementor-col-33 elementor-top-column elementor-element elementor-element-8e07445\" data-id=\"8e07445\" data-element_type=\"column\">\n\t\t\t<div class=\"elementor-widget-wrap elementor-element-populated\">\n\t\t\t\t\t\t<div class=\"elementor-element elementor-element-b1a733f elementor-widget elementor-widget-spacer\" data-id=\"b1a733f\" data-element_type=\"widget\" data-widget_type=\"spacer.default\">\n\t\t\t\t<div class=\"elementor-widget-container\">\n\t\t\t\t\t\t\t<div class=\"elementor-spacer\">\n\t\t\t<div class=\"elementor-spacer-inner\"><\/div>\n\t\t<\/div>\n\t\t\t\t\t\t<\/div>\n\t\t\t\t<\/div>\n\t\t\t\t<div class=\"elementor-element elementor-element-ce35d99 elementor-widget elementor-widget-heading\" data-id=\"ce35d99\" data-element_type=\"widget\" data-widget_type=\"heading.default\">\n\t\t\t\t<div class=\"elementor-widget-container\">\n\t\t\t\t\t<h1 class=\"elementor-heading-title elementor-size-default\">Mercados Mineros<\/h1>\t\t\t\t<\/div>\n\t\t\t\t<\/div>\n\t\t\t\t\t<\/div>\n\t\t<\/div>\n\t\t\t\t<div class=\"elementor-column elementor-col-66 elementor-top-column elementor-element elementor-element-c3fa6cd\" data-id=\"c3fa6cd\" data-element_type=\"column\">\n\t\t\t<div class=\"elementor-widget-wrap elementor-element-populated\">\n\t\t\t\t\t\t<section class=\"elementor-section elementor-inner-section elementor-element elementor-element-d8a5f79 elementor-section-boxed elementor-section-height-default elementor-section-height-default\" data-id=\"d8a5f79\" data-element_type=\"section\">\n\t\t\t\t\t\t<div class=\"elementor-container elementor-column-gap-default\">\n\t\t\t\t\t<div class=\"elementor-column elementor-col-100 elementor-inner-column elementor-element elementor-element-6fc4e6c\" data-id=\"6fc4e6c\" data-element_type=\"column\">\n\t\t\t<div class=\"elementor-widget-wrap elementor-element-populated\">\n\t\t\t\t\t\t<div class=\"elementor-element elementor-element-a29406b elementor-widget elementor-widget-spacer\" data-id=\"a29406b\" data-element_type=\"widget\" data-widget_type=\"spacer.default\">\n\t\t\t\t<div class=\"elementor-widget-container\">\n\t\t\t\t\t\t\t<div class=\"elementor-spacer\">\n\t\t\t<div class=\"elementor-spacer-inner\"><\/div>\n\t\t<\/div>\n\t\t\t\t\t\t<\/div>\n\t\t\t\t<\/div>\n\t\t\t\t\t<\/div>\n\t\t<\/div>\n\t\t\t\t\t<\/div>\n\t\t<\/section>\n\t\t\t\t<div class=\"elementor-element elementor-element-7f03651 elementor-widget elementor-widget-image\" data-id=\"7f03651\" data-element_type=\"widget\" data-widget_type=\"image.default\">\n\t\t\t\t<div class=\"elementor-widget-container\">\n\t\t\t\t\t\t\t\t\t\t\t\t<figure class=\"wp-caption\">\n\t\t\t\t\t\t\t\t\t\t<img fetchpriority=\"high\" decoding=\"async\" data-attachment-id=\"402561\" data-permalink=\"https:\/\/wptpower.com\/es\/ball-mill-grinding\/\" data-orig-file=\"https:\/\/wptpower.com\/wp-content\/uploads\/2020\/10\/Ball-Mill-Grinding.jpg\" data-orig-size=\"900,375\" data-comments-opened=\"0\" data-image-meta=\"{&quot;aperture&quot;:&quot;0&quot;,&quot;credit&quot;:&quot;&quot;,&quot;camera&quot;:&quot;&quot;,&quot;caption&quot;:&quot;&quot;,&quot;created_timestamp&quot;:&quot;0&quot;,&quot;copyright&quot;:&quot;&quot;,&quot;focal_length&quot;:&quot;0&quot;,&quot;iso&quot;:&quot;0&quot;,&quot;shutter_speed&quot;:&quot;0&quot;,&quot;title&quot;:&quot;&quot;,&quot;orientation&quot;:&quot;1&quot;}\" data-image-title=\"Ball Mill Grinding\" data-image-description=\"&lt;p&gt;Grinding Mill with Power Grip Clutch&lt;\/p&gt;\" data-image-caption=\"\" data-medium-file=\"https:\/\/wptpower.com\/wp-content\/uploads\/2020\/10\/Ball-Mill-Grinding-300x125.jpg\" data-large-file=\"https:\/\/wptpower.com\/wp-content\/uploads\/2020\/10\/Ball-Mill-Grinding.jpg\" width=\"768\" height=\"320\" src=\"https:\/\/wptpower.com\/wp-content\/uploads\/2020\/10\/Ball-Mill-Grinding-768x320.jpg\" class=\"attachment-medium_large size-medium_large wp-image-402561\" alt=\"Frenos y Embragues para Molinos\" srcset=\"https:\/\/wptpower.com\/wp-content\/uploads\/2020\/10\/Ball-Mill-Grinding-768x320.jpg 768w, https:\/\/wptpower.com\/wp-content\/uploads\/2020\/10\/Ball-Mill-Grinding-300x125.jpg 300w, https:\/\/wptpower.com\/wp-content\/uploads\/2020\/10\/Ball-Mill-Grinding-600x250.jpg 600w, https:\/\/wptpower.com\/wp-content\/uploads\/2020\/10\/Ball-Mill-Grinding.jpg 900w\" sizes=\"(max-width: 768px) 100vw, 768px\" \/>\t\t\t\t\t\t\t\t\t\t\t<figcaption class=\"widget-image-caption wp-caption-text\"><\/figcaption>\n\t\t\t\t\t\t\t\t\t\t<\/figure>\n\t\t\t\t\t\t\t\t\t<\/div>\n\t\t\t\t<\/div>\n\t\t\t\t<div class=\"elementor-element elementor-element-68aa1dc elementor-widget elementor-widget-text-editor\" data-id=\"68aa1dc\" data-element_type=\"widget\" data-widget_type=\"text-editor.default\">\n\t\t\t\t<div class=\"elementor-widget-container\">\n\t\t\t\t\t\t\t\t\t<p><i>Embrague Power Grip para Molinos de WPT Power en un molino de bolas.<br \/><\/i><\/p>\t\t\t\t\t\t\t\t<\/div>\n\t\t\t\t<\/div>\n\t\t\t\t<div class=\"elementor-element elementor-element-1fb0011 elementor-widget elementor-widget-text-editor\" data-id=\"1fb0011\" data-element_type=\"widget\" data-widget_type=\"text-editor.default\">\n\t\t\t\t<div class=\"elementor-widget-container\">\n\t\t\t\t\t\t\t\t\t<p>La miner\u00eda es una gran industria con grandes equipos utilizados para llevar a cabo sus operaciones. Con ese tama\u00f1o y escala, vienen enormes expectativas de rendimiento. WPT Power ha sido un proveedor importante en el sector minero desde la fundaci\u00f3n de la empresa en 1992. Productos como los Frenos y Embragues Mineros de WPT y los Embragues Power Grip para Molinos se utilizan en diversos equipos y m\u00e1quinas de miner\u00eda. Adem\u00e1s, las Tomas de Fuerza de Tipo 1 y Tipo 2, y el Control de Embrague Hidr\u00e1ulico Python\u00ae trabajan conjuntamente para mantener esta enorme industria en movimiento.<\/p><p>En general, la miner\u00eda es el proceso de extracci\u00f3n de minerales de la Tierra. Entre ellos se encuentran el oro, la plata, el n\u00edquel, el cobre, el hierro, el plomo, el litio y el carb\u00f3n, por nombrar algunos. En los \u00faltimos a\u00f1os, los minerales de tierras raras como el neodimio y el praseodimio se han hecho muy populares debido a su uso en el creciente mercado de veh\u00edculos el\u00e9ctricos. El proceso minero t\u00edpico comienza con la extracci\u00f3n del mineral en bruto y, a continuaci\u00f3n, la trituraci\u00f3n, molienda, cribado y procesamiento del material final. WPT Power puede proporcionar experiencia en ingenier\u00eda, productos duraderos y asistencia al cliente durante todo el proceso para mantener el equipo de miner\u00eda al m\u00e1ximo rendimiento.<\/p>\t\t\t\t\t\t\t\t<\/div>\n\t\t\t\t<\/div>\n\t\t\t\t<div class=\"elementor-element elementor-element-91ced51 elementor-widget elementor-widget-image\" data-id=\"91ced51\" data-element_type=\"widget\" data-widget_type=\"image.default\">\n\t\t\t\t<div class=\"elementor-widget-container\">\n\t\t\t\t\t\t\t\t\t\t\t\t<figure class=\"wp-caption\">\n\t\t\t\t\t\t\t\t\t\t<img decoding=\"async\" data-attachment-id=\"402563\" data-permalink=\"https:\/\/wptpower.com\/es\/ph-9020-no-logo\/\" data-orig-file=\"https:\/\/wptpower.com\/wp-content\/uploads\/2020\/10\/PH-9020-no-logo.jpg\" data-orig-size=\"1021,681\" data-comments-opened=\"0\" data-image-meta=\"{&quot;aperture&quot;:&quot;0&quot;,&quot;credit&quot;:&quot;&quot;,&quot;camera&quot;:&quot;&quot;,&quot;caption&quot;:&quot;&quot;,&quot;created_timestamp&quot;:&quot;0&quot;,&quot;copyright&quot;:&quot;&quot;,&quot;focal_length&quot;:&quot;0&quot;,&quot;iso&quot;:&quot;0&quot;,&quot;shutter_speed&quot;:&quot;0&quot;,&quot;title&quot;:&quot;&quot;,&quot;orientation&quot;:&quot;1&quot;}\" data-image-title=\"Mining clutches &amp;#038; brakes on dragline\" data-image-description=\"&lt;p&gt;Clutches and brakes for draglines, rope shovels and bucket excavators&lt;\/p&gt;\" data-image-caption=\"\" data-medium-file=\"https:\/\/wptpower.com\/wp-content\/uploads\/2020\/10\/PH-9020-no-logo-300x200.jpg\" data-large-file=\"https:\/\/wptpower.com\/wp-content\/uploads\/2020\/10\/PH-9020-no-logo.jpg\" width=\"768\" height=\"512\" src=\"https:\/\/wptpower.com\/wp-content\/uploads\/2020\/10\/PH-9020-no-logo-768x512.jpg\" class=\"attachment-medium_large size-medium_large wp-image-402563\" alt=\"Frenos y Embragues de Dragalinas\" srcset=\"https:\/\/wptpower.com\/wp-content\/uploads\/2020\/10\/PH-9020-no-logo-768x512.jpg 768w, https:\/\/wptpower.com\/wp-content\/uploads\/2020\/10\/PH-9020-no-logo-300x200.jpg 300w, https:\/\/wptpower.com\/wp-content\/uploads\/2020\/10\/PH-9020-no-logo-600x400.jpg 600w, https:\/\/wptpower.com\/wp-content\/uploads\/2020\/10\/PH-9020-no-logo.jpg 1021w\" sizes=\"(max-width: 768px) 100vw, 768px\" \/>\t\t\t\t\t\t\t\t\t\t\t<figcaption class=\"widget-image-caption wp-caption-text\"><\/figcaption>\n\t\t\t\t\t\t\t\t\t\t<\/figure>\n\t\t\t\t\t\t\t\t\t<\/div>\n\t\t\t\t<\/div>\n\t\t\t\t<div class=\"elementor-element elementor-element-7b3d36e elementor-widget elementor-widget-text-editor\" data-id=\"7b3d36e\" data-element_type=\"widget\" data-widget_type=\"text-editor.default\">\n\t\t\t\t<div class=\"elementor-widget-container\">\n\t\t\t\t\t\t\t\t\t<p>Los frenos de WPT proporcionan un rendimiento controlado para las funciones de elevaci\u00f3n, arrastre y giro y propulsi\u00f3n.<\/p>\t\t\t\t\t\t\t\t<\/div>\n\t\t\t\t<\/div>\n\t\t\t\t<div class=\"elementor-element elementor-element-dfb8f3d elementor-widget elementor-widget-text-editor\" data-id=\"dfb8f3d\" data-element_type=\"widget\" data-widget_type=\"text-editor.default\">\n\t\t\t\t<div class=\"elementor-widget-container\">\n\t\t\t\t\t\t\t\t\t<p class=\"translation-block\"><span data-preserver-spaces=\"true\">Los\u00a0<\/span><a class=\"editor-rtfLink\" href=\"https:\/\/wptpower.mystagingwebsite.com\/product\/mining-brake\/\" target=\"_blank\" rel=\"noopener\"><span data-preserver-spaces=\"true\">Frenos Mineros<\/span><\/a><span data-preserver-spaces=\"true\">\u00a0y\u00a0<\/span><a class=\"editor-rtfLink\" href=\"https:\/\/wptpower.mystagingwebsite.com\/product\/mining-clutch\/\" target=\"_blank\" rel=\"noopener\"><span data-preserver-spaces=\"true\">Embragues<\/span><\/a><span data-preserver-spaces=\"true\">\u00a0se han dise\u00f1ado pensando en equipos de movimiento de tierras de gran tama\u00f1o. Estas unidades de accionamiento neum\u00e1tico funcionan a la perfecci\u00f3n en equipos nuevos y actualizaciones para maquinaria de canteras existente. Las palas de cable, las dragalinas y las excavadoras de cuchara utilizan estos frenos y embragues para mover grandes cantidades de material en poco tiempo. WPT tiene el producto adecuado para el trabajo con tama\u00f1os que van desde 13 pulgadas hasta las unidades m\u00e1s grandes de 30 pulgadas, opciones de montaje vertical y horizontal, y ajustes personalizados de torque y presi\u00f3n<\/span>.<\/p><p class=\"translation-block\"><span data-preserver-spaces=\"true\">Los\u00a0<\/span><a class=\"editor-rtfLink\" href=\"https:\/\/wptpower.mystagingwebsite.com\/product\/grinding-mill-clutch\/\" target=\"_blank\" rel=\"noopener\"><span data-preserver-spaces=\"true\">Embrauges Power Grip para Molinos<\/span><\/a><span data-preserver-spaces=\"true\">\u00a0de WPT est\u00e1n especialmente dise\u00f1ados para las exigencias de las aplicaciones de molinos de bolas, guijarros, barras, AG y SAG. Estos embragues extragrandes se asientan entre el motor de accionamiento principal y el molino y funcionan como medio principal para arrancar la gran carga estacionaria del molino del modo m\u00e1s corto y rentable. El mantenimiento se facilita con caracter\u00edsticas como el adaptador de accionamiento de cambio r\u00e1pido, los discos de fricci\u00f3n y tubos de aire divididos y los resortes ondulados. Tambi\u00e9n hay disponibles dispositivos de bloqueo axial para configuraciones de accionamiento con un eje de motor flotante<\/span>.<\/p>\t\t\t\t\t\t\t\t<\/div>\n\t\t\t\t<\/div>\n\t\t\t\t<div class=\"elementor-element elementor-element-c0e0ab4 elementor-widget elementor-widget-image\" data-id=\"c0e0ab4\" data-element_type=\"widget\" data-widget_type=\"image.default\">\n\t\t\t\t<div class=\"elementor-widget-container\">\n\t\t\t\t\t\t\t\t\t\t\t\t<figure class=\"wp-caption\">\n\t\t\t\t\t\t\t\t\t\t<img decoding=\"async\" data-attachment-id=\"402562\" data-permalink=\"https:\/\/wptpower.com\/es\/sectores-del-mercado\/mineria\/rock-crusher-plant\/\" data-orig-file=\"https:\/\/wptpower.com\/wp-content\/uploads\/2020\/10\/Rock-Crusher-Plant.jpg\" data-orig-size=\"900,375\" data-comments-opened=\"0\" data-image-meta=\"{&quot;aperture&quot;:&quot;0&quot;,&quot;credit&quot;:&quot;&quot;,&quot;camera&quot;:&quot;&quot;,&quot;caption&quot;:&quot;&quot;,&quot;created_timestamp&quot;:&quot;0&quot;,&quot;copyright&quot;:&quot;&quot;,&quot;focal_length&quot;:&quot;0&quot;,&quot;iso&quot;:&quot;0&quot;,&quot;shutter_speed&quot;:&quot;0&quot;,&quot;title&quot;:&quot;&quot;,&quot;orientation&quot;:&quot;1&quot;}\" data-image-title=\"Rock Crusher Plant\" data-image-description=\"&lt;p&gt;Portable rock crushing plant with hydraulic power take-off&lt;\/p&gt;\" data-image-caption=\"\" data-medium-file=\"https:\/\/wptpower.com\/wp-content\/uploads\/2020\/10\/Rock-Crusher-Plant-300x125.jpg\" data-large-file=\"https:\/\/wptpower.com\/wp-content\/uploads\/2020\/10\/Rock-Crusher-Plant.jpg\" width=\"768\" height=\"320\" src=\"https:\/\/wptpower.com\/wp-content\/uploads\/2020\/10\/Rock-Crusher-Plant-768x320.jpg\" class=\"attachment-medium_large size-medium_large wp-image-402562\" alt=\"Trituradora de rocas port\u00e1til con toma de fuerza hidr\u00e1ulica\" srcset=\"https:\/\/wptpower.com\/wp-content\/uploads\/2020\/10\/Rock-Crusher-Plant-768x320.jpg 768w, https:\/\/wptpower.com\/wp-content\/uploads\/2020\/10\/Rock-Crusher-Plant-300x125.jpg 300w, https:\/\/wptpower.com\/wp-content\/uploads\/2020\/10\/Rock-Crusher-Plant-600x250.jpg 600w, https:\/\/wptpower.com\/wp-content\/uploads\/2020\/10\/Rock-Crusher-Plant.jpg 900w\" sizes=\"(max-width: 768px) 100vw, 768px\" \/>\t\t\t\t\t\t\t\t\t\t\t<figcaption class=\"widget-image-caption wp-caption-text\"><\/figcaption>\n\t\t\t\t\t\t\t\t\t\t<\/figure>\n\t\t\t\t\t\t\t\t\t<\/div>\n\t\t\t\t<\/div>\n\t\t\t\t<div class=\"elementor-element elementor-element-112c37e elementor-widget elementor-widget-text-editor\" data-id=\"112c37e\" data-element_type=\"widget\" data-widget_type=\"text-editor.default\">\n\t\t\t\t<div class=\"elementor-widget-container\">\n\t\t\t\t\t\t\t\t\t<p>Planta de trituraci\u00f3n de rocas que utiliza el Control de Embrague Hidr\u00e1ulico Python\u00ae y la Toma de Fuerza Hidr\u00e1ulica de Tipo 2.<\/p>\t\t\t\t\t\t\t\t<\/div>\n\t\t\t\t<\/div>\n\t\t\t\t<div class=\"elementor-element elementor-element-f39ca7a elementor-widget elementor-widget-text-editor\" data-id=\"f39ca7a\" data-element_type=\"widget\" data-widget_type=\"text-editor.default\">\n\t\t\t\t<div class=\"elementor-widget-container\">\n\t\t\t\t\t\t\t\t\t<p class=\"translation-block\"><span data-preserver-spaces=\"true\">Para las operaciones de trituraci\u00f3n y cribado, la \u00faltima incorporaci\u00f3n a la gama WPT Power, el <\/span><a class=\"editor-rtfLink\" href=\"https:\/\/wptpower.mystagingwebsite.com\/product\/hydraulic-clutch-control\/\" target=\"_blank\" rel=\"noopener\"><span data-preserver-spaces=\"true\">Control de Embrague Hidr\u00e1ulico Python\u00ae<\/span><\/a><span data-preserver-spaces=\"true\">Gen III \u2014emparejado con una Toma de Fuerza Hidr\u00e1ulica de <\/span><a class=\"editor-rtfLink\" href=\"https:\/\/wptpower.mystagingwebsite.com\/product\/type_1_pto\/\" target=\"_blank\" rel=\"noopener\"><span data-preserver-spaces=\"true\">Tipo 1<\/span><\/a><span data-preserver-spaces=\"true\">\u00a0o\u00a0<\/span><a class=\"editor-rtfLink\" href=\"https:\/\/wptpower.mystagingwebsite.com\/product\/type-2-pto\/\" target=\"_blank\" rel=\"noopener\"><span data-preserver-spaces=\"true\">Tipo 2<\/span><\/a><span data-preserver-spaces=\"true\"> es una buena opci\u00f3n. El Python\u00ae utiliza un sistema de control patentado para arrancar las cargas de alta inercia que se encuentran en las trituradoras de impacto, de mand\u00edbulas y de martillos. Caracter\u00edsticas como la protecci\u00f3n contra el exceso de velocidad, el acoplamiento suave y el funcionamiento con un solo bot\u00f3n significan que el embrague obtiene la m\u00e1xima potencia y duraci\u00f3n. Las Tomas de Fuerza Hidr\u00e1ulicas de Tipo 1 y Tipo 2 son algunas de las unidades m\u00e1s capaces de la gama de tomas de fuerza de WPT. Ambas tomas de fuerza vienen de serie con discos de fricci\u00f3n de alta resistencia, cojinetes de rodillos esf\u00e9ricos de alta capacidad y paquetes de embrague autoajustables<\/span>. \u00a0<\/p><p>Por lo tanto, si usted est\u00e1 buscando una gran selecci\u00f3n de embragues y frenos mineros para su equipo, usted no necesita buscar m\u00e1s all\u00e1 de WPT Power. Tanto si se trata de un embrague para su dragalina o molino, como de un controlador y una toma de fuerza para su trituradora, WPT tiene los productos, y los conocimientos t\u00e9cnicos, para abastecer su equipo.<\/p><p class=\"translation-block\">Si desea m\u00e1s informaci\u00f3n sobre cualquiera de los productos mencionados, <a href=\"https:\/\/wptpower.mystagingwebsite.com\/contact\/\" target=\"_self\">p\u00f3ngase en contacto<\/a> con  Ingenier\u00eda de Aplicaciones o Atenci\u00f3n al cliente de WPT Power.<\/p>\t\t\t\t\t\t\t\t<\/div>\n\t\t\t\t<\/div>\n\t\t\t\t\t<\/div>\n\t\t<\/div>\n\t\t\t\t\t<\/div>\n\t\t<\/section>\n\t\t\t\t<\/div>","protected":false},"excerpt":{"rendered":"<p>Mercados mineros Embrague de molino WPT Power Grip en molino de bolas. La miner\u00eda es una gran industria con grandes equipos utilizados para llevar a cabo sus operaciones. Con ese tama\u00f1o y escala, vienen enormes expectativas de rendimiento. WPT Power ha sido un proveedor importante en el sector minero desde la fundaci\u00f3n de la empresa en 1992. Productos como [...]<\/p>","protected":false},"author":2,"featured_media":0,"parent":2841,"menu_order":0,"comment_status":"closed","ping_status":"closed","template":"elementor_header_footer","meta":{"jetpack_post_was_ever_published":false,"footnotes":""},"class_list":["post-402545","page","type-page","status-publish","hentry"],"jetpack_sharing_enabled":true,"_links":{"self":[{"href":"https:\/\/wptpower.com\/es\/wp-json\/wp\/v2\/pages\/402545","targetHints":{"allow":["GET"]}}],"collection":[{"href":"https:\/\/wptpower.com\/es\/wp-json\/wp\/v2\/pages"}],"about":[{"href":"https:\/\/wptpower.com\/es\/wp-json\/wp\/v2\/types\/page"}],"author":[{"embeddable":true,"href":"https:\/\/wptpower.com\/es\/wp-json\/wp\/v2\/users\/2"}],"replies":[{"embeddable":true,"href":"https:\/\/wptpower.com\/es\/wp-json\/wp\/v2\/comments?post=402545"}],"version-history":[{"count":0,"href":"https:\/\/wptpower.com\/es\/wp-json\/wp\/v2\/pages\/402545\/revisions"}],"up":[{"embeddable":true,"href":"https:\/\/wptpower.com\/es\/wp-json\/wp\/v2\/pages\/2841"}],"wp:attachment":[{"href":"https:\/\/wptpower.com\/es\/wp-json\/wp\/v2\/media?parent=402545"}],"curies":[{"name":"wp","href":"https:\/\/api.w.org\/{rel}","templated":true}]}}