{"id":402851,"date":"2020-11-18T13:19:30","date_gmt":"2020-11-18T19:19:30","guid":{"rendered":"https:\/\/wptpower.com\/?page_id=402851"},"modified":"2024-08-30T15:18:42","modified_gmt":"2024-08-30T20:18:42","slug":"literatura","status":"publish","type":"page","link":"https:\/\/wptpower.com\/es\/soporte-wpt\/literatura\/","title":{"rendered":"Literatura"},"content":{"rendered":"<div data-elementor-type=\"wp-page\" data-elementor-id=\"402851\" class=\"elementor elementor-402851\" data-elementor-post-type=\"page\">\n\t\t\t\t\t\t<section class=\"elementor-section elementor-top-section elementor-element elementor-element-e79f1b2 elementor-section-stretched elementor-section-content-middle elementor-section-boxed elementor-section-height-default elementor-section-height-default\" data-id=\"e79f1b2\" data-element_type=\"section\" data-settings=\"{&quot;stretch_section&quot;:&quot;section-stretched&quot;,&quot;background_background&quot;:&quot;classic&quot;}\">\n\t\t\t\t\t\t<div class=\"elementor-container elementor-column-gap-wide\">\n\t\t\t\t\t<div class=\"elementor-column elementor-col-100 elementor-top-column elementor-element elementor-element-2db095b\" data-id=\"2db095b\" data-element_type=\"column\">\n\t\t\t<div class=\"elementor-widget-wrap elementor-element-populated\">\n\t\t\t\t\t\t<div class=\"elementor-element elementor-element-c86f8a0 elementor-widget elementor-widget-heading\" data-id=\"c86f8a0\" data-element_type=\"widget\" data-widget_type=\"heading.default\">\n\t\t\t\t<div class=\"elementor-widget-container\">\n\t\t\t\t\t<h1 class=\"elementor-heading-title elementor-size-default\">Literatura<\/h1>\t\t\t\t<\/div>\n\t\t\t\t<\/div>\n\t\t\t\t\t<\/div>\n\t\t<\/div>\n\t\t\t\t\t<\/div>\n\t\t<\/section>\n\t\t\t\t<section class=\"elementor-section elementor-top-section elementor-element elementor-element-59dc117 elementor-section-boxed elementor-section-height-default elementor-section-height-default\" data-id=\"59dc117\" data-element_type=\"section\">\n\t\t\t\t\t\t<div class=\"elementor-container elementor-column-gap-default\">\n\t\t\t\t\t<div class=\"elementor-column elementor-col-100 elementor-top-column elementor-element elementor-element-f719fb0\" data-id=\"f719fb0\" data-element_type=\"column\">\n\t\t\t<div class=\"elementor-widget-wrap elementor-element-populated\">\n\t\t\t\t\t\t<div class=\"elementor-element elementor-element-94946c7 elementor-widget elementor-widget-spacer\" data-id=\"94946c7\" data-element_type=\"widget\" data-widget_type=\"spacer.default\">\n\t\t\t\t<div class=\"elementor-widget-container\">\n\t\t\t\t\t\t\t<div class=\"elementor-spacer\">\n\t\t\t<div class=\"elementor-spacer-inner\"><\/div>\n\t\t<\/div>\n\t\t\t\t\t\t<\/div>\n\t\t\t\t<\/div>\n\t\t\t\t<div class=\"elementor-element elementor-element-f661552 elementor-widget elementor-widget-heading\" data-id=\"f661552\" data-element_type=\"widget\" data-widget_type=\"heading.default\">\n\t\t\t\t<div class=\"elementor-widget-container\">\n\t\t\t\t\t<h2 class=\"elementor-heading-title elementor-size-default\">Cat\u00e1logos de Productos<\/h2>\t\t\t\t<\/div>\n\t\t\t\t<\/div>\n\t\t\t\t<div class=\"elementor-element elementor-element-4576864 elementor-widget-divider--view-line elementor-widget elementor-widget-divider\" data-id=\"4576864\" data-element_type=\"widget\" data-widget_type=\"divider.default\">\n\t\t\t\t<div class=\"elementor-widget-container\">\n\t\t\t\t\t\t\t<div class=\"elementor-divider\">\n\t\t\t<span class=\"elementor-divider-separator\">\n\t\t\t\t\t\t<\/span>\n\t\t<\/div>\n\t\t\t\t\t\t<\/div>\n\t\t\t\t<\/div>\n\t\t\t\t<div class=\"elementor-element elementor-element-96001b7 elementor-widget elementor-widget-text-editor\" data-id=\"96001b7\" data-element_type=\"widget\" data-widget_type=\"text-editor.default\">\n\t\t\t\t<div class=\"elementor-widget-container\">\n\t\t\t\t\t\t\t\t\t<p><em>Seleccione su categor\u00eda de producto para ver un folleto.<\/em><\/p>\t\t\t\t\t\t\t\t<\/div>\n\t\t\t\t<\/div>\n\t\t\t\t<div class=\"elementor-element elementor-element-254f920 elementor-widget elementor-widget-spacer\" data-id=\"254f920\" data-element_type=\"widget\" data-widget_type=\"spacer.default\">\n\t\t\t\t<div class=\"elementor-widget-container\">\n\t\t\t\t\t\t\t<div class=\"elementor-spacer\">\n\t\t\t<div class=\"elementor-spacer-inner\"><\/div>\n\t\t<\/div>\n\t\t\t\t\t\t<\/div>\n\t\t\t\t<\/div>\n\t\t<div class=\"elementor-element elementor-element-45640e2 e-flex e-con-boxed e-con e-parent\" data-id=\"45640e2\" data-element_type=\"container\">\n\t\t\t\t\t<div class=\"e-con-inner\">\n\t\t\t\t<div class=\"elementor-element elementor-element-8e308d4 elementor-widget__width-initial elementor-widget-tablet__width-auto elementor-widget elementor-widget-image\" data-id=\"8e308d4\" data-element_type=\"widget\" data-widget_type=\"image.default\">\n\t\t\t\t<div class=\"elementor-widget-container\">\n\t\t\t\t\t\t\t\t\t\t\t\t<figure class=\"wp-caption\">\n\t\t\t\t\t\t\t\t\t\t\t<a href=\"https:\/\/wptpower.com\/wp-content\/uploads\/2025\/03\/Product-Line-Overview-WLB-00-000ES-B.pdf\">\n\t\t\t\t\t\t\t<img fetchpriority=\"high\" decoding=\"async\" data-attachment-id=\"406073\" data-permalink=\"https:\/\/wptpower.com\/es\/wpt-power-brochure-product-line-overview\/\" data-orig-file=\"https:\/\/wptpower.com\/wp-content\/uploads\/2023\/02\/WPT-Power-Brochure-Product-Line-Overview.jpg\" data-orig-size=\"450,582\" data-comments-opened=\"0\" data-image-meta=\"{&quot;aperture&quot;:&quot;0&quot;,&quot;credit&quot;:&quot;&quot;,&quot;camera&quot;:&quot;&quot;,&quot;caption&quot;:&quot;&quot;,&quot;created_timestamp&quot;:&quot;0&quot;,&quot;copyright&quot;:&quot;&quot;,&quot;focal_length&quot;:&quot;0&quot;,&quot;iso&quot;:&quot;0&quot;,&quot;shutter_speed&quot;:&quot;0&quot;,&quot;title&quot;:&quot;&quot;,&quot;orientation&quot;:&quot;0&quot;}\" data-image-title=\"WPT Power Brochure Product Line Overview\" data-image-description=\"&lt;p&gt;WPT Power Brochure Product Line Overview&lt;\/p&gt;\" data-image-caption=\"\" data-large-file=\"https:\/\/wptpower.com\/wp-content\/uploads\/2023\/02\/WPT-Power-Brochure-Product-Line-Overview.jpg\" width=\"232\" height=\"300\" src=\"https:\/\/wptpower.com\/wp-content\/uploads\/2024\/05\/WPT_Linea-de-Productos_A_frontcover232x300.jpg\" class=\"attachment-medium size-medium wp-image-406073\" alt=\"Cat\u00e1logo L\u00ednea de Productos de WPT Power\" srcset=\"https:\/\/wptpower.com\/wp-content\/uploads\/2024\/05\/WPT_Linea-de-Productos_A_frontcover232x300.jpg 232w, https:\/\/wptpower.com\/wp-content\/uploads\/2024\/05\/WPT_Linea-de-Productos_A_frontcover232x300-9x12.jpg 9w\" sizes=\"(max-width: 232px) 100vw, 232px\" \/>\t\t\t\t\t\t\t\t<\/a>\n\t\t\t\t\t\t\t\t\t\t\t<figcaption class=\"widget-image-caption wp-caption-text\">Resumen de la L\u00ednea de Productos<\/figcaption>\n\t\t\t\t\t\t\t\t\t\t<\/figure>\n\t\t\t\t\t\t\t\t\t<\/div>\n\t\t\t\t<\/div>\n\t\t\t\t<div class=\"elementor-element elementor-element-0580616 elementor-widget__width-initial elementor-widget-tablet__width-auto elementor-widget elementor-widget-image\" data-id=\"0580616\" data-element_type=\"widget\" data-widget_type=\"image.default\">\n\t\t\t\t<div class=\"elementor-widget-container\">\n\t\t\t\t\t\t\t\t\t\t\t\t<figure class=\"wp-caption\">\n\t\t\t\t\t\t\t\t\t\t\t<a href=\"https:\/\/wptpower.com\/wp-content\/uploads\/2025\/03\/WLB-00-001ES.pdf\">\n\t\t\t\t\t\t\t<img decoding=\"async\" data-attachment-id=\"407551\" data-permalink=\"https:\/\/wptpower.com\/es\/soporte-wpt\/literatura\/wpt-engine-driven_front_cover_image_rev_h\/\" data-orig-file=\"https:\/\/wptpower.com\/wp-content\/uploads\/2024\/03\/WPT-Engine-Driven_front_cover_image_REV_H.jpg\" data-orig-size=\"450,582\" data-comments-opened=\"0\" data-image-meta=\"{&quot;aperture&quot;:&quot;0&quot;,&quot;credit&quot;:&quot;&quot;,&quot;camera&quot;:&quot;&quot;,&quot;caption&quot;:&quot;&quot;,&quot;created_timestamp&quot;:&quot;0&quot;,&quot;copyright&quot;:&quot;&quot;,&quot;focal_length&quot;:&quot;0&quot;,&quot;iso&quot;:&quot;0&quot;,&quot;shutter_speed&quot;:&quot;0&quot;,&quot;title&quot;:&quot;&quot;,&quot;orientation&quot;:&quot;0&quot;}\" data-image-title=\"WPT-Engine-Driven_front_cover_image_REV_H\" data-image-description=\"&lt;p&gt;WPT Power Engine Driven Products Brochure&lt;\/p&gt;\" data-image-caption=\"\" data-large-file=\"https:\/\/wptpower.com\/wp-content\/uploads\/2024\/03\/WPT-Engine-Driven_front_cover_image_REV_H.jpg\" width=\"232\" height=\"300\" src=\"https:\/\/wptpower.com\/wp-content\/uploads\/2024\/09\/productos-para-motores-WLB-00-000ES.jpg\" class=\"attachment-medium size-medium wp-image-407551\" alt=\"Cat\u00e1logo de Productos Para Motores de WPT Power\" srcset=\"https:\/\/wptpower.com\/wp-content\/uploads\/2024\/09\/productos-para-motores-WLB-00-000ES.jpg 450w, https:\/\/wptpower.com\/wp-content\/uploads\/2024\/09\/productos-para-motores-WLB-00-000ES-232x300.jpg 232w, https:\/\/wptpower.com\/wp-content\/uploads\/2024\/09\/productos-para-motores-WLB-00-000ES-9x12.jpg 9w\" sizes=\"(max-width: 232px) 100vw, 232px\" \/>\t\t\t\t\t\t\t\t<\/a>\n\t\t\t\t\t\t\t\t\t\t\t<figcaption class=\"widget-image-caption wp-caption-text\">Productos Para Motores<\/figcaption>\n\t\t\t\t\t\t\t\t\t\t<\/figure>\n\t\t\t\t\t\t\t\t\t<\/div>\n\t\t\t\t<\/div>\n\t\t\t\t<div class=\"elementor-element elementor-element-5e15dae elementor-widget__width-initial elementor-widget-tablet__width-auto elementor-widget elementor-widget-image\" data-id=\"5e15dae\" data-element_type=\"widget\" data-widget_type=\"image.default\">\n\t\t\t\t<div class=\"elementor-widget-container\">\n\t\t\t\t\t\t\t\t\t\t\t\t<figure class=\"wp-caption\">\n\t\t\t\t\t\t\t\t\t\t\t<a href=\"https:\/\/wptpower.com\/wp-content\/uploads\/2025\/03\/WPT-Power-Grip_ES_WLB-OC-000ES.pdf\">\n\t\t\t\t\t\t\t<img decoding=\"async\" data-attachment-id=\"405979\" data-permalink=\"https:\/\/wptpower.com\/es\/brochure-image-power-grip-and-power-grip-po-clutches-02-2023\/\" data-orig-file=\"https:\/\/wptpower.com\/wp-content\/uploads\/2023\/02\/Brochure-Image-Power-Grip-and-Power-Grip-PO-Clutches-02-2023.jpg\" data-orig-size=\"450,582\" data-comments-opened=\"0\" data-image-meta=\"{&quot;aperture&quot;:&quot;0&quot;,&quot;credit&quot;:&quot;&quot;,&quot;camera&quot;:&quot;&quot;,&quot;caption&quot;:&quot;&quot;,&quot;created_timestamp&quot;:&quot;0&quot;,&quot;copyright&quot;:&quot;&quot;,&quot;focal_length&quot;:&quot;0&quot;,&quot;iso&quot;:&quot;0&quot;,&quot;shutter_speed&quot;:&quot;0&quot;,&quot;title&quot;:&quot;&quot;,&quot;orientation&quot;:&quot;0&quot;}\" data-image-title=\"Brochure Image &amp;#8211; Power Grip and Power Grip PO Clutches 02-2023\" data-image-description=\"&lt;p&gt;Brochure Title Page&lt;\/p&gt;\" data-image-caption=\"\" data-large-file=\"https:\/\/wptpower.com\/wp-content\/uploads\/2023\/02\/Brochure-Image-Power-Grip-and-Power-Grip-PO-Clutches-02-2023.jpg\" width=\"232\" height=\"300\" src=\"https:\/\/wptpower.com\/wp-content\/uploads\/2025\/03\/embragues-power-grip-y-power-grip-po-WLB-OC-000ES.jpg\" class=\"attachment-medium size-medium wp-image-405979\" alt=\"Folleto de embragues Power Grip y Power Grip PO Portada\" srcset=\"https:\/\/wptpower.com\/wp-content\/uploads\/2025\/03\/embragues-power-grip-y-power-grip-po-WLB-OC-000ES.jpg 450w, https:\/\/wptpower.com\/wp-content\/uploads\/2025\/03\/embragues-power-grip-y-power-grip-po-WLB-OC-000ES-232x300.jpg 232w, https:\/\/wptpower.com\/wp-content\/uploads\/2025\/03\/embragues-power-grip-y-power-grip-po-WLB-OC-000ES-9x12.jpg 9w\" sizes=\"(max-width: 232px) 100vw, 232px\" \/>\t\t\t\t\t\t\t\t<\/a>\n\t\t\t\t\t\t\t\t\t\t\t<figcaption class=\"widget-image-caption wp-caption-text\">Embragues Power Grip y Power Grip PO<\/figcaption>\n\t\t\t\t\t\t\t\t\t\t<\/figure>\n\t\t\t\t\t\t\t\t\t<\/div>\n\t\t\t\t<\/div>\n\t\t\t\t<div class=\"elementor-element elementor-element-d46ae67 elementor-widget__width-initial elementor-widget-tablet__width-auto elementor-widget elementor-widget-image\" data-id=\"d46ae67\" data-element_type=\"widget\" data-widget_type=\"image.default\">\n\t\t\t\t<div class=\"elementor-widget-container\">\n\t\t\t\t\t\t\t\t\t\t\t\t<figure class=\"wp-caption\">\n\t\t\t\t\t\t\t\t\t\t\t<a href=\"https:\/\/wptpower.com\/wp-content\/uploads\/2023\/02\/WPT-Low-Inertia-rev-F.pdf\">\n\t\t\t\t\t\t\t<img loading=\"lazy\" decoding=\"async\" data-attachment-id=\"405977\" data-permalink=\"https:\/\/wptpower.com\/es\/brochure-image-low-inertia-clutches-and-brakes-02-2023\/\" data-orig-file=\"https:\/\/wptpower.com\/wp-content\/uploads\/2023\/02\/Brochure-Image-Low-Inertia-Clutches-and-Brakes-02-2023.jpg\" data-orig-size=\"450,582\" data-comments-opened=\"0\" data-image-meta=\"{&quot;aperture&quot;:&quot;0&quot;,&quot;credit&quot;:&quot;&quot;,&quot;camera&quot;:&quot;&quot;,&quot;caption&quot;:&quot;&quot;,&quot;created_timestamp&quot;:&quot;0&quot;,&quot;copyright&quot;:&quot;&quot;,&quot;focal_length&quot;:&quot;0&quot;,&quot;iso&quot;:&quot;0&quot;,&quot;shutter_speed&quot;:&quot;0&quot;,&quot;title&quot;:&quot;&quot;,&quot;orientation&quot;:&quot;0&quot;}\" data-image-title=\"Brochure Image &amp;#8211; Low Inertia Clutches and Brakes 02-2023\" data-image-description=\"&lt;p&gt;Brochure Title Page&lt;\/p&gt;\" data-image-caption=\"\" data-large-file=\"https:\/\/wptpower.com\/wp-content\/uploads\/2023\/02\/Brochure-Image-Low-Inertia-Clutches-and-Brakes-02-2023.jpg\" width=\"232\" height=\"300\" src=\"https:\/\/wptpower.com\/wp-content\/uploads\/2023\/02\/Brochure-Image-Low-Inertia-Clutches-and-Brakes-02-2023-232x300.jpg\" class=\"attachment-medium size-medium wp-image-405977\" alt=\"Folleto de embragues y frenos de baja inercia T\u00edtulo de la p\u00e1gina\" srcset=\"https:\/\/wptpower.com\/wp-content\/uploads\/2023\/02\/Brochure-Image-Low-Inertia-Clutches-and-Brakes-02-2023-232x300.jpg 232w, https:\/\/wptpower.com\/wp-content\/uploads\/2023\/02\/Brochure-Image-Low-Inertia-Clutches-and-Brakes-02-2023.jpg 450w\" sizes=\"(max-width: 232px) 100vw, 232px\" \/>\t\t\t\t\t\t\t\t<\/a>\n\t\t\t\t\t\t\t\t\t\t\t<figcaption class=\"widget-image-caption wp-caption-text\">Embragues y Frenos de Baja Inercia<\/figcaption>\n\t\t\t\t\t\t\t\t\t\t<\/figure>\n\t\t\t\t\t\t\t\t\t<\/div>\n\t\t\t\t<\/div>\n\t\t\t\t<div class=\"elementor-element elementor-element-d0599ae elementor-widget__width-initial elementor-widget-tablet__width-auto elementor-widget elementor-widget-image\" data-id=\"d0599ae\" data-element_type=\"widget\" data-widget_type=\"image.default\">\n\t\t\t\t<div class=\"elementor-widget-container\">\n\t\t\t\t\t\t\t\t\t\t\t\t<figure class=\"wp-caption\">\n\t\t\t\t\t\t\t\t\t\t\t<a href=\"https:\/\/wptpower.com\/wp-content\/uploads\/2025\/09\/WLB-OM-000ES_WCB.pdf\">\n\t\t\t\t\t\t\t<img loading=\"lazy\" decoding=\"async\" data-attachment-id=\"405980\" data-permalink=\"https:\/\/wptpower.com\/es\/brochure-image-water-cooled-brakes-02-2023\/\" data-orig-file=\"https:\/\/wptpower.com\/wp-content\/uploads\/2023\/02\/Brochure-Image-Water-Cooled-Brakes-02-2023.jpg\" data-orig-size=\"450,582\" data-comments-opened=\"0\" data-image-meta=\"{&quot;aperture&quot;:&quot;0&quot;,&quot;credit&quot;:&quot;&quot;,&quot;camera&quot;:&quot;&quot;,&quot;caption&quot;:&quot;&quot;,&quot;created_timestamp&quot;:&quot;0&quot;,&quot;copyright&quot;:&quot;&quot;,&quot;focal_length&quot;:&quot;0&quot;,&quot;iso&quot;:&quot;0&quot;,&quot;shutter_speed&quot;:&quot;0&quot;,&quot;title&quot;:&quot;&quot;,&quot;orientation&quot;:&quot;0&quot;}\" data-image-title=\"Brochure Image &amp;#8211; Water Cooled Brakes 02-2023\" data-image-description=\"&lt;p&gt;Brochure Title Page&lt;\/p&gt;\" data-image-caption=\"\" data-large-file=\"https:\/\/wptpower.com\/wp-content\/uploads\/2023\/02\/Brochure-Image-Water-Cooled-Brakes-02-2023.jpg\" width=\"232\" height=\"300\" src=\"https:\/\/wptpower.com\/wp-content\/uploads\/2025\/09\/frenos-refrigerados-por-agua-WLB-OM-000ES_WCB.jpg\" class=\"attachment-medium size-medium wp-image-405980\" alt=\"Frenos refrigerados por agua Folleto Portada\" srcset=\"https:\/\/wptpower.com\/wp-content\/uploads\/2025\/09\/frenos-refrigerados-por-agua-WLB-OM-000ES_WCB.jpg 450w, https:\/\/wptpower.com\/wp-content\/uploads\/2025\/09\/frenos-refrigerados-por-agua-WLB-OM-000ES_WCB-232x300.jpg 232w, https:\/\/wptpower.com\/wp-content\/uploads\/2025\/09\/frenos-refrigerados-por-agua-WLB-OM-000ES_WCB-9x12.jpg 9w\" sizes=\"(max-width: 232px) 100vw, 232px\" \/>\t\t\t\t\t\t\t\t<\/a>\n\t\t\t\t\t\t\t\t\t\t\t<figcaption class=\"widget-image-caption wp-caption-text\">Frenos Refrigerados por Agua<\/figcaption>\n\t\t\t\t\t\t\t\t\t\t<\/figure>\n\t\t\t\t\t\t\t\t\t<\/div>\n\t\t\t\t<\/div>\n\t\t\t\t<div class=\"elementor-element elementor-element-e8f66b3 elementor-widget__width-initial elementor-widget-tablet__width-auto elementor-widget elementor-widget-image\" data-id=\"e8f66b3\" data-element_type=\"widget\" data-widget_type=\"image.default\">\n\t\t\t\t<div class=\"elementor-widget-container\">\n\t\t\t\t\t\t\t\t\t\t\t\t<figure class=\"wp-caption\">\n\t\t\t\t\t\t\t\t\t\t\t<a href=\"https:\/\/wptpower.com\/wp-content\/uploads\/2024\/08\/WPT-Mining-Brochure-B-ES.pdf\">\n\t\t\t\t\t\t\t<img loading=\"lazy\" decoding=\"async\" data-attachment-id=\"405978\" data-permalink=\"https:\/\/wptpower.com\/es\/brochure-image-mining-brakes-and-clutches-02-2023\/\" data-orig-file=\"https:\/\/wptpower.com\/wp-content\/uploads\/2023\/02\/Brochure-Image-Mining-Brakes-and-Clutches-02-2023.jpg\" data-orig-size=\"450,582\" data-comments-opened=\"0\" data-image-meta=\"{&quot;aperture&quot;:&quot;0&quot;,&quot;credit&quot;:&quot;&quot;,&quot;camera&quot;:&quot;&quot;,&quot;caption&quot;:&quot;&quot;,&quot;created_timestamp&quot;:&quot;0&quot;,&quot;copyright&quot;:&quot;&quot;,&quot;focal_length&quot;:&quot;0&quot;,&quot;iso&quot;:&quot;0&quot;,&quot;shutter_speed&quot;:&quot;0&quot;,&quot;title&quot;:&quot;&quot;,&quot;orientation&quot;:&quot;0&quot;}\" data-image-title=\"Brochure Image &amp;#8211; Mining Brakes and Clutches 02-2023\" data-image-description=\"\" data-image-caption=\"\" data-large-file=\"https:\/\/wptpower.com\/wp-content\/uploads\/2023\/02\/Brochure-Image-Mining-Brakes-and-Clutches-02-2023.jpg\" width=\"232\" height=\"300\" src=\"https:\/\/wptpower.com\/wp-content\/uploads\/2024\/08\/frenos-y-embragues-para-mineria.jpg\" class=\"attachment-medium size-medium wp-image-405978\" alt=\"Cat\u00e1logo de Frenos y Embragues Para Miner\u00eda T\u00edtulo de P\u00e1gina\" srcset=\"https:\/\/wptpower.com\/wp-content\/uploads\/2024\/08\/frenos-y-embragues-para-mineria.jpg 450w, https:\/\/wptpower.com\/wp-content\/uploads\/2024\/08\/frenos-y-embragues-para-mineria-232x300.jpg 232w, https:\/\/wptpower.com\/wp-content\/uploads\/2024\/08\/frenos-y-embragues-para-mineria-9x12.jpg 9w\" sizes=\"(max-width: 232px) 100vw, 232px\" \/>\t\t\t\t\t\t\t\t<\/a>\n\t\t\t\t\t\t\t\t\t\t\t<figcaption class=\"widget-image-caption wp-caption-text\">Frenos y Embragues Mineros<\/figcaption>\n\t\t\t\t\t\t\t\t\t\t<\/figure>\n\t\t\t\t\t\t\t\t\t<\/div>\n\t\t\t\t<\/div>\n\t\t\t\t<div class=\"elementor-element elementor-element-cb304ba elementor-widget__width-initial elementor-widget-tablet__width-auto elementor-widget elementor-widget-image\" data-id=\"cb304ba\" data-element_type=\"widget\" data-widget_type=\"image.default\">\n\t\t\t\t<div class=\"elementor-widget-container\">\n\t\t\t\t\t\t\t\t\t\t\t\t<figure class=\"wp-caption\">\n\t\t\t\t\t\t\t\t\t\t\t<a href=\"https:\/\/wptpower.com\/wp-content\/uploads\/2025\/09\/WLF-DA-000ES_Caliper.pdf\">\n\t\t\t\t\t\t\t<img loading=\"lazy\" decoding=\"async\" data-attachment-id=\"405976\" data-permalink=\"https:\/\/wptpower.com\/es\/brochure-image-industrial-caliper-brakes-02-2023\/\" data-orig-file=\"https:\/\/wptpower.com\/wp-content\/uploads\/2023\/02\/Brochure-Image-Industrial-Caliper-Brakes-02-2023.jpg\" data-orig-size=\"450,582\" data-comments-opened=\"0\" data-image-meta=\"{&quot;aperture&quot;:&quot;0&quot;,&quot;credit&quot;:&quot;&quot;,&quot;camera&quot;:&quot;&quot;,&quot;caption&quot;:&quot;&quot;,&quot;created_timestamp&quot;:&quot;0&quot;,&quot;copyright&quot;:&quot;&quot;,&quot;focal_length&quot;:&quot;0&quot;,&quot;iso&quot;:&quot;0&quot;,&quot;shutter_speed&quot;:&quot;0&quot;,&quot;title&quot;:&quot;&quot;,&quot;orientation&quot;:&quot;0&quot;}\" data-image-title=\"Brochure Image &amp;#8211; Industrial Caliper Brakes 02-2023\" data-image-description=\"&lt;p&gt;Brochure Title Page&lt;\/p&gt;\" data-image-caption=\"\" data-large-file=\"https:\/\/wptpower.com\/wp-content\/uploads\/2023\/02\/Brochure-Image-Industrial-Caliper-Brakes-02-2023.jpg\" width=\"232\" height=\"300\" src=\"https:\/\/wptpower.com\/wp-content\/uploads\/2025\/09\/caliper-de-frenos-industriales-WLF-DA-000ES-Caliper.jpg\" class=\"attachment-medium size-medium wp-image-405976\" alt=\"Cat\u00e1logo de Caliper de Frenos Industriales\" srcset=\"https:\/\/wptpower.com\/wp-content\/uploads\/2025\/09\/caliper-de-frenos-industriales-WLF-DA-000ES-Caliper.jpg 450w, https:\/\/wptpower.com\/wp-content\/uploads\/2025\/09\/caliper-de-frenos-industriales-WLF-DA-000ES-Caliper-232x300.jpg 232w, https:\/\/wptpower.com\/wp-content\/uploads\/2025\/09\/caliper-de-frenos-industriales-WLF-DA-000ES-Caliper-9x12.jpg 9w\" sizes=\"(max-width: 232px) 100vw, 232px\" \/>\t\t\t\t\t\t\t\t<\/a>\n\t\t\t\t\t\t\t\t\t\t\t<figcaption class=\"widget-image-caption wp-caption-text\">Caliper de Frenos Industriales<\/figcaption>\n\t\t\t\t\t\t\t\t\t\t<\/figure>\n\t\t\t\t\t\t\t\t\t<\/div>\n\t\t\t\t<\/div>\n\t\t\t\t<div class=\"elementor-element elementor-element-b34e077 elementor-widget__width-initial elementor-widget-tablet__width-auto elementor-widget elementor-widget-image\" data-id=\"b34e077\" data-element_type=\"widget\" data-widget_type=\"image.default\">\n\t\t\t\t<div class=\"elementor-widget-container\">\n\t\t\t\t\t\t\t\t\t\t\t\t<figure class=\"wp-caption\">\n\t\t\t\t\t\t\t\t\t\t\t<a href=\"https:\/\/wptpower.com\/wp-content\/uploads\/2024\/03\/WinchBrochure_Rev-D.pdf\">\n\t\t\t\t\t\t\t<img loading=\"lazy\" decoding=\"async\" data-attachment-id=\"405981\" data-permalink=\"https:\/\/wptpower.com\/es\/brochure-image-winches-and-hoists-02-2023\/\" data-orig-file=\"https:\/\/wptpower.com\/wp-content\/uploads\/2023\/02\/Brochure-Image-Winches-and-Hoists-02-2023.jpg\" data-orig-size=\"450,582\" data-comments-opened=\"0\" data-image-meta=\"{&quot;aperture&quot;:&quot;0&quot;,&quot;credit&quot;:&quot;&quot;,&quot;camera&quot;:&quot;&quot;,&quot;caption&quot;:&quot;&quot;,&quot;created_timestamp&quot;:&quot;0&quot;,&quot;copyright&quot;:&quot;&quot;,&quot;focal_length&quot;:&quot;0&quot;,&quot;iso&quot;:&quot;0&quot;,&quot;shutter_speed&quot;:&quot;0&quot;,&quot;title&quot;:&quot;&quot;,&quot;orientation&quot;:&quot;0&quot;}\" data-image-title=\"Brochure Image &amp;#8211; Winches and Hoists 02-2023\" data-image-description=\"&lt;p&gt;Brochure Title Page&lt;\/p&gt;\" data-image-caption=\"\" data-large-file=\"https:\/\/wptpower.com\/wp-content\/uploads\/2023\/02\/Brochure-Image-Winches-and-Hoists-02-2023.jpg\" width=\"232\" height=\"300\" src=\"https:\/\/wptpower.com\/wp-content\/uploads\/2023\/02\/Brochure-Image-Winches-and-Hoists-02-2023-232x300.jpg\" class=\"attachment-medium size-medium wp-image-405981\" alt=\"Cabrestantes y polipastos Folleto Portada\" srcset=\"https:\/\/wptpower.com\/wp-content\/uploads\/2023\/02\/Brochure-Image-Winches-and-Hoists-02-2023-232x300.jpg 232w, https:\/\/wptpower.com\/wp-content\/uploads\/2023\/02\/Brochure-Image-Winches-and-Hoists-02-2023.jpg 450w\" sizes=\"(max-width: 232px) 100vw, 232px\" \/>\t\t\t\t\t\t\t\t<\/a>\n\t\t\t\t\t\t\t\t\t\t\t<figcaption class=\"widget-image-caption wp-caption-text\">Winches y Polipastos<\/figcaption>\n\t\t\t\t\t\t\t\t\t\t<\/figure>\n\t\t\t\t\t\t\t\t\t<\/div>\n\t\t\t\t<\/div>\n\t\t\t\t\t<\/div>\n\t\t\t\t<\/div>\n\t\t\t\t<div class=\"elementor-element elementor-element-6cdb456 elementor-widget elementor-widget-spacer\" data-id=\"6cdb456\" data-element_type=\"widget\" data-widget_type=\"spacer.default\">\n\t\t\t\t<div class=\"elementor-widget-container\">\n\t\t\t\t\t\t\t<div class=\"elementor-spacer\">\n\t\t\t<div class=\"elementor-spacer-inner\"><\/div>\n\t\t<\/div>\n\t\t\t\t\t\t<\/div>\n\t\t\t\t<\/div>\n\t\t\t\t\t<\/div>\n\t\t<\/div>\n\t\t\t\t\t<\/div>\n\t\t<\/section>\n\t\t\t\t<\/div>","protected":false},"excerpt":{"rendered":"<p>Literatura Folletos de productos Seleccione su categor\u00eda de producto para ver un folleto. Descripci\u00f3n general de la l\u00ednea de productos Productos accionados por motor Embragues Power Grip y Power Grip PO Embragues y frenos de baja inercia Frenos refrigerados por agua Frenos y embragues para miner\u00eda Frenos de pinza industriales Cabrestantes y polipastos<\/p>","protected":false},"author":281,"featured_media":0,"parent":402815,"menu_order":0,"comment_status":"closed","ping_status":"closed","template":"elementor_header_footer","meta":{"footnotes":""},"class_list":["post-402851","page","type-page","status-publish","hentry"],"jetpack_sharing_enabled":true,"_links":{"self":[{"href":"https:\/\/wptpower.com\/es\/wp-json\/wp\/v2\/pages\/402851","targetHints":{"allow":["GET"]}}],"collection":[{"href":"https:\/\/wptpower.com\/es\/wp-json\/wp\/v2\/pages"}],"about":[{"href":"https:\/\/wptpower.com\/es\/wp-json\/wp\/v2\/types\/page"}],"author":[{"embeddable":true,"href":"https:\/\/wptpower.com\/es\/wp-json\/wp\/v2\/users\/281"}],"replies":[{"embeddable":true,"href":"https:\/\/wptpower.com\/es\/wp-json\/wp\/v2\/comments?post=402851"}],"version-history":[{"count":0,"href":"https:\/\/wptpower.com\/es\/wp-json\/wp\/v2\/pages\/402851\/revisions"}],"up":[{"embeddable":true,"href":"https:\/\/wptpower.com\/es\/wp-json\/wp\/v2\/pages\/402815"}],"wp:attachment":[{"href":"https:\/\/wptpower.com\/es\/wp-json\/wp\/v2\/media?parent=402851"}],"curies":[{"name":"wp","href":"https:\/\/api.w.org\/{rel}","templated":true}]}}