{"id":403499,"date":"2021-03-09T15:18:58","date_gmt":"2021-03-09T21:18:58","guid":{"rendered":"https:\/\/wptpower.com\/?page_id=403499"},"modified":"2023-04-11T11:30:06","modified_gmt":"2023-04-11T16:30:06","slug":"embragues-y-frenos-para-la-transformacion-del-papel","status":"publish","type":"page","link":"https:\/\/wptpower.com\/es\/sectores-del-mercado\/embragues-y-frenos-para-la-transformacion-del-papel\/","title":{"rendered":"Industria Papelera"},"content":{"rendered":"<div data-elementor-type=\"wp-page\" data-elementor-id=\"403499\" class=\"elementor elementor-403499\" data-elementor-post-type=\"page\">\n\t\t\t\t\t\t<section class=\"elementor-section elementor-top-section elementor-element elementor-element-1ed7649 elementor-section-boxed elementor-section-height-default elementor-section-height-default\" data-id=\"1ed7649\" data-element_type=\"section\">\n\t\t\t\t\t\t<div class=\"elementor-container elementor-column-gap-default\">\n\t\t\t\t\t<div class=\"elementor-column elementor-col-100 elementor-top-column elementor-element elementor-element-96c4c94\" data-id=\"96c4c94\" data-element_type=\"column\">\n\t\t\t<div class=\"elementor-widget-wrap elementor-element-populated\">\n\t\t\t\t\t\t<div class=\"elementor-element elementor-element-0d6b5ca elementor-widget elementor-widget-spacer\" data-id=\"0d6b5ca\" data-element_type=\"widget\" data-widget_type=\"spacer.default\">\n\t\t\t\t<div class=\"elementor-widget-container\">\n\t\t\t\t\t\t\t<div class=\"elementor-spacer\">\n\t\t\t<div class=\"elementor-spacer-inner\"><\/div>\n\t\t<\/div>\n\t\t\t\t\t\t<\/div>\n\t\t\t\t<\/div>\n\t\t\t\t\t<\/div>\n\t\t<\/div>\n\t\t\t\t\t<\/div>\n\t\t<\/section>\n\t\t\t\t<section class=\"elementor-section elementor-top-section elementor-element elementor-element-c2e171c elementor-section-boxed elementor-section-height-default elementor-section-height-default\" data-id=\"c2e171c\" data-element_type=\"section\">\n\t\t\t\t\t\t<div class=\"elementor-container elementor-column-gap-default\">\n\t\t\t\t\t<div class=\"elementor-column elementor-col-33 elementor-top-column elementor-element elementor-element-8e07445\" data-id=\"8e07445\" data-element_type=\"column\">\n\t\t\t<div class=\"elementor-widget-wrap elementor-element-populated\">\n\t\t\t\t\t\t<div class=\"elementor-element elementor-element-b1a733f elementor-widget elementor-widget-spacer\" data-id=\"b1a733f\" data-element_type=\"widget\" data-widget_type=\"spacer.default\">\n\t\t\t\t<div class=\"elementor-widget-container\">\n\t\t\t\t\t\t\t<div class=\"elementor-spacer\">\n\t\t\t<div class=\"elementor-spacer-inner\"><\/div>\n\t\t<\/div>\n\t\t\t\t\t\t<\/div>\n\t\t\t\t<\/div>\n\t\t\t\t<div class=\"elementor-element elementor-element-ce35d99 elementor-widget elementor-widget-heading\" data-id=\"ce35d99\" data-element_type=\"widget\" data-widget_type=\"heading.default\">\n\t\t\t\t<div class=\"elementor-widget-container\">\n\t\t\t\t\t<h1 class=\"elementor-heading-title elementor-size-default\">Industria Papelera<\/h1>\t\t\t\t<\/div>\n\t\t\t\t<\/div>\n\t\t\t\t\t<\/div>\n\t\t<\/div>\n\t\t\t\t<div class=\"elementor-column elementor-col-66 elementor-top-column elementor-element elementor-element-c3fa6cd\" data-id=\"c3fa6cd\" data-element_type=\"column\">\n\t\t\t<div class=\"elementor-widget-wrap elementor-element-populated\">\n\t\t\t\t\t\t<div class=\"elementor-element elementor-element-95f70ab elementor-widget elementor-widget-image\" data-id=\"95f70ab\" data-element_type=\"widget\" data-widget_type=\"image.default\">\n\t\t\t\t<div class=\"elementor-widget-container\">\n\t\t\t\t\t\t\t\t\t\t\t\t\t\t\t<img fetchpriority=\"high\" decoding=\"async\" data-attachment-id=\"403498\" data-permalink=\"https:\/\/wptpower.com\/es\/paper-converting-machine\/\" data-orig-file=\"https:\/\/wptpower.com\/wp-content\/uploads\/2021\/03\/Paper-Converting-Machine.jpg\" data-orig-size=\"747,414\" data-comments-opened=\"0\" data-image-meta=\"{&quot;aperture&quot;:&quot;0&quot;,&quot;credit&quot;:&quot;&quot;,&quot;camera&quot;:&quot;&quot;,&quot;caption&quot;:&quot;&quot;,&quot;created_timestamp&quot;:&quot;0&quot;,&quot;copyright&quot;:&quot;&quot;,&quot;focal_length&quot;:&quot;0&quot;,&quot;iso&quot;:&quot;0&quot;,&quot;shutter_speed&quot;:&quot;0&quot;,&quot;title&quot;:&quot;&quot;,&quot;orientation&quot;:&quot;1&quot;}\" data-image-title=\"Paper Converting Machine\" data-image-description=\"&lt;p&gt;Paper slitting and rewinder clutches and brakes&lt;\/p&gt;\" data-image-caption=\"\" data-large-file=\"https:\/\/wptpower.com\/wp-content\/uploads\/2021\/03\/Paper-Converting-Machine.jpg\" width=\"747\" height=\"414\" src=\"https:\/\/wptpower.com\/wp-content\/uploads\/2021\/03\/Paper-Converting-Machine.jpg\" class=\"attachment-medium_large size-medium_large wp-image-403498\" alt=\"Cortadora de papel con frenos refrigerados por agua\" srcset=\"https:\/\/wptpower.com\/wp-content\/uploads\/2021\/03\/Paper-Converting-Machine.jpg 747w, https:\/\/wptpower.com\/wp-content\/uploads\/2021\/03\/Paper-Converting-Machine-300x166.jpg 300w, https:\/\/wptpower.com\/wp-content\/uploads\/2021\/03\/Paper-Converting-Machine-600x333.jpg 600w\" sizes=\"(max-width: 747px) 100vw, 747px\" \/>\t\t\t\t\t\t\t\t\t\t\t\t\t\t\t<\/div>\n\t\t\t\t<\/div>\n\t\t\t\t<div class=\"elementor-element elementor-element-dc27e74 elementor-widget elementor-widget-text-editor\" data-id=\"dc27e74\" data-element_type=\"widget\" data-widget_type=\"text-editor.default\">\n\t\t\t\t<div class=\"elementor-widget-container\">\n\t\t\t\t\t\t\t\t\t<p>Tensi\u00f3n adecuada con los Frenos con Discos de Acero Refrigerados por Agua de WPT Power en la aplicaci\u00f3n de cortadora.<\/p>\t\t\t\t\t\t\t\t<\/div>\n\t\t\t\t<\/div>\n\t\t\t\t<section class=\"elementor-section elementor-inner-section elementor-element elementor-element-d8a5f79 elementor-section-boxed elementor-section-height-default elementor-section-height-default\" data-id=\"d8a5f79\" data-element_type=\"section\">\n\t\t\t\t\t\t<div class=\"elementor-container elementor-column-gap-default\">\n\t\t\t\t\t<div class=\"elementor-column elementor-col-100 elementor-inner-column elementor-element elementor-element-6fc4e6c\" data-id=\"6fc4e6c\" data-element_type=\"column\">\n\t\t\t<div class=\"elementor-widget-wrap elementor-element-populated\">\n\t\t\t\t\t\t<div class=\"elementor-element elementor-element-3c5c25e elementor-widget elementor-widget-text-editor\" data-id=\"3c5c25e\" data-element_type=\"widget\" data-widget_type=\"text-editor.default\">\n\t\t\t\t<div class=\"elementor-widget-container\">\n\t\t\t\t\t\t\t\t\t<p><\/p>\n<p>La industria papelera esta centrada en la transformaci\u00f3n de productos de papel en bruto a productos acabados. Estos productos acabados incluyen libros, revistas, peri\u00f3dicos, tarjetas, cartulinas, calcamon\u00edas, bolsas de papel, papel higi\u00e9nico y casi todos los dem\u00e1s productos de papel que utilizamos a diario. Estos productos de papel simples se fabrican en f\u00e1bricas de papel y se enrollan en grandes bobinas para su almacenamiento, transporte y posterior uso en el proceso de transformaci\u00f3n del papel. Estos rollos de papel en bruto pueden pesar decenas de miles de libras y medir hasta 12 pies de largo y varios pies de di\u00e1metro.<\/p>\n<p>Una vez creadas las bobinas de papel en bruto y trasladadas al lugar de producci\u00f3n, a menudo es necesario reducir su longitud para adaptarlas a una aplicaci\u00f3n particular. Esta conversi\u00f3n de un rollo largo a uno m\u00e1s corto es el origen del t\u00e9rmino \"conversi\u00f3n de papel\". Hay dos m\u00e9todos principales para acortar los rollos, cortar todo el rollo de papel en su lugar, y cortar y rebobinar el rollo. Los productos de Frenos Industriales de WPT Power desempe\u00f1an un papel importante en esta \u00faltima opci\u00f3n.<\/p>\n<p>Durante el proceso de corte y rebobinado, el papel en bruto se carga en la m\u00e1quina de corte y se introduce en una serie de cuchillas de corte para reducir la longitud del papel al tama\u00f1o requerido. A continuaci\u00f3n, el producto de papel de longitud reducida se rebobina para utilizarlo en otro lugar. Mantener la tensi\u00f3n mec\u00e1nica adecuada en la bobina de origen es crucial para el proceso de corte y rebobinado.<\/p>\n<p>Si nunca ha tenido el lujo de trabajar con grandes rollos de papel de tama\u00f1o industrial, es posible que no aprecie el reto que supone mantener el papel con la tensi\u00f3n adecuada. Si la tensi\u00f3n es demasiado baja, los rollos de papel empezar\u00e1n a desenrollarse de forma descontrolada y se producir\u00e1 un efecto de desbocamiento que provocar\u00e1 una p\u00e9rdida de tiempo y posibles da\u00f1os en el papel o en la m\u00e1quina. Esto ser\u00eda similar a nudos formando y ator\u00e1ndose en un carrete de pesca cuando el sedal no tiene suficiente tensi\u00f3n, s\u00f3lo que a mayor escala.<\/p>\n<p>Las m\u00e1quinas desbobinadoras y cortadoras utilizan un sistema de frenado din\u00e1mico para mantener la tensi\u00f3n adecuada en los rodillos. Este sistema de frenado consta de un freno, un controlador y un dispositivo de medici\u00f3n de la tensi\u00f3n. El freno puede tener un dise\u00f1o refrigerado por aire para un rendimiento de servicio ligero a medio o un dise\u00f1o refrigerado por agua para un rendimiento de servicio medio a pesado.<\/p>\n<p class=\"translation-block\">Dado que la bobina cambia de peso y di\u00e1metro a medida que se desenrolla, la cantidad de torque necesaria para mantener una tensi\u00f3n constante en la bobina de papel cambia con el tiempo. Por lo tanto, casi todos los sistemas de freno en desbobinadores y cortadoras utilizan un circuito de retroalimentaci\u00f3n que controla la tensi\u00f3n en el rollo de papel y ajusta el frenado en consecuencia. El <a href=\"https:\/\/wptpower.mystagingwebsite.com\/product\/low-inertia-brake\/\" target=\"_self\">Freno de Baja Inercia (LI)<\/a> y los <a href=\"https:\/\/wptpower.mystagingwebsite.com\/product\/steel-water-cooled-brake\/\" target=\"_self\">Frenos con Discos de Acero Refrigerados por Agua de Baja Inercia<\/a> (SWCB) proporcionan la capacidad de torque, el control de precisi\u00f3n y la disipaci\u00f3n t\u00e9rmica necesarios.<\/p>\n<p>La l\u00ednea de freno WPT LI, m\u00e1s adecuada para aplicaciones de servicio ligero a medio, cuenta con forros de disco de fricci\u00f3n de primera calidad, placas centrales ventiladas y un tubo de aire de neopreno reforzado. Los forros de disco de fricci\u00f3n est\u00e1n disponibles en coeficientes bajo, medio y alto para proporcionar el nivel de torque necesario para cada situaci\u00f3n. Las placas centrales ventiladas ofrecen un mayor flujo de aire para disipar mejor el calor acumulado durante el desenrollado. Por \u00faltimo, el tubo de aire de neopreno proporciona la m\u00e1xima sensibilidad al reaccionar a peque\u00f1os cambios de presi\u00f3n y no ofrecer resistencia al movimiento. El Freno de Baja Inercia de WPT tambi\u00e9n puede equiparse con un ventilador para proporcionar refrigeraci\u00f3n por aire forzado. Estas unidades est\u00e1n disponibles en versiones de 1, 2 o 3 discos de 6 a 60 pulgadas.<\/p>\n<p>Para aplicaciones industriales m\u00e1s exigentes, el Freno de Baja Inercia con Discos de Acero Refrigerado por Agua de WPT presenta un dise\u00f1o exclusivo que lleva la capacidad de disipaci\u00f3n del calor a un nivel superior. Los discos centrales especialmente dise\u00f1ados (o camisas de agua) utilizan un dise\u00f1o de acero de una sola pieza con puertos de refrigeraci\u00f3n integrados que permiten que el agua fluya a trav\u00e9s de la camisa hasta un refrigerador externo. Esto significa que el freno puede lograr per\u00edodos prolongados de alta velocidad y deslizamiento de alto torque sin sobrecalentamiento. La actualizaci\u00f3n al freno SWCB de WPT es f\u00e1cil porque se montar\u00e1 en la misma posici\u00f3n que una versi\u00f3n refrigerada por aire. Tambi\u00e9n utilizan el mismo tubo de aire que permite un control y respuesta precisos. El Freno con Discos de Acero Refrigerado por Agua de WPT est\u00e1 disponible de 6 a 30 pulgadas en configuraciones de 1, 2 y 3 discos.<\/p>\n<p>Para obtener m\u00e1s informaci\u00f3n sobre las l\u00edneas de productos del Freno de Baja Inercia de WPT o del <a href=\"https:\/\/wptpower.com\/es\/producto\/freno-refrigerado-por-agua\/\">Freno Refrigerado por Agua<\/a> , p\u00f3ngase en contacto con <a href=\"https:\/\/wptpower.com\/es\/pongase-en-contacto\/\">WPT Power<\/a>.<\/p>\n<p>\u00a0<\/p>\t\t\t\t\t\t\t\t<\/div>\n\t\t\t\t<\/div>\n\t\t\t\t<div class=\"elementor-element elementor-element-39f2154 elementor-widget elementor-widget-spacer\" data-id=\"39f2154\" data-element_type=\"widget\" data-widget_type=\"spacer.default\">\n\t\t\t\t<div class=\"elementor-widget-container\">\n\t\t\t\t\t\t\t<div class=\"elementor-spacer\">\n\t\t\t<div class=\"elementor-spacer-inner\"><\/div>\n\t\t<\/div>\n\t\t\t\t\t\t<\/div>\n\t\t\t\t<\/div>\n\t\t\t\t\t<\/div>\n\t\t<\/div>\n\t\t\t\t\t<\/div>\n\t\t<\/section>\n\t\t\t\t\t<\/div>\n\t\t<\/div>\n\t\t\t\t\t<\/div>\n\t\t<\/section>\n\t\t\t\t<\/div>","protected":false},"excerpt":{"rendered":"<p>Conversi\u00f3n de papel Tensi\u00f3n adecuada con los frenos de acero refrigerados por agua de WPT Power en la aplicaci\u00f3n de cortadora. La conversi\u00f3n de papel es una industria centrada en la toma de productos de papel en bruto y su transformaci\u00f3n en productos acabados. Estos productos terminados incluyen libros, revistas, peri\u00f3dicos, tarjetas, cart\u00f3n, pegatinas, bolsas de papel, papel higi\u00e9nico, y casi todos los dem\u00e1s productos de papel que utiliza a diario. [...]<\/p>","protected":false},"author":2,"featured_media":0,"parent":2841,"menu_order":0,"comment_status":"closed","ping_status":"closed","template":"elementor_header_footer","meta":{"footnotes":""},"class_list":["post-403499","page","type-page","status-publish","hentry"],"jetpack_sharing_enabled":true,"_links":{"self":[{"href":"https:\/\/wptpower.com\/es\/wp-json\/wp\/v2\/pages\/403499","targetHints":{"allow":["GET"]}}],"collection":[{"href":"https:\/\/wptpower.com\/es\/wp-json\/wp\/v2\/pages"}],"about":[{"href":"https:\/\/wptpower.com\/es\/wp-json\/wp\/v2\/types\/page"}],"author":[{"embeddable":true,"href":"https:\/\/wptpower.com\/es\/wp-json\/wp\/v2\/users\/2"}],"replies":[{"embeddable":true,"href":"https:\/\/wptpower.com\/es\/wp-json\/wp\/v2\/comments?post=403499"}],"version-history":[{"count":0,"href":"https:\/\/wptpower.com\/es\/wp-json\/wp\/v2\/pages\/403499\/revisions"}],"up":[{"embeddable":true,"href":"https:\/\/wptpower.com\/es\/wp-json\/wp\/v2\/pages\/2841"}],"wp:attachment":[{"href":"https:\/\/wptpower.com\/es\/wp-json\/wp\/v2\/media?parent=403499"}],"curies":[{"name":"wp","href":"https:\/\/api.w.org\/{rel}","templated":true}]}}