{"id":400615,"date":"2020-05-04T15:58:29","date_gmt":"2020-05-04T20:58:29","guid":{"rendered":"https:\/\/wptpower.com\/?post_type=product&#038;p=400615"},"modified":"2024-03-12T15:35:37","modified_gmt":"2024-03-12T20:35:37","slug":"freno-con-discos-de-acero-refrigerado-por-agua","status":"publish","type":"product","link":"https:\/\/wptpower.com\/es\/producto\/freno-con-discos-de-acero-refrigerado-por-agua\/","title":{"rendered":"Freno con Discos de Acero Refrigerado por Agua"},"content":{"rendered":"","protected":false},"excerpt":{"rendered":"<p class=\"p1\">El Freno con Discos de Acero Refrigerado Por Agua (SWC) est\u00e1 dise\u00f1ado para aplicaciones de alto calor, como procesadores de bobinas, <a href=\"https:\/\/wptpower.com\/es\/sectores-del-mercado\/conformado-de-metales\/\">prensa de alto ciclo<\/a> y l\u00edneas de cizallamiento (press\/shear). El dise\u00f1o \u00fanico de las camisas de acero refrigeradas por agua permite la r\u00e1pida transferencia de calor a un enfriador externo o a un sistema de recirculaci\u00f3n. Esta mayor capacidad de transferencia de calor permite al SWC funcionar en aplicaciones de trabajo continuo.<span class=\"Apple-converted-space\">\u00a0<\/span><\/p>","protected":false},"featured_media":406093,"template":"","meta":{"jetpack_post_was_ever_published":false},"product_brand":[],"product_cat":[79],"product_tag":[330,334,335,332,333,331],"class_list":{"0":"post-400615","1":"product","2":"type-product","3":"status-publish","4":"has-post-thumbnail","6":"product_cat-industrial-brakes","7":"product_tag-coiler","8":"product_tag-fourdrinier","9":"product_tag-mill","10":"product_tag-press","11":"product_tag-shear","12":"product_tag-slitter","14":"first","15":"instock","16":"shipping-taxable","17":"product-type-simple"},"jetpack_sharing_enabled":true,"_links":{"self":[{"href":"https:\/\/wptpower.com\/es\/wp-json\/wp\/v2\/product\/400615","targetHints":{"allow":["GET"]}}],"collection":[{"href":"https:\/\/wptpower.com\/es\/wp-json\/wp\/v2\/product"}],"about":[{"href":"https:\/\/wptpower.com\/es\/wp-json\/wp\/v2\/types\/product"}],"version-history":[{"count":0,"href":"https:\/\/wptpower.com\/es\/wp-json\/wp\/v2\/product\/400615\/revisions"}],"wp:featuredmedia":[{"embeddable":true,"href":"https:\/\/wptpower.com\/es\/wp-json\/wp\/v2\/media\/406093"}],"wp:attachment":[{"href":"https:\/\/wptpower.com\/es\/wp-json\/wp\/v2\/media?parent=400615"}],"wp:term":[{"taxonomy":"product_brand","embeddable":true,"href":"https:\/\/wptpower.com\/es\/wp-json\/wp\/v2\/product_brand?post=400615"},{"taxonomy":"product_cat","embeddable":true,"href":"https:\/\/wptpower.com\/es\/wp-json\/wp\/v2\/product_cat?post=400615"},{"taxonomy":"product_tag","embeddable":true,"href":"https:\/\/wptpower.com\/es\/wp-json\/wp\/v2\/product_tag?post=400615"}],"curies":[{"name":"wp","href":"https:\/\/api.w.org\/{rel}","templated":true}]}}