{"id":402794,"date":"2020-11-09T14:52:50","date_gmt":"2020-11-09T20:52:50","guid":{"rendered":"https:\/\/wptpower.com\/?post_type=product&#038;p=402794"},"modified":"2024-03-12T15:24:54","modified_gmt":"2024-03-12T20:24:54","slug":"freno-con-discos-de-cobre-refrigerado-por-agua","status":"publish","type":"product","link":"https:\/\/wptpower.com\/es\/producto\/freno-con-discos-de-cobre-refrigerado-por-agua\/","title":{"rendered":"Freno con Discos de Cobre Refrigerado por Agua"},"content":{"rendered":"","protected":false},"excerpt":{"rendered":"<p class=\"p1\">El Freno con Discos de Cobre Refrigerado por Agua (CWC) est\u00e1 dise\u00f1ado para la m\u00e1xima transferencia de calor en un paquete compacto. El CWC es perfecto para equipos de control de tensi\u00f3n mec\u00e1nica, para procesamiento de bobinados, soportes de desbobinado de f\u00e1bricas de papel y frenado de alta inercia. El actuador de tubo de aire permite la aplicaci\u00f3n de frenado suave, variable y a la vez de alto rendimiento.<span class=\"Apple-converted-space\">\u00a0<\/span><\/p>","protected":false},"featured_media":402792,"template":"","meta":[],"product_brand":[],"product_cat":[79],"product_tag":[308,310,309],"class_list":{"0":"post-402794","1":"product","2":"type-product","3":"status-publish","4":"has-post-thumbnail","6":"product_cat-industrial-brakes","7":"product_tag-copper-water-cooled-brake","8":"product_tag-tension-brake","9":"product_tag-water-cooled-brake","11":"first","12":"instock","13":"shipping-taxable","14":"product-type-simple"},"jetpack_sharing_enabled":true,"_links":{"self":[{"href":"https:\/\/wptpower.com\/es\/wp-json\/wp\/v2\/product\/402794","targetHints":{"allow":["GET"]}}],"collection":[{"href":"https:\/\/wptpower.com\/es\/wp-json\/wp\/v2\/product"}],"about":[{"href":"https:\/\/wptpower.com\/es\/wp-json\/wp\/v2\/types\/product"}],"version-history":[{"count":0,"href":"https:\/\/wptpower.com\/es\/wp-json\/wp\/v2\/product\/402794\/revisions"}],"wp:featuredmedia":[{"embeddable":true,"href":"https:\/\/wptpower.com\/es\/wp-json\/wp\/v2\/media\/402792"}],"wp:attachment":[{"href":"https:\/\/wptpower.com\/es\/wp-json\/wp\/v2\/media?parent=402794"}],"wp:term":[{"taxonomy":"product_brand","embeddable":true,"href":"https:\/\/wptpower.com\/es\/wp-json\/wp\/v2\/product_brand?post=402794"},{"taxonomy":"product_cat","embeddable":true,"href":"https:\/\/wptpower.com\/es\/wp-json\/wp\/v2\/product_cat?post=402794"},{"taxonomy":"product_tag","embeddable":true,"href":"https:\/\/wptpower.com\/es\/wp-json\/wp\/v2\/product_tag?post=402794"}],"curies":[{"name":"wp","href":"https:\/\/api.w.org\/{rel}","templated":true}]}}