{"id":402807,"date":"2020-11-10T11:09:08","date_gmt":"2020-11-10T17:09:08","guid":{"rendered":"https:\/\/wptpower.com\/?post_type=product&#038;p=402807"},"modified":"2024-03-08T16:10:45","modified_gmt":"2024-03-08T22:10:45","slug":"elevadores-hidraulicos-planetarios","status":"publish","type":"product","link":"https:\/\/wptpower.com\/es\/producto\/elevadores-hidraulicos-planetarios\/","title":{"rendered":"Polipastos Hidr\u00e1ulicos Planetarios"},"content":{"rendered":"","protected":false},"excerpt":{"rendered":"<p class=\"translation-block\">Los Polipastos Hidr\u00e1ulicos Planetarios de WPT son ideales para aplicaciones en utility (veh\u00edculos de trabajo), gr\u00faas, <a href=\"https:\/\/wptpower.com\/es\/mercados\/energia\/\" target=\"_self\">petr\u00f3leo y gas<\/a>. Los dise\u00f1os de polipastos de WPT cumplen las normas SAE J706 y ofrecen capacidades de elevaci\u00f3n de 8.000 lbf y 12.000 lbf, respectivamente. Los polipastos industriales de WPT ofrecen un dise\u00f1o eficiente de planetario de dos etapas y un tama\u00f1o compacto ideal para equipos m\u00f3viles.<\/p>","protected":false},"featured_media":406089,"template":"","meta":{"jetpack_post_was_ever_published":false},"product_brand":[],"product_cat":[49],"product_tag":[322,321,323],"class_list":{"0":"post-402807","1":"product","2":"type-product","3":"status-publish","4":"has-post-thumbnail","6":"product_cat-winches-hoists","7":"product_tag-hydraulic-hoist","8":"product_tag-planetary-hoist","9":"product_tag-planetary-hydraulic-hoist","11":"first","12":"instock","13":"shipping-taxable","14":"product-type-simple"},"jetpack_sharing_enabled":false,"_links":{"self":[{"href":"https:\/\/wptpower.com\/es\/wp-json\/wp\/v2\/product\/402807","targetHints":{"allow":["GET"]}}],"collection":[{"href":"https:\/\/wptpower.com\/es\/wp-json\/wp\/v2\/product"}],"about":[{"href":"https:\/\/wptpower.com\/es\/wp-json\/wp\/v2\/types\/product"}],"version-history":[{"count":0,"href":"https:\/\/wptpower.com\/es\/wp-json\/wp\/v2\/product\/402807\/revisions"}],"wp:featuredmedia":[{"embeddable":true,"href":"https:\/\/wptpower.com\/es\/wp-json\/wp\/v2\/media\/406089"}],"wp:attachment":[{"href":"https:\/\/wptpower.com\/es\/wp-json\/wp\/v2\/media?parent=402807"}],"wp:term":[{"taxonomy":"product_brand","embeddable":true,"href":"https:\/\/wptpower.com\/es\/wp-json\/wp\/v2\/product_brand?post=402807"},{"taxonomy":"product_cat","embeddable":true,"href":"https:\/\/wptpower.com\/es\/wp-json\/wp\/v2\/product_cat?post=402807"},{"taxonomy":"product_tag","embeddable":true,"href":"https:\/\/wptpower.com\/es\/wp-json\/wp\/v2\/product_tag?post=402807"}],"curies":[{"name":"wp","href":"https:\/\/api.w.org\/{rel}","templated":true}]}}