{"id":406289,"date":"2023-04-25T14:07:13","date_gmt":"2023-04-25T19:07:13","guid":{"rendered":"https:\/\/wptpower.com\/?post_type=product&#038;p=406289"},"modified":"2024-10-23T14:16:14","modified_gmt":"2024-10-23T19:16:14","slug":"paquete-de-embrague-oem","status":"publish","type":"product","link":"https:\/\/wptpower.com\/es\/producto\/paquete-de-embrague-oem\/","title":{"rendered":"Paquete de Embrague OEM"},"content":{"rendered":"","protected":false},"excerpt":{"rendered":"<p class=\"p1\">El Paquete de Embrague OEM es la soluci\u00f3n perfecta para los fabricantes de cajas de cambios que buscan opciones de desconexi\u00f3n mec\u00e1nica, neum\u00e1tica o hidr\u00e1ulica. Estos conjuntos est\u00e1n dise\u00f1ados para montarse en el lado de la entrada de una caja de engranajes. Los kits se pueden personalizar con diferentes combinaciones de material de fricci\u00f3n, drive rings y carcasas.<span class=\"Apple-converted-space\">\u00a0<\/span><\/p>","protected":false},"featured_media":406325,"template":"","meta":[],"product_brand":[],"product_cat":[50],"product_tag":[474,475],"class_list":{"0":"post-406289","1":"product","2":"type-product","3":"status-publish","4":"has-post-thumbnail","6":"product_cat-engine-driven","7":"product_tag-gearbox-clutch-pack","8":"product_tag-pto-clutch-pack","10":"first","11":"instock","12":"shipping-taxable","13":"product-type-simple"},"jetpack_sharing_enabled":true,"_links":{"self":[{"href":"https:\/\/wptpower.com\/es\/wp-json\/wp\/v2\/product\/406289","targetHints":{"allow":["GET"]}}],"collection":[{"href":"https:\/\/wptpower.com\/es\/wp-json\/wp\/v2\/product"}],"about":[{"href":"https:\/\/wptpower.com\/es\/wp-json\/wp\/v2\/types\/product"}],"version-history":[{"count":0,"href":"https:\/\/wptpower.com\/es\/wp-json\/wp\/v2\/product\/406289\/revisions"}],"wp:featuredmedia":[{"embeddable":true,"href":"https:\/\/wptpower.com\/es\/wp-json\/wp\/v2\/media\/406325"}],"wp:attachment":[{"href":"https:\/\/wptpower.com\/es\/wp-json\/wp\/v2\/media?parent=406289"}],"wp:term":[{"taxonomy":"product_brand","embeddable":true,"href":"https:\/\/wptpower.com\/es\/wp-json\/wp\/v2\/product_brand?post=406289"},{"taxonomy":"product_cat","embeddable":true,"href":"https:\/\/wptpower.com\/es\/wp-json\/wp\/v2\/product_cat?post=406289"},{"taxonomy":"product_tag","embeddable":true,"href":"https:\/\/wptpower.com\/es\/wp-json\/wp\/v2\/product_tag?post=406289"}],"curies":[{"name":"wp","href":"https:\/\/api.w.org\/{rel}","templated":true}]}}