{"id":406292,"date":"2023-04-25T14:14:20","date_gmt":"2023-04-25T19:14:20","guid":{"rendered":"https:\/\/wptpower.com\/?post_type=product&#038;p=406292"},"modified":"2024-03-08T15:41:02","modified_gmt":"2024-03-08T21:41:02","slug":"hidrodinamica","status":"publish","type":"product","link":"https:\/\/wptpower.com\/es\/producto\/hidrodinamica\/","title":{"rendered":"Freno Hidrodin\u00e1mico"},"content":{"rendered":"","protected":false},"excerpt":{"rendered":"<p class=\"p1\">El Freno Hidrodin\u00e1mico es un dise\u00f1o refrigerado por agua que proporciona disipaci\u00f3n de calor y desaceleraci\u00f3n de alta energ\u00eda. Estos frenos son perfectos para las exigencias de las perforaciones petrol\u00edferas, plataformas de reparaci\u00f3n, gr\u00faas, winches marinos y cualquier equipo que necesite disipar un exceso de energ\u00eda. El dise\u00f1o probado en terreno proporciona un freno auxiliar resistente y f\u00e1cil de usar para el control de la velocidad y la disipaci\u00f3n del calor.<span class=\"Apple-converted-space\">\u00a0<\/span><\/p>","protected":false},"featured_media":406305,"template":"","meta":{"jetpack_post_was_ever_published":false},"product_brand":[],"product_cat":[79],"product_tag":[479,358,477,478,355,476,359],"class_list":{"0":"post-406292","1":"product","2":"type-product","3":"status-publish","4":"has-post-thumbnail","6":"product_cat-industrial-brakes","7":"product_tag-crane","8":"product_tag-drilling-rig","9":"product_tag-energy","10":"product_tag-marine","11":"product_tag-marine-winch","12":"product_tag-oil-gas","13":"product_tag-service-rig","15":"first","16":"instock","17":"shipping-taxable","18":"product-type-simple"},"jetpack_sharing_enabled":true,"_links":{"self":[{"href":"https:\/\/wptpower.com\/es\/wp-json\/wp\/v2\/product\/406292","targetHints":{"allow":["GET"]}}],"collection":[{"href":"https:\/\/wptpower.com\/es\/wp-json\/wp\/v2\/product"}],"about":[{"href":"https:\/\/wptpower.com\/es\/wp-json\/wp\/v2\/types\/product"}],"version-history":[{"count":0,"href":"https:\/\/wptpower.com\/es\/wp-json\/wp\/v2\/product\/406292\/revisions"}],"wp:featuredmedia":[{"embeddable":true,"href":"https:\/\/wptpower.com\/es\/wp-json\/wp\/v2\/media\/406305"}],"wp:attachment":[{"href":"https:\/\/wptpower.com\/es\/wp-json\/wp\/v2\/media?parent=406292"}],"wp:term":[{"taxonomy":"product_brand","embeddable":true,"href":"https:\/\/wptpower.com\/es\/wp-json\/wp\/v2\/product_brand?post=406292"},{"taxonomy":"product_cat","embeddable":true,"href":"https:\/\/wptpower.com\/es\/wp-json\/wp\/v2\/product_cat?post=406292"},{"taxonomy":"product_tag","embeddable":true,"href":"https:\/\/wptpower.com\/es\/wp-json\/wp\/v2\/product_tag?post=406292"}],"curies":[{"name":"wp","href":"https:\/\/api.w.org\/{rel}","templated":true}]}}