{"id":406298,"date":"2023-04-26T08:54:55","date_gmt":"2023-04-26T13:54:55","guid":{"rendered":"https:\/\/wptpower.com\/?post_type=product&#038;p=406298"},"modified":"2024-10-23T14:15:00","modified_gmt":"2024-10-23T19:15:00","slug":"pto-para-bombas-hidraulicas-accionadas-por-correa","status":"publish","type":"product","link":"https:\/\/wptpower.com\/es\/producto\/pto-para-bombas-hidraulicas-accionadas-por-correa\/","title":{"rendered":"PTO para Bombas Hidr\u00e1ulicas Accionadas por Correa"},"content":{"rendered":"","protected":false},"excerpt":{"rendered":"<p class=\"p1\">La PTO para Bombas Hidr\u00e1ulicas Accionadas por Correa est\u00e1 dise\u00f1ada para proporcionar una conexi\u00f3n de montaje para bomba auxiliar para aplicaciones de servicio ligero a medio. Su dise\u00f1o compacto y ligero lo hace perfecto para equipos con poco espacio. La salida principal permite utilizar una gran variedad de equipos compatibles con volantes y carcasas est\u00e1ndar (SAE).<span class=\"Apple-converted-space\">\u00a0<\/span><\/p>","protected":false},"featured_media":406299,"template":"","meta":{"jetpack_post_was_ever_published":false},"product_brand":[],"product_cat":[50],"product_tag":[342,341,343,340,337,392,347,345,346],"class_list":{"0":"post-406298","1":"product","2":"type-product","3":"status-publish","4":"has-post-thumbnail","6":"product_cat-engine-driven","7":"product_tag-barge-pumps","8":"product_tag-dredges","9":"product_tag-fire-fighting-pumps","10":"product_tag-hay-grinders","11":"product_tag-mobile-chippers","12":"product_tag-rear-engine-pto","13":"product_tag-road-building","14":"product_tag-rock-crushers","15":"product_tag-snow-blower","17":"first","18":"instock","19":"shipping-taxable","20":"product-type-simple"},"jetpack_sharing_enabled":false,"_links":{"self":[{"href":"https:\/\/wptpower.com\/es\/wp-json\/wp\/v2\/product\/406298","targetHints":{"allow":["GET"]}}],"collection":[{"href":"https:\/\/wptpower.com\/es\/wp-json\/wp\/v2\/product"}],"about":[{"href":"https:\/\/wptpower.com\/es\/wp-json\/wp\/v2\/types\/product"}],"version-history":[{"count":0,"href":"https:\/\/wptpower.com\/es\/wp-json\/wp\/v2\/product\/406298\/revisions"}],"wp:featuredmedia":[{"embeddable":true,"href":"https:\/\/wptpower.com\/es\/wp-json\/wp\/v2\/media\/406299"}],"wp:attachment":[{"href":"https:\/\/wptpower.com\/es\/wp-json\/wp\/v2\/media?parent=406298"}],"wp:term":[{"taxonomy":"product_brand","embeddable":true,"href":"https:\/\/wptpower.com\/es\/wp-json\/wp\/v2\/product_brand?post=406298"},{"taxonomy":"product_cat","embeddable":true,"href":"https:\/\/wptpower.com\/es\/wp-json\/wp\/v2\/product_cat?post=406298"},{"taxonomy":"product_tag","embeddable":true,"href":"https:\/\/wptpower.com\/es\/wp-json\/wp\/v2\/product_tag?post=406298"}],"curies":[{"name":"wp","href":"https:\/\/api.w.org\/{rel}","templated":true}]}}