{"id":4360,"date":"2017-10-06T17:12:10","date_gmt":"2017-10-06T17:12:10","guid":{"rendered":"https:\/\/wptpower.com\/?post_type=product&#038;p=4360"},"modified":"2024-10-23T14:31:27","modified_gmt":"2024-10-23T19:31:27","slug":"toma-de-fuerza-tipo-1","status":"publish","type":"product","link":"https:\/\/wptpower.com\/es\/producto\/toma-de-fuerza-tipo-1\/","title":{"rendered":"Toma de Fuerza Tipo 1"},"content":{"rendered":"","protected":false},"excerpt":{"rendered":"<p class=\"p1\">La Toma de Fuerza de Tipo 1 es uno de los productos m\u00e1s robustos y de mayor capacidad disponibles actualmente en el mercado. Con la polea montada entre los rodamientos, estas tomas de fuerza est\u00e1n dise\u00f1adas para alcanzar el m\u00e1ximo potencial de sus enormes rodamientos de rodillos esf\u00e9ricos. Sus m\u00faltiples tama\u00f1os y opciones de accionamiento la convierten tambi\u00e9n en una opci\u00f3n vers\u00e1til.<span class=\"Apple-converted-space\">\u00a0<\/span><\/p>","protected":false},"featured_media":406115,"template":"","meta":{"jetpack_post_was_ever_published":false},"product_brand":[],"product_cat":[50],"product_tag":[342,341,340,337,344,347,345,346],"class_list":{"0":"post-4360","1":"product","2":"type-product","3":"status-publish","4":"has-post-thumbnail","6":"product_cat-engine-driven","7":"product_tag-barge-pumps","8":"product_tag-dredges","9":"product_tag-hay-grinders","10":"product_tag-mobile-chippers","11":"product_tag-mud-pumps","12":"product_tag-road-building","13":"product_tag-rock-crushers","14":"product_tag-snow-blower","16":"first","17":"instock","18":"shipping-taxable","19":"product-type-simple"},"jetpack_sharing_enabled":false,"_links":{"self":[{"href":"https:\/\/wptpower.com\/es\/wp-json\/wp\/v2\/product\/4360","targetHints":{"allow":["GET"]}}],"collection":[{"href":"https:\/\/wptpower.com\/es\/wp-json\/wp\/v2\/product"}],"about":[{"href":"https:\/\/wptpower.com\/es\/wp-json\/wp\/v2\/types\/product"}],"version-history":[{"count":0,"href":"https:\/\/wptpower.com\/es\/wp-json\/wp\/v2\/product\/4360\/revisions"}],"wp:featuredmedia":[{"embeddable":true,"href":"https:\/\/wptpower.com\/es\/wp-json\/wp\/v2\/media\/406115"}],"wp:attachment":[{"href":"https:\/\/wptpower.com\/es\/wp-json\/wp\/v2\/media?parent=4360"}],"wp:term":[{"taxonomy":"product_brand","embeddable":true,"href":"https:\/\/wptpower.com\/es\/wp-json\/wp\/v2\/product_brand?post=4360"},{"taxonomy":"product_cat","embeddable":true,"href":"https:\/\/wptpower.com\/es\/wp-json\/wp\/v2\/product_cat?post=4360"},{"taxonomy":"product_tag","embeddable":true,"href":"https:\/\/wptpower.com\/es\/wp-json\/wp\/v2\/product_tag?post=4360"}],"curies":[{"name":"wp","href":"https:\/\/api.w.org\/{rel}","templated":true}]}}