{"id":4366,"date":"2017-10-06T17:18:43","date_gmt":"2017-10-06T17:18:43","guid":{"rendered":"https:\/\/wptpower.com\/?post_type=product&#038;p=4366"},"modified":"2024-10-23T14:30:57","modified_gmt":"2024-10-23T19:30:57","slug":"toma-de-fuerza-tipo-2","status":"publish","type":"product","link":"https:\/\/wptpower.com\/es\/producto\/toma-de-fuerza-tipo-2\/","title":{"rendered":"Toma de Fuerza de Tipo 2"},"content":{"rendered":"","protected":false},"excerpt":{"rendered":"<p class=\"p1\">La Tipo 2 es una toma de fuerza (PTO) de gran capacidad. Con un dise\u00f1o vers\u00e1til, embrague seco y de rodamientos de rodillos esf\u00e9ricos de primera calidad. La PTO de Tipo 2 ha demostrado su eficacia en numerosas aplicaciones en el campo. Las opciones de accionamiento neum\u00e1tico o hidr\u00e1ulico facilitan la integraci\u00f3n de esta PTO en su equipo. Comb\u00ednela con <a href=\"https:\/\/wptpower.com\/es\/2020\/04\/07\/beneficios-tipo-2-toma-de-fuerza-piton-mando-embrague\/\">Python\u00ae<\/a>\u00a0o HPU para tener opciones de arranque remoto.<span class=\"Apple-converted-space\">\u00a0<\/span><\/p>","protected":false},"featured_media":405477,"template":"","meta":[],"product_brand":[],"product_cat":[50],"product_tag":[342,348,340,351,337,344,350,338,345,349,352],"class_list":{"0":"post-4366","1":"product","2":"type-product","3":"status-publish","4":"has-post-thumbnail","6":"product_cat-engine-driven","7":"product_tag-barge-pumps","8":"product_tag-dredge","9":"product_tag-hay-grinders","10":"product_tag-milling","11":"product_tag-mobile-chippers","12":"product_tag-mud-pumps","13":"product_tag-planning","14":"product_tag-pump-jacks","15":"product_tag-rock-crushers","16":"product_tag-snow-blowers","17":"product_tag-stabilizer","19":"first","20":"instock","21":"shipping-taxable","22":"product-type-simple"},"jetpack_sharing_enabled":false,"_links":{"self":[{"href":"https:\/\/wptpower.com\/es\/wp-json\/wp\/v2\/product\/4366","targetHints":{"allow":["GET"]}}],"collection":[{"href":"https:\/\/wptpower.com\/es\/wp-json\/wp\/v2\/product"}],"about":[{"href":"https:\/\/wptpower.com\/es\/wp-json\/wp\/v2\/types\/product"}],"version-history":[{"count":0,"href":"https:\/\/wptpower.com\/es\/wp-json\/wp\/v2\/product\/4366\/revisions"}],"wp:featuredmedia":[{"embeddable":true,"href":"https:\/\/wptpower.com\/es\/wp-json\/wp\/v2\/media\/405477"}],"wp:attachment":[{"href":"https:\/\/wptpower.com\/es\/wp-json\/wp\/v2\/media?parent=4366"}],"wp:term":[{"taxonomy":"product_brand","embeddable":true,"href":"https:\/\/wptpower.com\/es\/wp-json\/wp\/v2\/product_brand?post=4366"},{"taxonomy":"product_cat","embeddable":true,"href":"https:\/\/wptpower.com\/es\/wp-json\/wp\/v2\/product_cat?post=4366"},{"taxonomy":"product_tag","embeddable":true,"href":"https:\/\/wptpower.com\/es\/wp-json\/wp\/v2\/product_tag?post=4366"}],"curies":[{"name":"wp","href":"https:\/\/api.w.org\/{rel}","templated":true}]}}