{"id":4395,"date":"2017-10-06T17:50:09","date_gmt":"2017-10-06T17:50:09","guid":{"rendered":"https:\/\/wptpower.com\/?post_type=product&#038;p=4395"},"modified":"2024-03-08T16:20:06","modified_gmt":"2024-03-08T22:20:06","slug":"engranaje-helicoidal","status":"publish","type":"product","link":"https:\/\/wptpower.com\/es\/producto\/engranaje-helicoidal\/","title":{"rendered":"Winches de Tornillo Sin Fin"},"content":{"rendered":"","protected":false},"excerpt":{"rendered":"<p class=\"p1\">El Winche de Tornillo Sin Fin est\u00e1 disponible con funcionamiento hidr\u00e1ulico o el\u00e9ctrico. Estas peque\u00f1as pero potentes unidades son id\u00f3neas para aplicaciones en los sectores de remolque, recuperaci\u00f3n, utility (veh\u00edculos de trabajo), gr\u00faas, construcci\u00f3n, petr\u00f3leo y gas. Nuestras resistentes carcasas de aluminio fundido hacen que estos winches sean robustos y ligeros.<span class=\"Apple-converted-space\">\u00a0<\/span><\/p>","protected":false},"featured_media":406114,"template":"","meta":[],"product_brand":[],"product_cat":[49],"product_tag":[316,315,314,313,317,58],"class_list":{"0":"post-4395","1":"product","2":"type-product","3":"status-publish","4":"has-post-thumbnail","6":"product_cat-winches-hoists","7":"product_tag-electric-worm-gear-winch","8":"product_tag-hydraulic-worm-gear-winch","9":"product_tag-recovery-winches","10":"product_tag-towing-winches","11":"product_tag-utility-winches","12":"product_tag-worm-gear","14":"first","15":"instock","16":"shipping-taxable","17":"product-type-simple"},"jetpack_sharing_enabled":false,"_links":{"self":[{"href":"https:\/\/wptpower.com\/es\/wp-json\/wp\/v2\/product\/4395","targetHints":{"allow":["GET"]}}],"collection":[{"href":"https:\/\/wptpower.com\/es\/wp-json\/wp\/v2\/product"}],"about":[{"href":"https:\/\/wptpower.com\/es\/wp-json\/wp\/v2\/types\/product"}],"version-history":[{"count":0,"href":"https:\/\/wptpower.com\/es\/wp-json\/wp\/v2\/product\/4395\/revisions"}],"wp:featuredmedia":[{"embeddable":true,"href":"https:\/\/wptpower.com\/es\/wp-json\/wp\/v2\/media\/406114"}],"wp:attachment":[{"href":"https:\/\/wptpower.com\/es\/wp-json\/wp\/v2\/media?parent=4395"}],"wp:term":[{"taxonomy":"product_brand","embeddable":true,"href":"https:\/\/wptpower.com\/es\/wp-json\/wp\/v2\/product_brand?post=4395"},{"taxonomy":"product_cat","embeddable":true,"href":"https:\/\/wptpower.com\/es\/wp-json\/wp\/v2\/product_cat?post=4395"},{"taxonomy":"product_tag","embeddable":true,"href":"https:\/\/wptpower.com\/es\/wp-json\/wp\/v2\/product_tag?post=4395"}],"curies":[{"name":"wp","href":"https:\/\/api.w.org\/{rel}","templated":true}]}}