{"id":4449,"date":"2017-10-06T02:20:48","date_gmt":"2017-10-06T02:20:48","guid":{"rendered":"https:\/\/wptpower.com\/?post_type=product&#038;p=4449"},"modified":"2026-02-25T15:58:00","modified_gmt":"2026-02-25T21:58:00","slug":"pinza_discos_freno","status":"publish","type":"product","link":"https:\/\/wptpower.com\/es\/producto\/pinza_discos_freno\/","title":{"rendered":"Caliper de Freno"},"content":{"rendered":"","protected":false},"excerpt":{"rendered":"<p class=\"p1\">El Caliper de Freno y Rotor son adecuados para aplicaciones industriales que requieren una soluci\u00f3n confiable y de bajo mantenimiento. El dise\u00f1o del bastidor de hierro d\u00factil y el sistema de transferencia de carga anti-esfuerzo trabajan conjuntamente para maximizar la productividad del equipo. Los actuadores neum\u00e1ticos ajustables accionados por palanca requieren una presi\u00f3n m\u00ednima y proporcionan un control preciso.<span class=\"Apple-converted-space\">\u00a0<\/span><\/p>","protected":false},"featured_media":401265,"template":"","meta":{"jetpack_post_was_ever_published":false},"product_brand":[],"product_cat":[79],"product_tag":[371,372,370,364,354],"class_list":{"0":"post-4449","1":"product","2":"type-product","3":"status-publish","4":"has-post-thumbnail","6":"product_cat-industrial-brakes","7":"product_tag-drilling-rigs","8":"product_tag-service-rigs","9":"product_tag-shaft-brake","10":"product_tag-winch","11":"product_tag-yarder","13":"first","14":"instock","15":"shipping-taxable","16":"product-type-simple"},"jetpack_sharing_enabled":false,"_links":{"self":[{"href":"https:\/\/wptpower.com\/es\/wp-json\/wp\/v2\/product\/4449","targetHints":{"allow":["GET"]}}],"collection":[{"href":"https:\/\/wptpower.com\/es\/wp-json\/wp\/v2\/product"}],"about":[{"href":"https:\/\/wptpower.com\/es\/wp-json\/wp\/v2\/types\/product"}],"version-history":[{"count":1,"href":"https:\/\/wptpower.com\/es\/wp-json\/wp\/v2\/product\/4449\/revisions"}],"predecessor-version":[{"id":409624,"href":"https:\/\/wptpower.com\/es\/wp-json\/wp\/v2\/product\/4449\/revisions\/409624"}],"wp:featuredmedia":[{"embeddable":true,"href":"https:\/\/wptpower.com\/es\/wp-json\/wp\/v2\/media\/401265"}],"wp:attachment":[{"href":"https:\/\/wptpower.com\/es\/wp-json\/wp\/v2\/media?parent=4449"}],"wp:term":[{"taxonomy":"product_brand","embeddable":true,"href":"https:\/\/wptpower.com\/es\/wp-json\/wp\/v2\/product_brand?post=4449"},{"taxonomy":"product_cat","embeddable":true,"href":"https:\/\/wptpower.com\/es\/wp-json\/wp\/v2\/product_cat?post=4449"},{"taxonomy":"product_tag","embeddable":true,"href":"https:\/\/wptpower.com\/es\/wp-json\/wp\/v2\/product_tag?post=4449"}],"curies":[{"name":"wp","href":"https:\/\/api.w.org\/{rel}","templated":true}]}}