{"id":4454,"date":"2017-10-06T03:20:11","date_gmt":"2017-10-06T03:20:11","guid":{"rendered":"https:\/\/wptpower.com\/?post_type=product&#038;p=4454"},"modified":"2024-03-12T14:01:25","modified_gmt":"2024-03-12T19:01:25","slug":"embrague-de-baja-inercia","status":"publish","type":"product","link":"https:\/\/wptpower.com\/es\/producto\/embrague-de-baja-inercia\/","title":{"rendered":"Embrague de Baja Inercia"},"content":{"rendered":"","protected":false},"excerpt":{"rendered":"<p class=\"p1\">El Embrague de Baja Inercia (LIC) es id\u00f3neo para aplicaciones de ciclos altos, como cizallas de acero y prensas de estampado. El dise\u00f1o LIC reduce la masa rotacional durante los arranques y las paradas, lo que permite aumentar los ciclos por minuto y reducir los tiempos de deceleraci\u00f3n. Esta ventaja tambi\u00e9n contribuye a reducir la generaci\u00f3n de calor.<span class=\"Apple-converted-space\">\u00a0<\/span><\/p>","protected":false},"featured_media":406122,"template":"","meta":[],"product_brand":[],"product_cat":[80],"product_tag":[330,360,348,358,365,343,362,332,363,359,333,331,364,354],"class_list":{"0":"post-4454","1":"product","2":"type-product","3":"status-publish","4":"has-post-thumbnail","6":"product_cat-industrial-clutches","7":"product_tag-coiler","8":"product_tag-conveyors","9":"product_tag-dredge","10":"product_tag-drilling-rig","11":"product_tag-feeders","12":"product_tag-fire-fighting-pumps","13":"product_tag-mobile-chipper","14":"product_tag-press","15":"product_tag-propulsion","16":"product_tag-service-rig","17":"product_tag-shear","18":"product_tag-slitter","19":"product_tag-winch","20":"product_tag-yarder","22":"first","23":"instock","24":"shipping-taxable","25":"product-type-simple"},"jetpack_sharing_enabled":false,"_links":{"self":[{"href":"https:\/\/wptpower.com\/es\/wp-json\/wp\/v2\/product\/4454","targetHints":{"allow":["GET"]}}],"collection":[{"href":"https:\/\/wptpower.com\/es\/wp-json\/wp\/v2\/product"}],"about":[{"href":"https:\/\/wptpower.com\/es\/wp-json\/wp\/v2\/types\/product"}],"version-history":[{"count":0,"href":"https:\/\/wptpower.com\/es\/wp-json\/wp\/v2\/product\/4454\/revisions"}],"wp:featuredmedia":[{"embeddable":true,"href":"https:\/\/wptpower.com\/es\/wp-json\/wp\/v2\/media\/406122"}],"wp:attachment":[{"href":"https:\/\/wptpower.com\/es\/wp-json\/wp\/v2\/media?parent=4454"}],"wp:term":[{"taxonomy":"product_brand","embeddable":true,"href":"https:\/\/wptpower.com\/es\/wp-json\/wp\/v2\/product_brand?post=4454"},{"taxonomy":"product_cat","embeddable":true,"href":"https:\/\/wptpower.com\/es\/wp-json\/wp\/v2\/product_cat?post=4454"},{"taxonomy":"product_tag","embeddable":true,"href":"https:\/\/wptpower.com\/es\/wp-json\/wp\/v2\/product_tag?post=4454"}],"curies":[{"name":"wp","href":"https:\/\/api.w.org\/{rel}","templated":true}]}}