{"id":4456,"date":"2017-10-06T03:25:05","date_gmt":"2017-10-06T03:25:05","guid":{"rendered":"https:\/\/wptpower.com\/?post_type=product&#038;p=4456"},"modified":"2024-03-12T14:03:51","modified_gmt":"2024-03-12T19:03:51","slug":"embrague-de-alto-par-y-baja-inercia","status":"publish","type":"product","link":"https:\/\/wptpower.com\/es\/producto\/embrague-de-alto-par-y-baja-inercia\/","title":{"rendered":"Embrague de Baja Inercia y Alto Torque"},"content":{"rendered":"","protected":false},"excerpt":{"rendered":"<p class=\"p1\">El Embrague de Baja Inercia y Alto Torque (LIHT) ofrece la mayor relaci\u00f3n de torque\/tama\u00f1o de todos los productos WPT. Un tubo de aire tipo \"pancake\" proporciona la m\u00e1xima superficie de contacto con el actuador para aumentar la capacidad de torque del embrague. Una gran conexi\u00f3n de aire est\u00e1 montada directamente en el tubo de aire, lo que permite una r\u00e1pida respuesta del embrague.<span class=\"Apple-converted-space\">\u00a0<\/span><\/p>","protected":false},"featured_media":406119,"template":"","meta":[],"product_brand":[],"product_cat":[80],"product_tag":[357,361,356,360,341,358,355,337,332,359,333,354],"class_list":{"0":"post-4456","1":"product","2":"type-product","3":"status-publish","4":"has-post-thumbnail","6":"product_cat-industrial-clutches","7":"product_tag-bottling","8":"product_tag-brick-production","9":"product_tag-canning","10":"product_tag-conveyors","11":"product_tag-dredges","12":"product_tag-drilling-rig","13":"product_tag-marine-winch","14":"product_tag-mobile-chippers","15":"product_tag-press","16":"product_tag-service-rig","17":"product_tag-shear","18":"product_tag-yarder","20":"first","21":"instock","22":"shipping-taxable","23":"product-type-simple"},"jetpack_sharing_enabled":false,"_links":{"self":[{"href":"https:\/\/wptpower.com\/es\/wp-json\/wp\/v2\/product\/4456","targetHints":{"allow":["GET"]}}],"collection":[{"href":"https:\/\/wptpower.com\/es\/wp-json\/wp\/v2\/product"}],"about":[{"href":"https:\/\/wptpower.com\/es\/wp-json\/wp\/v2\/types\/product"}],"version-history":[{"count":0,"href":"https:\/\/wptpower.com\/es\/wp-json\/wp\/v2\/product\/4456\/revisions"}],"wp:featuredmedia":[{"embeddable":true,"href":"https:\/\/wptpower.com\/es\/wp-json\/wp\/v2\/media\/406119"}],"wp:attachment":[{"href":"https:\/\/wptpower.com\/es\/wp-json\/wp\/v2\/media?parent=4456"}],"wp:term":[{"taxonomy":"product_brand","embeddable":true,"href":"https:\/\/wptpower.com\/es\/wp-json\/wp\/v2\/product_brand?post=4456"},{"taxonomy":"product_cat","embeddable":true,"href":"https:\/\/wptpower.com\/es\/wp-json\/wp\/v2\/product_cat?post=4456"},{"taxonomy":"product_tag","embeddable":true,"href":"https:\/\/wptpower.com\/es\/wp-json\/wp\/v2\/product_tag?post=4456"}],"curies":[{"name":"wp","href":"https:\/\/api.w.org\/{rel}","templated":true}]}}