{"id":4458,"date":"2017-10-06T02:10:10","date_gmt":"2017-10-06T02:10:10","guid":{"rendered":"https:\/\/wptpower.com\/?post_type=product&#038;p=4458"},"modified":"2024-03-12T15:33:46","modified_gmt":"2024-03-12T20:33:46","slug":"freno-de-baja-inercia-de-aplicacion-por-resorte","status":"publish","type":"product","link":"https:\/\/wptpower.com\/es\/producto\/freno-de-baja-inercia-de-aplicacion-por-resorte\/","title":{"rendered":"Freno de Baja Inercia de Aplicaci\u00f3n por Resorte"},"content":{"rendered":"","protected":false},"excerpt":{"rendered":"<p class=\"p1\">El Freno de Baja Inercia de Aplicaci\u00f3n por Resorte (LISS) est\u00e1 disponible con liberaci\u00f3n neum\u00e1tica o hidr\u00e1ulica, que resulta id\u00f3neo para uso de seguridad o paradas de emergencia. El LISS tambi\u00e9n puede utilizarse como freno de estacionamiento, ya que no se requiere presi\u00f3n para accionar el freno. El freno puede proporcionar una gama de torques que se adaptan a muchas aplicaciones, gracias a presiones de liberaci\u00f3n por resortes ajustables.<span class=\"Apple-converted-space\">\u00a0<\/span><\/p>","protected":false},"featured_media":406134,"template":"","meta":{"jetpack_post_was_ever_published":false},"product_brand":[],"product_cat":[79],"product_tag":[330,360,371,373,334,332,363,372,370,333,331,354],"class_list":{"0":"post-4458","1":"product","2":"type-product","3":"status-publish","4":"has-post-thumbnail","6":"product_cat-industrial-brakes","7":"product_tag-coiler","8":"product_tag-conveyors","9":"product_tag-drilling-rigs","10":"product_tag-elevators","11":"product_tag-fourdrinier","12":"product_tag-press","13":"product_tag-propulsion","14":"product_tag-service-rigs","15":"product_tag-shaft-brake","16":"product_tag-shear","17":"product_tag-slitter","18":"product_tag-yarder","20":"first","21":"instock","22":"shipping-taxable","23":"product-type-simple"},"jetpack_sharing_enabled":false,"_links":{"self":[{"href":"https:\/\/wptpower.com\/es\/wp-json\/wp\/v2\/product\/4458","targetHints":{"allow":["GET"]}}],"collection":[{"href":"https:\/\/wptpower.com\/es\/wp-json\/wp\/v2\/product"}],"about":[{"href":"https:\/\/wptpower.com\/es\/wp-json\/wp\/v2\/types\/product"}],"version-history":[{"count":0,"href":"https:\/\/wptpower.com\/es\/wp-json\/wp\/v2\/product\/4458\/revisions"}],"wp:featuredmedia":[{"embeddable":true,"href":"https:\/\/wptpower.com\/es\/wp-json\/wp\/v2\/media\/406134"}],"wp:attachment":[{"href":"https:\/\/wptpower.com\/es\/wp-json\/wp\/v2\/media?parent=4458"}],"wp:term":[{"taxonomy":"product_brand","embeddable":true,"href":"https:\/\/wptpower.com\/es\/wp-json\/wp\/v2\/product_brand?post=4458"},{"taxonomy":"product_cat","embeddable":true,"href":"https:\/\/wptpower.com\/es\/wp-json\/wp\/v2\/product_cat?post=4458"},{"taxonomy":"product_tag","embeddable":true,"href":"https:\/\/wptpower.com\/es\/wp-json\/wp\/v2\/product_tag?post=4458"}],"curies":[{"name":"wp","href":"https:\/\/api.w.org\/{rel}","templated":true}]}}