{"id":4460,"date":"2017-10-06T02:15:45","date_gmt":"2017-10-06T02:15:45","guid":{"rendered":"https:\/\/wptpower.com\/?post_type=product&#038;p=4460"},"modified":"2024-03-08T16:00:41","modified_gmt":"2024-03-08T22:00:41","slug":"freno-de-aplicacion-por-resorte-con-pin-exterior","status":"publish","type":"product","link":"https:\/\/wptpower.com\/es\/producto\/freno-de-aplicacion-por-resorte-con-pin-exterior\/","title":{"rendered":"Freno de Aplicaci\u00f3n por Resorte con Pin Exterior"},"content":{"rendered":"","protected":false},"excerpt":{"rendered":"<p class=\"p1\">El Freno de Aplicaci\u00f3n por Resorte con Pin Exterior es un freno de baja inercia muy adecuado para aplicaciones de alta energ\u00eda. La disposici\u00f3n radial de los pins tiene m\u00faltiples configuraciones de discos, mientras que permite un funcionamiento r\u00e1pido y suave. Este dise\u00f1o como freno de emergencia proporciona opciones de parada y estacionamiento de alto torque.<span class=\"Apple-converted-space\">\u00a0<\/span><\/p>","protected":false},"featured_media":406133,"template":"","meta":[],"product_brand":[],"product_cat":[79],"product_tag":[371,372,374],"class_list":{"0":"post-4460","1":"product","2":"type-product","3":"status-publish","4":"has-post-thumbnail","6":"product_cat-industrial-brakes","7":"product_tag-drilling-rigs","8":"product_tag-service-rigs","9":"product_tag-workover-rigs","11":"first","12":"instock","13":"shipping-taxable","14":"product-type-simple"},"jetpack_sharing_enabled":false,"_links":{"self":[{"href":"https:\/\/wptpower.com\/es\/wp-json\/wp\/v2\/product\/4460","targetHints":{"allow":["GET"]}}],"collection":[{"href":"https:\/\/wptpower.com\/es\/wp-json\/wp\/v2\/product"}],"about":[{"href":"https:\/\/wptpower.com\/es\/wp-json\/wp\/v2\/types\/product"}],"version-history":[{"count":0,"href":"https:\/\/wptpower.com\/es\/wp-json\/wp\/v2\/product\/4460\/revisions"}],"wp:featuredmedia":[{"embeddable":true,"href":"https:\/\/wptpower.com\/es\/wp-json\/wp\/v2\/media\/406133"}],"wp:attachment":[{"href":"https:\/\/wptpower.com\/es\/wp-json\/wp\/v2\/media?parent=4460"}],"wp:term":[{"taxonomy":"product_brand","embeddable":true,"href":"https:\/\/wptpower.com\/es\/wp-json\/wp\/v2\/product_brand?post=4460"},{"taxonomy":"product_cat","embeddable":true,"href":"https:\/\/wptpower.com\/es\/wp-json\/wp\/v2\/product_cat?post=4460"},{"taxonomy":"product_tag","embeddable":true,"href":"https:\/\/wptpower.com\/es\/wp-json\/wp\/v2\/product_tag?post=4460"}],"curies":[{"name":"wp","href":"https:\/\/api.w.org\/{rel}","templated":true}]}}