{"id":4463,"date":"2017-10-06T03:00:53","date_gmt":"2017-10-06T03:00:53","guid":{"rendered":"https:\/\/wptpower.com\/?post_type=product&#038;p=4463"},"modified":"2024-10-23T14:35:18","modified_gmt":"2024-10-23T19:35:18","slug":"embragues-power-grip","status":"publish","type":"product","link":"https:\/\/wptpower.com\/es\/producto\/embragues-power-grip\/","title":{"rendered":"Embrague Power Grip"},"content":{"rendered":"","protected":false},"excerpt":{"rendered":"<p class=\"p1\">El embrague Power Grip est\u00e1 dise\u00f1ado para aplicaciones de transmisi\u00f3n de potencia en l\u00ednea y de eje a eje con grandes cargas de inercia. Los dise\u00f1os de actuador m\u00faltiple permiten un acoplamiento y desacoplamiento controlado y sin da\u00f1os. <a href=\"https:\/\/wptpower.com\/es\/2018\/08\/02\/las-aplicaciones-de-una-empunadura-electrica\/\">Embragues Power Grip<\/a> permiten una respuesta r\u00e1pida, ocupan poco espacio y requieren un mantenimiento m\u00ednimo.<span class=\"Apple-converted-space\">\u00a0<\/span><\/p>","protected":false},"featured_media":406131,"template":"","meta":[],"product_brand":[],"product_cat":[80],"product_tag":[361,330,377,348,358,343,334,362,332,363,359,333,331,346,378,364,354],"class_list":{"0":"post-4463","1":"product","2":"type-product","3":"status-publish","4":"has-post-thumbnail","6":"product_cat-industrial-clutches","7":"product_tag-brick-production","8":"product_tag-coiler","9":"product_tag-conveyor","10":"product_tag-dredge","11":"product_tag-drilling-rig","12":"product_tag-fire-fighting-pumps","13":"product_tag-fourdrinier","14":"product_tag-mobile-chipper","15":"product_tag-press","16":"product_tag-propulsion","17":"product_tag-service-rig","18":"product_tag-shear","19":"product_tag-slitter","20":"product_tag-snow-blower","21":"product_tag-tire-production","22":"product_tag-winch","23":"product_tag-yarder","25":"first","26":"instock","27":"shipping-taxable","28":"product-type-simple"},"jetpack_sharing_enabled":false,"_links":{"self":[{"href":"https:\/\/wptpower.com\/es\/wp-json\/wp\/v2\/product\/4463","targetHints":{"allow":["GET"]}}],"collection":[{"href":"https:\/\/wptpower.com\/es\/wp-json\/wp\/v2\/product"}],"about":[{"href":"https:\/\/wptpower.com\/es\/wp-json\/wp\/v2\/types\/product"}],"version-history":[{"count":0,"href":"https:\/\/wptpower.com\/es\/wp-json\/wp\/v2\/product\/4463\/revisions"}],"wp:featuredmedia":[{"embeddable":true,"href":"https:\/\/wptpower.com\/es\/wp-json\/wp\/v2\/media\/406131"}],"wp:attachment":[{"href":"https:\/\/wptpower.com\/es\/wp-json\/wp\/v2\/media?parent=4463"}],"wp:term":[{"taxonomy":"product_brand","embeddable":true,"href":"https:\/\/wptpower.com\/es\/wp-json\/wp\/v2\/product_brand?post=4463"},{"taxonomy":"product_cat","embeddable":true,"href":"https:\/\/wptpower.com\/es\/wp-json\/wp\/v2\/product_cat?post=4463"},{"taxonomy":"product_tag","embeddable":true,"href":"https:\/\/wptpower.com\/es\/wp-json\/wp\/v2\/product_tag?post=4463"}],"curies":[{"name":"wp","href":"https:\/\/api.w.org\/{rel}","templated":true}]}}