{"id":4465,"date":"2017-10-06T03:05:10","date_gmt":"2017-10-06T03:05:10","guid":{"rendered":"https:\/\/wptpower.com\/?post_type=product&#038;p=4465"},"modified":"2024-03-12T14:31:28","modified_gmt":"2024-03-12T19:31:28","slug":"embrague-de-alta-velocidad","status":"publish","type":"product","link":"https:\/\/wptpower.com\/es\/producto\/embrague-de-alta-velocidad\/","title":{"rendered":"Embrague de Alta Velocidad Power Grip"},"content":{"rendered":"","protected":false},"excerpt":{"rendered":"<p class=\"translation-block\">Los Embragues de Alta Velocidad Power Grip de WPT Power est\u00e1n dise\u00f1ados para soportar aplicaciones severas montados en motores de combusti\u00f3n interna. Los drive rings se adaptan a los volantes de motores industriales SAE est\u00e1ndar. Los discos de fricci\u00f3n dentadas de engranaje de alta resistencia del <a href=\"https:\/\/wptpower.com\/es\/2018\/08\/02\/las-aplicaciones-de-un-power-grip\/\" target=\"_self\">Embrague Power Grip<\/a> est\u00e1n dise\u00f1adas para soportar fuertes golpes de cargas y vibraciones torsionales.<\/p>","protected":false},"featured_media":406129,"template":"","meta":{"jetpack_post_was_ever_published":false},"product_brand":[],"product_cat":[80],"product_tag":[348,343,351,362,344,367,363,349,352],"class_list":{"0":"post-4465","1":"product","2":"type-product","3":"status-publish","4":"has-post-thumbnail","6":"product_cat-industrial-clutches","7":"product_tag-dredge","8":"product_tag-fire-fighting-pumps","9":"product_tag-milling","10":"product_tag-mobile-chipper","11":"product_tag-mud-pumps","12":"product_tag-planers","13":"product_tag-propulsion","14":"product_tag-snow-blowers","15":"product_tag-stabilizer","17":"first","18":"instock","19":"shipping-taxable","20":"product-type-simple"},"jetpack_sharing_enabled":false,"_links":{"self":[{"href":"https:\/\/wptpower.com\/es\/wp-json\/wp\/v2\/product\/4465","targetHints":{"allow":["GET"]}}],"collection":[{"href":"https:\/\/wptpower.com\/es\/wp-json\/wp\/v2\/product"}],"about":[{"href":"https:\/\/wptpower.com\/es\/wp-json\/wp\/v2\/types\/product"}],"version-history":[{"count":0,"href":"https:\/\/wptpower.com\/es\/wp-json\/wp\/v2\/product\/4465\/revisions"}],"wp:featuredmedia":[{"embeddable":true,"href":"https:\/\/wptpower.com\/es\/wp-json\/wp\/v2\/media\/406129"}],"wp:attachment":[{"href":"https:\/\/wptpower.com\/es\/wp-json\/wp\/v2\/media?parent=4465"}],"wp:term":[{"taxonomy":"product_brand","embeddable":true,"href":"https:\/\/wptpower.com\/es\/wp-json\/wp\/v2\/product_brand?post=4465"},{"taxonomy":"product_cat","embeddable":true,"href":"https:\/\/wptpower.com\/es\/wp-json\/wp\/v2\/product_cat?post=4465"},{"taxonomy":"product_tag","embeddable":true,"href":"https:\/\/wptpower.com\/es\/wp-json\/wp\/v2\/product_tag?post=4465"}],"curies":[{"name":"wp","href":"https:\/\/api.w.org\/{rel}","templated":true}]}}