{"id":4469,"date":"2017-10-06T02:25:00","date_gmt":"2017-10-06T02:25:00","guid":{"rendered":"https:\/\/wptpower.com\/?post_type=product&#038;p=4469"},"modified":"2025-05-22T10:58:24","modified_gmt":"2025-05-22T15:58:24","slug":"frenos-mineros","status":"publish","type":"product","link":"https:\/\/wptpower.com\/es\/producto\/frenos-mineros\/","title":{"rendered":"Freno para Miner\u00eda"},"content":{"rendered":"","protected":false},"excerpt":{"rendered":"<p class=\"p1 translation-block\">El Freno para Miner\u00eda es un dise\u00f1o de aplicaci\u00f3n por resorte y liberaci\u00f3n neum\u00e1tico espec\u00edfico para los trabajos pesados de <a href=\"https:\/\/wptpower.com\/es\/mercados\/mineria\/\" target=\"_self\">maquinaria de movimiento de tierra<\/a>, como palas de cable y dragas. Estas unidades de freno son de funcionamiento neum\u00e1tico, tienen diversas capacidades de torque, ajustes de presi\u00f3n y pueden disipar grandes cargas t\u00e9rmicas. Disponible en m\u00faltiples opciones de cubo (hub) para diferentes aplicaciones.<span class=\"Apple-converted-space\">\u00a0<\/span><\/p>","protected":false},"featured_media":405483,"template":"","meta":[],"product_brand":[],"product_cat":[79],"product_tag":[298,376],"class_list":{"0":"post-4469","1":"product","2":"type-product","3":"status-publish","4":"has-post-thumbnail","6":"product_cat-industrial-brakes","7":"product_tag-draglines","8":"product_tag-shovels","10":"first","11":"instock","12":"shipping-taxable","13":"product-type-simple"},"jetpack_sharing_enabled":false,"_links":{"self":[{"href":"https:\/\/wptpower.com\/es\/wp-json\/wp\/v2\/product\/4469","targetHints":{"allow":["GET"]}}],"collection":[{"href":"https:\/\/wptpower.com\/es\/wp-json\/wp\/v2\/product"}],"about":[{"href":"https:\/\/wptpower.com\/es\/wp-json\/wp\/v2\/types\/product"}],"version-history":[{"count":0,"href":"https:\/\/wptpower.com\/es\/wp-json\/wp\/v2\/product\/4469\/revisions"}],"wp:featuredmedia":[{"embeddable":true,"href":"https:\/\/wptpower.com\/es\/wp-json\/wp\/v2\/media\/405483"}],"wp:attachment":[{"href":"https:\/\/wptpower.com\/es\/wp-json\/wp\/v2\/media?parent=4469"}],"wp:term":[{"taxonomy":"product_brand","embeddable":true,"href":"https:\/\/wptpower.com\/es\/wp-json\/wp\/v2\/product_brand?post=4469"},{"taxonomy":"product_cat","embeddable":true,"href":"https:\/\/wptpower.com\/es\/wp-json\/wp\/v2\/product_cat?post=4469"},{"taxonomy":"product_tag","embeddable":true,"href":"https:\/\/wptpower.com\/es\/wp-json\/wp\/v2\/product_tag?post=4469"}],"curies":[{"name":"wp","href":"https:\/\/api.w.org\/{rel}","templated":true}]}}