{"id":4471,"date":"2017-10-06T02:00:48","date_gmt":"2017-10-06T02:00:48","guid":{"rendered":"https:\/\/wptpower.com\/?post_type=product&#038;p=4471"},"modified":"2024-03-13T13:24:44","modified_gmt":"2024-03-13T18:24:44","slug":"freno-refrigerado-por-agua","status":"publish","type":"product","link":"https:\/\/wptpower.com\/es\/producto\/freno-refrigerado-por-agua\/","title":{"rendered":"Freno Refrigerado por Agua"},"content":{"rendered":"","protected":false},"excerpt":{"rendered":"<p class=\"p1\">El Freno Refrigerado por Agua (WCB) es una soluci\u00f3n para la absorci\u00f3n de alta energ\u00eda generada en el proceso de tensado din\u00e1mico. El dise\u00f1o de los conductos de agua internos y las placas de desgaste de aleaci\u00f3n de cobre permiten una excelente disipaci\u00f3n del calor. El WCB es muy adecuado para aplicaciones en las que se necesita un deslizamiento continuo de alta resistencia, como por ejemplo <a href=\"https:\/\/wptpower.com\/es\/2020\/06\/16\/3-aplicaciones-principales-de-los-frenos-refrigerados-por-agua\/\">drawworks<\/a>, <a href=\"https:\/\/wptpower.com\/es\/sectores-del-mercado\/marina\/\">winches de amarre (mooring)<\/a>, <a href=\"https:\/\/wptpower.com\/es\/sectores-del-mercado\/dinamometro\/\">dinam\u00f3metros<\/a>, <a href=\"https:\/\/wptpower.com\/es\/sectores-del-mercado\/embragues-y-frenos-para-la-transformacion-del-papel\/\">m\u00e1quinas papeleras<\/a>, desbobinadores (uncoilers) y <a href=\"https:\/\/wptpower.com\/es\/2020\/07\/27\/la-maquina-forestal-de-gran-potencia-necesita-embragues-y-frenos-de-gran-potencia\/\">gr\u00faas (yarders)<\/a>.<span class=\"Apple-converted-space\">\u00a0<\/span><\/p>","protected":false},"featured_media":405482,"template":"","meta":[],"product_brand":[],"product_cat":[79],"product_tag":[330,358,369,368,359,331,364,354],"class_list":{"0":"post-4471","1":"product","2":"type-product","3":"status-publish","4":"has-post-thumbnail","6":"product_cat-industrial-brakes","7":"product_tag-coiler","8":"product_tag-drilling-rig","9":"product_tag-dynamometer","10":"product_tag-hauler","11":"product_tag-service-rig","12":"product_tag-slitter","13":"product_tag-winch","14":"product_tag-yarder","16":"first","17":"instock","18":"shipping-taxable","19":"product-type-simple"},"jetpack_sharing_enabled":false,"_links":{"self":[{"href":"https:\/\/wptpower.com\/es\/wp-json\/wp\/v2\/product\/4471","targetHints":{"allow":["GET"]}}],"collection":[{"href":"https:\/\/wptpower.com\/es\/wp-json\/wp\/v2\/product"}],"about":[{"href":"https:\/\/wptpower.com\/es\/wp-json\/wp\/v2\/types\/product"}],"version-history":[{"count":0,"href":"https:\/\/wptpower.com\/es\/wp-json\/wp\/v2\/product\/4471\/revisions"}],"wp:featuredmedia":[{"embeddable":true,"href":"https:\/\/wptpower.com\/es\/wp-json\/wp\/v2\/media\/405482"}],"wp:attachment":[{"href":"https:\/\/wptpower.com\/es\/wp-json\/wp\/v2\/media?parent=4471"}],"wp:term":[{"taxonomy":"product_brand","embeddable":true,"href":"https:\/\/wptpower.com\/es\/wp-json\/wp\/v2\/product_brand?post=4471"},{"taxonomy":"product_cat","embeddable":true,"href":"https:\/\/wptpower.com\/es\/wp-json\/wp\/v2\/product_cat?post=4471"},{"taxonomy":"product_tag","embeddable":true,"href":"https:\/\/wptpower.com\/es\/wp-json\/wp\/v2\/product_tag?post=4471"}],"curies":[{"name":"wp","href":"https:\/\/api.w.org\/{rel}","templated":true}]}}