{"id":4496,"date":"2017-11-28T15:47:21","date_gmt":"2017-11-28T15:47:21","guid":{"rendered":"https:\/\/wptpower.com\/?post_type=product&#038;p=4496"},"modified":"2024-10-23T14:23:05","modified_gmt":"2024-10-23T19:23:05","slug":"toma-de-fuerza-sobre-eje-pilotless","status":"publish","type":"product","link":"https:\/\/wptpower.com\/es\/producto\/toma-de-fuerza-sobre-eje-pilotless\/","title":{"rendered":"Toma de Fuerza Sobre Eje Pilotless\u00ae"},"content":{"rendered":"","protected":false},"excerpt":{"rendered":"<p class=\"p1 translation-block\">La Toma de Fuerza Sobre Eje Pilotless<span class=\"s1\">\u00ae <\/span>(OTS) est\u00e1 dise\u00f1ada para satisfacer las aplicaciones de motores di\u00e9sel m\u00e1s exigentes. Este dise\u00f1o elimina el cojinete piloto y a la vez que aumenta la capacidad de carga lateral. La PTO OTS dispone de accionamiento radial neum\u00e1tico o hidr\u00e1ulico para aplicaciones en l\u00ednea o de carga lateral. <span class=\"Apple-converted-space\">\u00a0<\/span><\/p>","protected":false},"featured_media":406104,"template":"","meta":[],"product_brand":[],"product_cat":[50],"product_tag":[342,341,343,340,337,344,338,347,345,346],"class_list":{"0":"post-4496","1":"product","2":"type-product","3":"status-publish","4":"has-post-thumbnail","6":"product_cat-engine-driven","7":"product_tag-barge-pumps","8":"product_tag-dredges","9":"product_tag-fire-fighting-pumps","10":"product_tag-hay-grinders","11":"product_tag-mobile-chippers","12":"product_tag-mud-pumps","13":"product_tag-pump-jacks","14":"product_tag-road-building","15":"product_tag-rock-crushers","16":"product_tag-snow-blower","18":"first","19":"instock","20":"shipping-taxable","21":"product-type-simple"},"jetpack_sharing_enabled":false,"_links":{"self":[{"href":"https:\/\/wptpower.com\/es\/wp-json\/wp\/v2\/product\/4496","targetHints":{"allow":["GET"]}}],"collection":[{"href":"https:\/\/wptpower.com\/es\/wp-json\/wp\/v2\/product"}],"about":[{"href":"https:\/\/wptpower.com\/es\/wp-json\/wp\/v2\/types\/product"}],"version-history":[{"count":0,"href":"https:\/\/wptpower.com\/es\/wp-json\/wp\/v2\/product\/4496\/revisions"}],"wp:featuredmedia":[{"embeddable":true,"href":"https:\/\/wptpower.com\/es\/wp-json\/wp\/v2\/media\/406104"}],"wp:attachment":[{"href":"https:\/\/wptpower.com\/es\/wp-json\/wp\/v2\/media?parent=4496"}],"wp:term":[{"taxonomy":"product_brand","embeddable":true,"href":"https:\/\/wptpower.com\/es\/wp-json\/wp\/v2\/product_brand?post=4496"},{"taxonomy":"product_cat","embeddable":true,"href":"https:\/\/wptpower.com\/es\/wp-json\/wp\/v2\/product_cat?post=4496"},{"taxonomy":"product_tag","embeddable":true,"href":"https:\/\/wptpower.com\/es\/wp-json\/wp\/v2\/product_tag?post=4496"}],"curies":[{"name":"wp","href":"https:\/\/api.w.org\/{rel}","templated":true}]}}