{"id":4541,"date":"2017-11-30T19:55:07","date_gmt":"2017-11-30T19:55:07","guid":{"rendered":"https:\/\/wptpower.com\/?post_type=product&#038;p=4541"},"modified":"2024-10-23T14:17:47","modified_gmt":"2024-10-23T19:17:47","slug":"toma-de-fuerza-de-automocion","status":"publish","type":"product","link":"https:\/\/wptpower.com\/es\/producto\/toma-de-fuerza-de-automocion\/","title":{"rendered":"Toma de Fuerza Automotriz"},"content":{"rendered":"","protected":false},"excerpt":{"rendered":"<p class=\"p1\">La Toma de Fuerza Automotriz (PTO) est\u00e1 repleta de funciones. Esta toma de fuerza est\u00e1 dise\u00f1ada para volantes planos en aplicaciones marinas, industriales, de construcci\u00f3n, astilladoras y de riego. El mecanismo se encuentra en el interior de la carcasa para evitar que los residuos y los roedores interfieran en el funcionamiento.<span class=\"Apple-converted-space\">\u00a0<\/span><\/p>","protected":false},"featured_media":406099,"template":"","meta":{"jetpack_post_was_ever_published":false},"product_brand":[],"product_cat":[50],"product_tag":[339,337,338],"class_list":{"0":"post-4541","1":"product","2":"type-product","3":"status-publish","4":"has-post-thumbnail","6":"product_cat-engine-driven","7":"product_tag-irrigation","8":"product_tag-mobile-chippers","9":"product_tag-pump-jacks","11":"first","12":"instock","13":"shipping-taxable","14":"product-type-simple"},"jetpack_sharing_enabled":false,"_links":{"self":[{"href":"https:\/\/wptpower.com\/es\/wp-json\/wp\/v2\/product\/4541","targetHints":{"allow":["GET"]}}],"collection":[{"href":"https:\/\/wptpower.com\/es\/wp-json\/wp\/v2\/product"}],"about":[{"href":"https:\/\/wptpower.com\/es\/wp-json\/wp\/v2\/types\/product"}],"version-history":[{"count":0,"href":"https:\/\/wptpower.com\/es\/wp-json\/wp\/v2\/product\/4541\/revisions"}],"wp:featuredmedia":[{"embeddable":true,"href":"https:\/\/wptpower.com\/es\/wp-json\/wp\/v2\/media\/406099"}],"wp:attachment":[{"href":"https:\/\/wptpower.com\/es\/wp-json\/wp\/v2\/media?parent=4541"}],"wp:term":[{"taxonomy":"product_brand","embeddable":true,"href":"https:\/\/wptpower.com\/es\/wp-json\/wp\/v2\/product_brand?post=4541"},{"taxonomy":"product_cat","embeddable":true,"href":"https:\/\/wptpower.com\/es\/wp-json\/wp\/v2\/product_cat?post=4541"},{"taxonomy":"product_tag","embeddable":true,"href":"https:\/\/wptpower.com\/es\/wp-json\/wp\/v2\/product_tag?post=4541"}],"curies":[{"name":"wp","href":"https:\/\/api.w.org\/{rel}","templated":true}]}}